{"id":379,"date":"2025-01-25T21:22:24","date_gmt":"2025-01-25T21:22:24","guid":{"rendered":"https:\/\/elmasspirit.ma\/?page_id=379"},"modified":"2025-09-14T23:30:07","modified_gmt":"2025-09-14T23:30:07","slug":"a-propos","status":"publish","type":"page","link":"https:\/\/enastyle.ma\/?page_id=379","title":{"rendered":"\u00c0 propos"},"content":{"rendered":"\t\t<div data-elementor-type=\"wp-page\" data-elementor-id=\"379\" class=\"elementor elementor-379\">\n\t\t\t\t<div class=\"elementor-element elementor-element-094d1fa e-flex e-con-boxed e-con e-parent\" data-id=\"094d1fa\" data-element_type=\"container\" data-e-type=\"container\" data-settings=\"{&quot;background_background&quot;:&quot;classic&quot;,&quot;shape_divider_bottom&quot;:&quot;arrow&quot;}\">\n\t\t\t\t\t<div class=\"e-con-inner\">\n\t\t\t\t<div class=\"elementor-shape elementor-shape-bottom\" aria-hidden=\"true\" data-negative=\"false\">\n\t\t\t<svg xmlns=\"http:\/\/www.w3.org\/2000\/svg\" viewBox=\"0 0 700 10\" preserveAspectRatio=\"none\">\n\t<path class=\"elementor-shape-fill\" d=\"M350,10L340,0h20L350,10z\"\/>\n<\/svg>\t\t<\/div>\n\t\t\t\t<div class=\"elementor-element elementor-element-8740fcc elementor-widget elementor-widget-spacer\" data-id=\"8740fcc\" data-element_type=\"widget\" data-e-type=\"widget\" data-widget_type=\"spacer.default\">\n\t\t\t\t<div class=\"elementor-widget-container\">\n\t\t\t\t\t\t\t<div class=\"elementor-spacer\">\n\t\t\t<div class=\"elementor-spacer-inner\"><\/div>\n\t\t<\/div>\n\t\t\t\t\t\t<\/div>\n\t\t\t\t<\/div>\n\t\t\t\t<div class=\"elementor-element elementor-element-ac54c21 elementor-widget elementor-widget-heading\" data-id=\"ac54c21\" data-element_type=\"widget\" data-e-type=\"widget\" data-widget_type=\"heading.default\">\n\t\t\t\t<div class=\"elementor-widget-container\">\n\t\t\t\t\t<h2 class=\"elementor-heading-title elementor-size-default\">\u00c0 propos de ElmasSpirit<\/h2>\t\t\t\t<\/div>\n\t\t\t\t<\/div>\n\t\t\t\t\t<\/div>\n\t\t\t\t<\/div>\n\t\t<div class=\"elementor-element elementor-element-96cc4c9 e-flex e-con-boxed e-con e-parent\" data-id=\"96cc4c9\" data-element_type=\"container\" data-e-type=\"container\">\n\t\t\t\t\t<div class=\"e-con-inner\">\n\t\t<div class=\"elementor-element elementor-element-1a5f571 e-con-full e-flex e-con e-child\" data-id=\"1a5f571\" data-element_type=\"container\" data-e-type=\"container\">\n\t\t\t\t<div class=\"elementor-element elementor-element-f98cb7c elementor-widget elementor-widget-text-editor\" data-id=\"f98cb7c\" data-element_type=\"widget\" data-e-type=\"widget\" data-widget_type=\"text-editor.default\">\n\t\t\t\t<div class=\"elementor-widget-container\">\n\t\t\t\t\t\t\t\t\t<h3 data-start=\"149\" data-end=\"178\"><span style=\"color: #000000;\"><strong>Bienvenue chez ElmasSpirit<\/strong><\/span><\/h3><p data-start=\"180\" data-end=\"386\">Chez <strong data-start=\"185\" data-end=\"200\">ElmasSpirit<\/strong>, nous croyons que chaque bijou porte en lui une histoire unique.<br data-start=\"265\" data-end=\"268\" \/>Notre mission ? Cr\u00e9er des pi\u00e8ces \u00e9l\u00e9gantes et intemporelles, qui subliment la beaut\u00e9 et la personnalit\u00e9 de chacun.<\/p><hr \/><h5>\u00a0<\/h5><h3><strong>Notre expertise<\/strong><\/h3><p data-start=\"409\" data-end=\"654\">Sp\u00e9cialis\u00e9s dans les bijoux en acier inoxydable, nous allions design raffin\u00e9, qualit\u00e9 durable et finitions haut de gamme.<br data-start=\"546\" data-end=\"549\" \/>L\u2019acier inoxydable est notre alli\u00e9 : il r\u00e9siste \u00e0 l\u2019eau, au temps et conserve son \u00e9clat, jour apr\u00e8s jour.<\/p><hr data-start=\"656\" data-end=\"659\" \/><h4 data-start=\"661\" data-end=\"695\">\u00a0<\/h4><h3 data-start=\"661\" data-end=\"695\"><strong>Pourquoi choisir ElmasSpirit ?<\/strong><\/h3><ul><li><span style=\"color: #74673d;\"><em><span style=\"text-decoration: underline;\">Design intemporel<\/span><\/em><\/span> \u2014 Des pi\u00e8ces pens\u00e9es pour toutes les occasions, du quotidien aux moments d\u2019exception.<\/li><li><span style=\"color: #74673d;\"><em><span style=\"text-decoration: underline;\">Qualit\u00e9 exceptionnelle <\/span><\/em><\/span>\u2014 Bijoux hypoallerg\u00e9niques, r\u00e9sistants \u00e0 l\u2019eau et \u00e0 la d\u00e9coloration.<\/li><li><span style=\"text-decoration: underline; color: #74673d;\">Luxe accessible<\/span> \u2014 Se faire plaisir sans compromis<\/li><li><span style=\"text-decoration: underline; color: #74673d;\"><em>Simplicit\u00e9 &amp; confiance<\/em><\/span> \u2014 Paiement \u00e0 la livraison, en toute s\u00e9curit\u00e9.\u00a0<\/li><\/ul><p>\u00a0 * Livraison partout au Maroc : seulement 25 DH | Offerte d\u00e8s 350 DH<\/p><hr data-start=\"1047\" data-end=\"1050\" \/><h5 data-start=\"1052\" data-end=\"1068\">\u00a0<\/h5><h3 data-start=\"1052\" data-end=\"1068\"><strong>Notre vision<\/strong><\/h3><p data-start=\"1070\" data-end=\"1303\">Cr\u00e9er une communaut\u00e9 confiante et rayonnante, o\u00f9 chacun(e) trouve en nos cr\u00e9ations un reflet de sa propre \u00e9l\u00e9gance.<br data-start=\"1189\" data-end=\"1192\" \/>Nous croyons que les bijoux sont un langage silencieux, une fa\u00e7on de s\u2019exprimer avec style et authenticit\u00e9.<\/p><hr data-start=\"1305\" data-end=\"1308\" \/><h5 data-start=\"1310\" data-end=\"1328\">\u00a0<\/h5><h3 data-start=\"1310\" data-end=\"1328\"><strong>Notre histoire<\/strong><\/h3><p data-start=\"1330\" data-end=\"1548\">ElmasSpirit est n\u00e9 d\u2019une passion pour la beaut\u00e9 simple mais marquante.<br data-start=\"1404\" data-end=\"1407\" \/>Chaque pi\u00e8ce est s\u00e9lectionn\u00e9e avec soin pour accompagner les femmes modernes dans tous les moments de leur vie \u2014 avec distinction et douceur.<\/p><hr data-start=\"1550\" data-end=\"1553\" \/><h5>\u00a0<\/h5><h4><strong>Merci de votre confiance<\/strong><\/h4><p data-start=\"1585\" data-end=\"1768\">Nous sommes fiers de faire partie de vos instants pr\u00e9cieux.<br data-start=\"1644\" data-end=\"1647\" \/>Chez ElmasSpirit, chaque client(e) est une inspiration, et notre engagement est de vous offrir bien plus qu\u2019un bijou.<\/p>\t\t\t\t\t\t\t\t<\/div>\n\t\t\t\t<\/div>\n\t\t\t\t<\/div>\n\t\t\t\t\t<\/div>\n\t\t\t\t<\/div>\n\t\t<div class=\"elementor-element elementor-element-d3795c2 e-flex e-con-boxed e-con e-parent\" data-id=\"d3795c2\" data-element_type=\"container\" data-e-type=\"container\">\n\t\t\t\t\t<div class=\"e-con-inner\">\n\t\t\t\t<div class=\"elementor-element elementor-element-522eeaf elementor-arrows-position-inside elementor-widget elementor-widget-image-carousel\" data-id=\"522eeaf\" data-element_type=\"widget\" data-e-type=\"widget\" data-settings=\"{&quot;navigation&quot;:&quot;arrows&quot;,&quot;autoplay&quot;:&quot;yes&quot;,&quot;pause_on_hover&quot;:&quot;yes&quot;,&quot;pause_on_interaction&quot;:&quot;yes&quot;,&quot;autoplay_speed&quot;:5000,&quot;infinite&quot;:&quot;yes&quot;,&quot;speed&quot;:500}\" data-widget_type=\"image-carousel.default\">\n\t\t\t\t<div class=\"elementor-widget-container\">\n\t\t\t\t\t\t\t<div class=\"elementor-image-carousel-wrapper swiper\" role=\"region\" aria-roledescription=\"carousel\" aria-label=\"Carrousel d\u2019images\" dir=\"ltr\">\n\t\t\t<div class=\"elementor-image-carousel swiper-wrapper\" aria-live=\"off\">\n\t\t\t\t\t\t\t\t<div class=\"swiper-slide\" role=\"group\" aria-roledescription=\"slide\" aria-label=\"1 sur 5\"><figure class=\"swiper-slide-inner\"><img decoding=\"async\" class=\"swiper-slide-image\" src=\"https:\/\/enastyle.ma\/wp-content\/uploads\/2025\/01\/WhatsApp-Image-2025-01-25-at-22.52.55_d545943c-768x520.jpg\" alt=\"WhatsApp Image 2025-01-25 at 22.52.55_d545943c\" loading=\"lazy\" \/><\/figure><\/div><div class=\"swiper-slide\" role=\"group\" aria-roledescription=\"slide\" aria-label=\"2 sur 5\"><figure class=\"swiper-slide-inner\"><img decoding=\"async\" class=\"swiper-slide-image\" src=\"https:\/\/enastyle.ma\/wp-content\/uploads\/2025\/01\/4-768x520.png\" alt=\"4\" loading=\"lazy\" \/><\/figure><\/div><div class=\"swiper-slide\" role=\"group\" aria-roledescription=\"slide\" aria-label=\"3 sur 5\"><figure class=\"swiper-slide-inner\"><img decoding=\"async\" class=\"swiper-slide-image\" src=\"https:\/\/enastyle.ma\/wp-content\/uploads\/2025\/01\/3-768x520.png\" alt=\"3\" loading=\"lazy\" \/><\/figure><\/div><div class=\"swiper-slide\" role=\"group\" aria-roledescription=\"slide\" aria-label=\"4 sur 5\"><figure class=\"swiper-slide-inner\"><img decoding=\"async\" class=\"swiper-slide-image\" src=\"https:\/\/enastyle.ma\/wp-content\/uploads\/2025\/01\/5-768x520.png\" alt=\"5\" loading=\"lazy\" \/><\/figure><\/div><div class=\"swiper-slide\" role=\"group\" aria-roledescription=\"slide\" aria-label=\"5 sur 5\"><figure class=\"swiper-slide-inner\"><img decoding=\"async\" class=\"swiper-slide-image\" src=\"https:\/\/enastyle.ma\/wp-content\/uploads\/2025\/01\/2-768x520.png\" alt=\"2\" loading=\"lazy\" \/><\/figure><\/div>\t\t\t<\/div>\n\t\t\t\t\t\t\t\t\t\t\t\t<div class=\"elementor-swiper-button elementor-swiper-button-prev\" role=\"button\" tabindex=\"0\">\n\t\t\t\t\t\t<svg aria-hidden=\"true\" class=\"e-font-icon-svg e-eicon-chevron-left\" viewBox=\"0 0 1000 1000\" xmlns=\"http:\/\/www.w3.org\/2000\/svg\"><path d=\"M646 125C629 125 613 133 604 142L308 442C296 454 292 471 292 487 292 504 296 521 308 533L604 854C617 867 629 875 646 875 663 875 679 871 692 858 704 846 713 829 713 812 713 796 708 779 692 767L438 487 692 225C700 217 708 204 708 187 708 171 704 154 692 142 675 129 663 125 646 125Z\"><\/path><\/svg>\t\t\t\t\t<\/div>\n\t\t\t\t\t<div class=\"elementor-swiper-button elementor-swiper-button-next\" role=\"button\" tabindex=\"0\">\n\t\t\t\t\t\t<svg aria-hidden=\"true\" class=\"e-font-icon-svg e-eicon-chevron-right\" viewBox=\"0 0 1000 1000\" xmlns=\"http:\/\/www.w3.org\/2000\/svg\"><path d=\"M696 533C708 521 713 504 713 487 713 471 708 454 696 446L400 146C388 133 375 125 354 125 338 125 325 129 313 142 300 154 292 171 292 187 292 204 296 221 308 233L563 492 304 771C292 783 288 800 288 817 288 833 296 850 308 863 321 871 338 875 354 875 371 875 388 867 400 854L696 533Z\"><\/path><\/svg>\t\t\t\t\t<\/div>\n\t\t\t\t\n\t\t\t\t\t\t\t\t\t<\/div>\n\t\t\t\t\t\t<\/div>\n\t\t\t\t<\/div>\n\t\t\t\t<div class=\"elementor-element elementor-element-17059d4 elementor-widget elementor-widget-text-editor\" data-id=\"17059d4\" data-element_type=\"widget\" data-e-type=\"widget\" data-widget_type=\"text-editor.default\">\n\t\t\t\t<div class=\"elementor-widget-container\">\n\t\t\t\t\t\t\t\t\t<p style=\"text-align: center;\"><span style=\"color: #daa520;\">Le<\/span> bijou parfait est celui qui refl\u00e8te votre \u00e2me.<\/p>\t\t\t\t\t\t\t\t<\/div>\n\t\t\t\t<\/div>\n\t\t\t\t\t<\/div>\n\t\t\t\t<\/div>\n\t\t<div class=\"elementor-element elementor-element-b9bf14d e-flex e-con-boxed e-con e-parent\" data-id=\"b9bf14d\" data-element_type=\"container\" data-e-type=\"container\">\n\t\t\t\t\t<div class=\"e-con-inner\">\n\t\t\t\t<div class=\"elementor-element elementor-element-5aa0949 elementor-align-center elementor-widget elementor-widget-button\" data-id=\"5aa0949\" data-element_type=\"widget\" data-e-type=\"widget\" data-widget_type=\"button.default\">\n\t\t\t\t<div class=\"elementor-widget-container\">\n\t\t\t\t\t\t\t\t\t<div class=\"elementor-button-wrapper\">\n\t\t\t\t\t<a class=\"elementor-button elementor-button-link elementor-size-sm elementor-animation-grow\" href=\"https:\/\/enastyle.ma\/?post_type=product\">\n\t\t\t\t\t\t<span class=\"elementor-button-content-wrapper\">\n\t\t\t\t\t\t\t\t\t<span class=\"elementor-button-text\">D\u00e9couvrir ElmasSpirit<\/span>\n\t\t\t\t\t<\/span>\n\t\t\t\t\t<\/a>\n\t\t\t\t<\/div>\n\t\t\t\t\t\t\t\t<\/div>\n\t\t\t\t<\/div>\n\t\t\t\t\t<\/div>\n\t\t\t\t<\/div>\n\t\t\t\t<\/div>\n\t\t","protected":false},"excerpt":{"rendered":"<p>\u00c0 propos de ElmasSpirit Bienvenue chez ElmasSpirit Chez ElmasSpirit, nous croyons que chaque bijou porte en lui une histoire unique.Notre [&hellip;]<\/p>\n","protected":false},"author":1,"featured_media":0,"parent":0,"menu_order":0,"comment_status":"closed","ping_status":"closed","template":"","meta":{"site-sidebar-layout":"default","site-content-layout":"","ast-site-content-layout":"default","site-content-style":"default","site-sidebar-style":"default","ast-global-header-display":"","ast-banner-title-visibility":"","ast-main-header-display":"","ast-hfb-above-header-display":"","ast-hfb-below-header-display":"","ast-hfb-mobile-header-display":"","site-post-title":"disabled","ast-breadcrumbs-content":"","ast-featured-img":"","footer-sml-layout":"","theme-transparent-header-meta":"","adv-header-id-meta":"","stick-header-meta":"","header-above-stick-meta":"","header-main-stick-meta":"","header-below-stick-meta":"","astra-migrate-meta-layouts":"default","ast-page-background-enabled":"default","ast-page-background-meta":{"desktop":{"background-color":"var(--ast-global-color-5)","background-image":"","background-repeat":"repeat","background-position":"center center","background-size":"auto","background-attachment":"scroll","background-type":"","background-media":"","overlay-type":"","overlay-color":"","overlay-opacity":"","overlay-gradient":""},"tablet":{"background-color":"","background-image":"","background-repeat":"repeat","background-position":"center center","background-size":"auto","background-attachment":"scroll","background-type":"","background-media":"","overlay-type":"","overlay-color":"","overlay-opacity":"","overlay-gradient":""},"mobile":{"background-color":"","background-image":"","background-repeat":"repeat","background-position":"center center","background-size":"auto","background-attachment":"scroll","background-type":"","background-media":"","overlay-type":"","overlay-color":"","overlay-opacity":"","overlay-gradient":""}},"ast-content-background-meta":{"desktop":{"background-color":"var(--ast-global-color-4)","background-image":"","background-repeat":"repeat","background-position":"center center","background-size":"auto","background-attachment":"scroll","background-type":"","background-media":"","overlay-type":"","overlay-color":"","overlay-opacity":"","overlay-gradient":""},"tablet":{"background-color":"var(--ast-global-color-4)","background-image":"","background-repeat":"repeat","background-position":"center center","background-size":"auto","background-attachment":"scroll","background-type":"","background-media":"","overlay-type":"","overlay-color":"","overlay-opacity":"","overlay-gradient":""},"mobile":{"background-color":"var(--ast-global-color-4)","background-image":"","background-repeat":"repeat","background-position":"center center","background-size":"auto","background-attachment":"scroll","background-type":"","background-media":"","overlay-type":"","overlay-color":"","overlay-opacity":"","overlay-gradient":""}},"footnotes":""},"class_list":["post-379","page","type-page","status-publish","hentry"],"yoast_head":"<!-- This site is optimized with the Yoast SEO plugin v27.4 - https:\/\/yoast.com\/product\/yoast-seo-wordpress\/ -->\n<title>\u00c0 propos -<\/title>\n<meta name=\"robots\" content=\"noindex, follow, max-snippet:-1, max-image-preview:large, max-video-preview:-1\" \/>\n<meta property=\"og:locale\" content=\"fr_FR\" \/>\n<meta property=\"og:type\" content=\"article\" \/>\n<meta property=\"og:title\" content=\"\u00c0 propos -\" \/>\n<meta property=\"og:description\" content=\"\u00c0 propos de ElmasSpirit Bienvenue chez ElmasSpirit Chez ElmasSpirit, nous croyons que chaque bijou porte en lui une histoire unique.Notre [&hellip;]\" \/>\n<meta property=\"og:url\" content=\"https:\/\/enastyle.ma\/?page_id=379\" \/>\n<meta property=\"article:modified_time\" content=\"2025-09-14T23:30:07+00:00\" \/>\n<meta property=\"og:image\" content=\"https:\/\/enastyle.ma\/wp-content\/uploads\/2025\/01\/WhatsApp-Image-2025-01-25-at-22.52.55_d545943c-768x520.jpg\" \/>\n<meta name=\"twitter:card\" content=\"summary_large_image\" \/>\n<meta name=\"twitter:label1\" content=\"Dur\u00e9e de lecture estim\u00e9e\" \/>\n\t<meta name=\"twitter:data1\" content=\"3 minutes\" \/>\n<script type=\"application\/ld+json\" class=\"yoast-schema-graph\">{\"@context\":\"https:\\\/\\\/schema.org\",\"@graph\":[{\"@type\":\"WebPage\",\"@id\":\"https:\\\/\\\/enastyle.ma\\\/?page_id=379\",\"url\":\"https:\\\/\\\/enastyle.ma\\\/?page_id=379\",\"name\":\"\u00c0 propos -\",\"isPartOf\":{\"@id\":\"https:\\\/\\\/enastyle.ma\\\/#website\"},\"primaryImageOfPage\":{\"@id\":\"https:\\\/\\\/enastyle.ma\\\/?page_id=379#primaryimage\"},\"image\":{\"@id\":\"https:\\\/\\\/enastyle.ma\\\/?page_id=379#primaryimage\"},\"thumbnailUrl\":\"https:\\\/\\\/enastyle.ma\\\/wp-content\\\/uploads\\\/2025\\\/01\\\/WhatsApp-Image-2025-01-25-at-22.52.55_d545943c-768x520.jpg\",\"datePublished\":\"2025-01-25T21:22:24+00:00\",\"dateModified\":\"2025-09-14T23:30:07+00:00\",\"breadcrumb\":{\"@id\":\"https:\\\/\\\/enastyle.ma\\\/?page_id=379#breadcrumb\"},\"inLanguage\":\"fr-FR\",\"potentialAction\":[{\"@type\":\"ReadAction\",\"target\":[\"https:\\\/\\\/enastyle.ma\\\/?page_id=379\"]}]},{\"@type\":\"ImageObject\",\"inLanguage\":\"fr-FR\",\"@id\":\"https:\\\/\\\/enastyle.ma\\\/?page_id=379#primaryimage\",\"url\":\"https:\\\/\\\/enastyle.ma\\\/wp-content\\\/uploads\\\/2025\\\/01\\\/WhatsApp-Image-2025-01-25-at-22.52.55_d545943c-scaled.jpg\",\"contentUrl\":\"https:\\\/\\\/enastyle.ma\\\/wp-content\\\/uploads\\\/2025\\\/01\\\/WhatsApp-Image-2025-01-25-at-22.52.55_d545943c-scaled.jpg\",\"width\":2560,\"height\":1732},{\"@type\":\"BreadcrumbList\",\"@id\":\"https:\\\/\\\/enastyle.ma\\\/?page_id=379#breadcrumb\",\"itemListElement\":[{\"@type\":\"ListItem\",\"position\":1,\"name\":\"Accueil\",\"item\":\"https:\\\/\\\/enastyle.ma\\\/\"},{\"@type\":\"ListItem\",\"position\":2,\"name\":\"\u00c0 propos\"}]},{\"@type\":\"WebSite\",\"@id\":\"https:\\\/\\\/enastyle.ma\\\/#website\",\"url\":\"https:\\\/\\\/enastyle.ma\\\/\",\"name\":\"\",\"description\":\"made for you\u00ae\",\"potentialAction\":[{\"@type\":\"SearchAction\",\"target\":{\"@type\":\"EntryPoint\",\"urlTemplate\":\"https:\\\/\\\/enastyle.ma\\\/?s={search_term_string}\"},\"query-input\":{\"@type\":\"PropertyValueSpecification\",\"valueRequired\":true,\"valueName\":\"search_term_string\"}}],\"inLanguage\":\"fr-FR\"}]}<\/script>\n<!-- \/ Yoast SEO plugin. -->","yoast_head_json":{"title":"\u00c0 propos -","robots":{"index":"noindex","follow":"follow","max-snippet":"max-snippet:-1","max-image-preview":"max-image-preview:large","max-video-preview":"max-video-preview:-1"},"og_locale":"fr_FR","og_type":"article","og_title":"\u00c0 propos -","og_description":"\u00c0 propos de ElmasSpirit Bienvenue chez ElmasSpirit Chez ElmasSpirit, nous croyons que chaque bijou porte en lui une histoire unique.Notre [&hellip;]","og_url":"https:\/\/enastyle.ma\/?page_id=379","article_modified_time":"2025-09-14T23:30:07+00:00","og_image":[{"url":"https:\/\/enastyle.ma\/wp-content\/uploads\/2025\/01\/WhatsApp-Image-2025-01-25-at-22.52.55_d545943c-768x520.jpg","type":"","width":"","height":""}],"twitter_card":"summary_large_image","twitter_misc":{"Dur\u00e9e de lecture estim\u00e9e":"3 minutes"},"schema":{"@context":"https:\/\/schema.org","@graph":[{"@type":"WebPage","@id":"https:\/\/enastyle.ma\/?page_id=379","url":"https:\/\/enastyle.ma\/?page_id=379","name":"\u00c0 propos -","isPartOf":{"@id":"https:\/\/enastyle.ma\/#website"},"primaryImageOfPage":{"@id":"https:\/\/enastyle.ma\/?page_id=379#primaryimage"},"image":{"@id":"https:\/\/enastyle.ma\/?page_id=379#primaryimage"},"thumbnailUrl":"https:\/\/enastyle.ma\/wp-content\/uploads\/2025\/01\/WhatsApp-Image-2025-01-25-at-22.52.55_d545943c-768x520.jpg","datePublished":"2025-01-25T21:22:24+00:00","dateModified":"2025-09-14T23:30:07+00:00","breadcrumb":{"@id":"https:\/\/enastyle.ma\/?page_id=379#breadcrumb"},"inLanguage":"fr-FR","potentialAction":[{"@type":"ReadAction","target":["https:\/\/enastyle.ma\/?page_id=379"]}]},{"@type":"ImageObject","inLanguage":"fr-FR","@id":"https:\/\/enastyle.ma\/?page_id=379#primaryimage","url":"https:\/\/enastyle.ma\/wp-content\/uploads\/2025\/01\/WhatsApp-Image-2025-01-25-at-22.52.55_d545943c-scaled.jpg","contentUrl":"https:\/\/enastyle.ma\/wp-content\/uploads\/2025\/01\/WhatsApp-Image-2025-01-25-at-22.52.55_d545943c-scaled.jpg","width":2560,"height":1732},{"@type":"BreadcrumbList","@id":"https:\/\/enastyle.ma\/?page_id=379#breadcrumb","itemListElement":[{"@type":"ListItem","position":1,"name":"Accueil","item":"https:\/\/enastyle.ma\/"},{"@type":"ListItem","position":2,"name":"\u00c0 propos"}]},{"@type":"WebSite","@id":"https:\/\/enastyle.ma\/#website","url":"https:\/\/enastyle.ma\/","name":"","description":"made for you\u00ae","potentialAction":[{"@type":"SearchAction","target":{"@type":"EntryPoint","urlTemplate":"https:\/\/enastyle.ma\/?s={search_term_string}"},"query-input":{"@type":"PropertyValueSpecification","valueRequired":true,"valueName":"search_term_string"}}],"inLanguage":"fr-FR"}]}},"jetpack_sharing_enabled":true,"_links":{"self":[{"href":"https:\/\/enastyle.ma\/index.php?rest_route=\/wp\/v2\/pages\/379","targetHints":{"allow":["GET"]}}],"collection":[{"href":"https:\/\/enastyle.ma\/index.php?rest_route=\/wp\/v2\/pages"}],"about":[{"href":"https:\/\/enastyle.ma\/index.php?rest_route=\/wp\/v2\/types\/page"}],"author":[{"embeddable":true,"href":"https:\/\/enastyle.ma\/index.php?rest_route=\/wp\/v2\/users\/1"}],"replies":[{"embeddable":true,"href":"https:\/\/enastyle.ma\/index.php?rest_route=%2Fwp%2Fv2%2Fcomments&post=379"}],"version-history":[{"count":376,"href":"https:\/\/enastyle.ma\/index.php?rest_route=\/wp\/v2\/pages\/379\/revisions"}],"predecessor-version":[{"id":3620,"href":"https:\/\/enastyle.ma\/index.php?rest_route=\/wp\/v2\/pages\/379\/revisions\/3620"}],"wp:attachment":[{"href":"https:\/\/enastyle.ma\/index.php?rest_route=%2Fwp%2Fv2%2Fmedia&parent=379"}],"curies":[{"name":"wp","href":"https:\/\/api.w.org\/{rel}","templated":true}]}}