{"id":1322,"date":"2025-05-13T07:15:27","date_gmt":"2025-05-13T07:15:27","guid":{"rendered":"https:\/\/elmasspirit.ma\/?post_type=product&#038;p=1322"},"modified":"2025-10-12T19:01:30","modified_gmt":"2025-10-12T19:01:30","slug":"gourmette-trefle-cannelle-marron-dore","status":"publish","type":"product","link":"https:\/\/enastyle.ma\/?product=gourmette-trefle-cannelle-marron-dore","title":{"rendered":"Gourmette Tr\u00e8fle Cannelle"},"content":{"rendered":"<p>La Gourmette Tr\u00e8fle Cannelle s\u00e9duit par son contraste harmonieux entre l\u2019acier dor\u00e9 lumineux et les tr\u00e8fles marron aux reflets chaleureux. Sa finesse et son design d\u00e9licat en font un accessoire discret mais \u00e9l\u00e9gant, parfait pour toutes les occasions. Gr\u00e2ce \u00e0 son fermoir ajustable, elle s\u2019adapte facilement \u00e0 votre poignet pour un confort optimal.<\/p>\n<p>\ud83d\udccc D\u00e9tails du produit :<br \/>\nMat\u00e9riau : Acier inoxydable dor\u00e9<\/p>\n<p>Ornements : Cinq tr\u00e8fles marron cannelle<\/p>\n<p>Fermoir : Ajustable<\/p>\n<p>Style : \u00c9l\u00e9gant et raffin\u00e9<\/p>\n<p>\u2728 Un bijou au charme naturel, \u00e0 porter seul ou en accumulation.<\/p>\n","protected":false},"excerpt":{"rendered":"<p class=\"\" data-start=\"643\" data-end=\"733\"><strong data-start=\"643\" data-end=\"733\">Gourmette dor\u00e9e orn\u00e9e de tr\u00e8fles marron cannelle. Raffin\u00e9e, chaleureuse et r\u00e9sistante.<\/strong><\/p>\n","protected":false},"featured_media":1323,"comment_status":"open","ping_status":"closed","template":"","meta":{"site-sidebar-layout":"default","site-content-layout":"","ast-site-content-layout":"default","site-content-style":"default","site-sidebar-style":"default","ast-global-header-display":"","ast-banner-title-visibility":"","ast-main-header-display":"","ast-hfb-above-header-display":"","ast-hfb-below-header-display":"","ast-hfb-mobile-header-display":"","site-post-title":"","ast-breadcrumbs-content":"","ast-featured-img":"","footer-sml-layout":"","theme-transparent-header-meta":"default","adv-header-id-meta":"","stick-header-meta":"","header-above-stick-meta":"","header-main-stick-meta":"","header-below-stick-meta":"","astra-migrate-meta-layouts":"set","ast-page-background-enabled":"default","ast-page-background-meta":{"desktop":{"background-color":"var(--ast-global-color-5)","background-image":"","background-repeat":"repeat","background-position":"center center","background-size":"auto","background-attachment":"scroll","background-type":"","background-media":"","overlay-type":"","overlay-color":"","overlay-opacity":"","overlay-gradient":""},"tablet":{"background-color":"","background-image":"","background-repeat":"repeat","background-position":"center center","background-size":"auto","background-attachment":"scroll","background-type":"","background-media":"","overlay-type":"","overlay-color":"","overlay-opacity":"","overlay-gradient":""},"mobile":{"background-color":"","background-image":"","background-repeat":"repeat","background-position":"center center","background-size":"auto","background-attachment":"scroll","background-type":"","background-media":"","overlay-type":"","overlay-color":"","overlay-opacity":"","overlay-gradient":""}},"ast-content-background-meta":{"desktop":{"background-color":"var(--ast-global-color-4)","background-image":"","background-repeat":"repeat","background-position":"center center","background-size":"auto","background-attachment":"scroll","background-type":"","background-media":"","overlay-type":"","overlay-color":"","overlay-opacity":"","overlay-gradient":""},"tablet":{"background-color":"var(--ast-global-color-4)","background-image":"","background-repeat":"repeat","background-position":"center center","background-size":"auto","background-attachment":"scroll","background-type":"","background-media":"","overlay-type":"","overlay-color":"","overlay-opacity":"","overlay-gradient":""},"mobile":{"background-color":"var(--ast-global-color-4)","background-image":"","background-repeat":"repeat","background-position":"center center","background-size":"auto","background-attachment":"scroll","background-type":"","background-media":"","overlay-type":"","overlay-color":"","overlay-opacity":"","overlay-gradient":""}}},"product_brand":[],"product_cat":[22],"product_tag":[37],"class_list":{"0":"post-1322","1":"product","2":"type-product","3":"status-publish","4":"has-post-thumbnail","6":"product_cat-elegance-et-caractere","7":"product_tag-bijoudore-treflemarron-elegancenaturelle-detailschaleureux-accessoireraffine-bijoutendance","8":"desktop-align-center","9":"tablet-align-left","10":"mobile-align-center","12":"first","13":"instock","14":"shipping-taxable","15":"purchasable","16":"product-type-simple"},"yoast_head":"<!-- This site is optimized with the Yoast SEO plugin v27.4 - https:\/\/yoast.com\/product\/yoast-seo-wordpress\/ -->\n<title>Gourmette Tr\u00e8fle Cannelle -<\/title>\n<meta name=\"description\" content=\"Gourmette dor\u00e9e avec tr\u00e8fles marron cannelle. \u00c9l\u00e9gante, chaleureuse et r\u00e9sistante \u00e0 l\u2019eau. Id\u00e9ale pour un style chic et naturel.\" \/>\n<meta name=\"robots\" content=\"noindex, follow, max-snippet:-1, max-image-preview:large, max-video-preview:-1\" \/>\n<meta property=\"og:locale\" content=\"fr_FR\" \/>\n<meta property=\"og:type\" content=\"article\" \/>\n<meta property=\"og:title\" content=\"Gourmette Tr\u00e8fle Cannelle -\" \/>\n<meta property=\"og:description\" content=\"Gourmette dor\u00e9e avec tr\u00e8fles marron cannelle. \u00c9l\u00e9gante, chaleureuse et r\u00e9sistante \u00e0 l\u2019eau. Id\u00e9ale pour un style chic et naturel.\" \/>\n<meta property=\"og:url\" content=\"https:\/\/enastyle.ma\/?product=gourmette-trefle-cannelle-marron-dore\" \/>\n<meta property=\"article:modified_time\" content=\"2025-10-12T19:01:30+00:00\" \/>\n<meta property=\"og:image\" content=\"https:\/\/enastyle.ma\/wp-content\/uploads\/2025\/05\/Gourmette-Trefle-Cannelle-P1-scaled.jpg\" \/>\n\t<meta property=\"og:image:width\" content=\"1920\" \/>\n\t<meta property=\"og:image:height\" content=\"2560\" \/>\n\t<meta property=\"og:image:type\" content=\"image\/jpeg\" \/>\n<meta name=\"twitter:card\" content=\"summary_large_image\" \/>\n<meta name=\"twitter:label1\" content=\"Dur\u00e9e de lecture estim\u00e9e\" \/>\n\t<meta name=\"twitter:data1\" content=\"1 minute\" \/>\n<script type=\"application\/ld+json\" class=\"yoast-schema-graph\">{\"@context\":\"https:\\\/\\\/schema.org\",\"@graph\":[{\"@type\":\"WebPage\",\"@id\":\"https:\\\/\\\/enastyle.ma\\\/?product=gourmette-trefle-cannelle-marron-dore\",\"url\":\"https:\\\/\\\/enastyle.ma\\\/?product=gourmette-trefle-cannelle-marron-dore\",\"name\":\"Gourmette Tr\u00e8fle Cannelle -\",\"isPartOf\":{\"@id\":\"https:\\\/\\\/enastyle.ma\\\/#website\"},\"primaryImageOfPage\":{\"@id\":\"https:\\\/\\\/enastyle.ma\\\/?product=gourmette-trefle-cannelle-marron-dore#primaryimage\"},\"image\":{\"@id\":\"https:\\\/\\\/enastyle.ma\\\/?product=gourmette-trefle-cannelle-marron-dore#primaryimage\"},\"thumbnailUrl\":\"https:\\\/\\\/enastyle.ma\\\/wp-content\\\/uploads\\\/2025\\\/05\\\/Gourmette-Trefle-Cannelle-P1-scaled.jpg\",\"datePublished\":\"2025-05-13T07:15:27+00:00\",\"dateModified\":\"2025-10-12T19:01:30+00:00\",\"description\":\"Gourmette dor\u00e9e avec tr\u00e8fles marron cannelle. \u00c9l\u00e9gante, chaleureuse et r\u00e9sistante \u00e0 l\u2019eau. Id\u00e9ale pour un style chic et naturel.\",\"breadcrumb\":{\"@id\":\"https:\\\/\\\/enastyle.ma\\\/?product=gourmette-trefle-cannelle-marron-dore#breadcrumb\"},\"inLanguage\":\"fr-FR\",\"potentialAction\":[{\"@type\":\"ReadAction\",\"target\":[\"https:\\\/\\\/enastyle.ma\\\/?product=gourmette-trefle-cannelle-marron-dore\"]}]},{\"@type\":\"ImageObject\",\"inLanguage\":\"fr-FR\",\"@id\":\"https:\\\/\\\/enastyle.ma\\\/?product=gourmette-trefle-cannelle-marron-dore#primaryimage\",\"url\":\"https:\\\/\\\/enastyle.ma\\\/wp-content\\\/uploads\\\/2025\\\/05\\\/Gourmette-Trefle-Cannelle-P1-scaled.jpg\",\"contentUrl\":\"https:\\\/\\\/enastyle.ma\\\/wp-content\\\/uploads\\\/2025\\\/05\\\/Gourmette-Trefle-Cannelle-P1-scaled.jpg\",\"width\":1920,\"height\":2560},{\"@type\":\"BreadcrumbList\",\"@id\":\"https:\\\/\\\/enastyle.ma\\\/?product=gourmette-trefle-cannelle-marron-dore#breadcrumb\",\"itemListElement\":[{\"@type\":\"ListItem\",\"position\":1,\"name\":\"Accueil\",\"item\":\"https:\\\/\\\/enastyle.ma\\\/\"},{\"@type\":\"ListItem\",\"position\":2,\"name\":\"Store\",\"item\":\"https:\\\/\\\/enastyle.ma\\\/?page_id=785\"},{\"@type\":\"ListItem\",\"position\":3,\"name\":\"Gourmette Tr\u00e8fle Cannelle\"}]},{\"@type\":\"WebSite\",\"@id\":\"https:\\\/\\\/enastyle.ma\\\/#website\",\"url\":\"https:\\\/\\\/enastyle.ma\\\/\",\"name\":\"\",\"description\":\"made for you\u00ae\",\"potentialAction\":[{\"@type\":\"SearchAction\",\"target\":{\"@type\":\"EntryPoint\",\"urlTemplate\":\"https:\\\/\\\/enastyle.ma\\\/?s={search_term_string}\"},\"query-input\":{\"@type\":\"PropertyValueSpecification\",\"valueRequired\":true,\"valueName\":\"search_term_string\"}}],\"inLanguage\":\"fr-FR\"}]}<\/script>\n<!-- \/ Yoast SEO plugin. -->","yoast_head_json":{"title":"Gourmette Tr\u00e8fle Cannelle -","description":"Gourmette dor\u00e9e avec tr\u00e8fles marron cannelle. \u00c9l\u00e9gante, chaleureuse et r\u00e9sistante \u00e0 l\u2019eau. Id\u00e9ale pour un style chic et naturel.","robots":{"index":"noindex","follow":"follow","max-snippet":"max-snippet:-1","max-image-preview":"max-image-preview:large","max-video-preview":"max-video-preview:-1"},"og_locale":"fr_FR","og_type":"article","og_title":"Gourmette Tr\u00e8fle Cannelle -","og_description":"Gourmette dor\u00e9e avec tr\u00e8fles marron cannelle. \u00c9l\u00e9gante, chaleureuse et r\u00e9sistante \u00e0 l\u2019eau. Id\u00e9ale pour un style chic et naturel.","og_url":"https:\/\/enastyle.ma\/?product=gourmette-trefle-cannelle-marron-dore","article_modified_time":"2025-10-12T19:01:30+00:00","og_image":[{"width":1920,"height":2560,"url":"https:\/\/enastyle.ma\/wp-content\/uploads\/2025\/05\/Gourmette-Trefle-Cannelle-P1-scaled.jpg","type":"image\/jpeg"}],"twitter_card":"summary_large_image","twitter_misc":{"Dur\u00e9e de lecture estim\u00e9e":"1 minute"},"schema":{"@context":"https:\/\/schema.org","@graph":[{"@type":"WebPage","@id":"https:\/\/enastyle.ma\/?product=gourmette-trefle-cannelle-marron-dore","url":"https:\/\/enastyle.ma\/?product=gourmette-trefle-cannelle-marron-dore","name":"Gourmette Tr\u00e8fle Cannelle -","isPartOf":{"@id":"https:\/\/enastyle.ma\/#website"},"primaryImageOfPage":{"@id":"https:\/\/enastyle.ma\/?product=gourmette-trefle-cannelle-marron-dore#primaryimage"},"image":{"@id":"https:\/\/enastyle.ma\/?product=gourmette-trefle-cannelle-marron-dore#primaryimage"},"thumbnailUrl":"https:\/\/enastyle.ma\/wp-content\/uploads\/2025\/05\/Gourmette-Trefle-Cannelle-P1-scaled.jpg","datePublished":"2025-05-13T07:15:27+00:00","dateModified":"2025-10-12T19:01:30+00:00","description":"Gourmette dor\u00e9e avec tr\u00e8fles marron cannelle. \u00c9l\u00e9gante, chaleureuse et r\u00e9sistante \u00e0 l\u2019eau. Id\u00e9ale pour un style chic et naturel.","breadcrumb":{"@id":"https:\/\/enastyle.ma\/?product=gourmette-trefle-cannelle-marron-dore#breadcrumb"},"inLanguage":"fr-FR","potentialAction":[{"@type":"ReadAction","target":["https:\/\/enastyle.ma\/?product=gourmette-trefle-cannelle-marron-dore"]}]},{"@type":"ImageObject","inLanguage":"fr-FR","@id":"https:\/\/enastyle.ma\/?product=gourmette-trefle-cannelle-marron-dore#primaryimage","url":"https:\/\/enastyle.ma\/wp-content\/uploads\/2025\/05\/Gourmette-Trefle-Cannelle-P1-scaled.jpg","contentUrl":"https:\/\/enastyle.ma\/wp-content\/uploads\/2025\/05\/Gourmette-Trefle-Cannelle-P1-scaled.jpg","width":1920,"height":2560},{"@type":"BreadcrumbList","@id":"https:\/\/enastyle.ma\/?product=gourmette-trefle-cannelle-marron-dore#breadcrumb","itemListElement":[{"@type":"ListItem","position":1,"name":"Accueil","item":"https:\/\/enastyle.ma\/"},{"@type":"ListItem","position":2,"name":"Store","item":"https:\/\/enastyle.ma\/?page_id=785"},{"@type":"ListItem","position":3,"name":"Gourmette Tr\u00e8fle Cannelle"}]},{"@type":"WebSite","@id":"https:\/\/enastyle.ma\/#website","url":"https:\/\/enastyle.ma\/","name":"","description":"made for you\u00ae","potentialAction":[{"@type":"SearchAction","target":{"@type":"EntryPoint","urlTemplate":"https:\/\/enastyle.ma\/?s={search_term_string}"},"query-input":{"@type":"PropertyValueSpecification","valueRequired":true,"valueName":"search_term_string"}}],"inLanguage":"fr-FR"}]}},"jetpack_sharing_enabled":true,"_links":{"self":[{"href":"https:\/\/enastyle.ma\/index.php?rest_route=\/wp\/v2\/product\/1322","targetHints":{"allow":["GET"]}}],"collection":[{"href":"https:\/\/enastyle.ma\/index.php?rest_route=\/wp\/v2\/product"}],"about":[{"href":"https:\/\/enastyle.ma\/index.php?rest_route=\/wp\/v2\/types\/product"}],"replies":[{"embeddable":true,"href":"https:\/\/enastyle.ma\/index.php?rest_route=%2Fwp%2Fv2%2Fcomments&post=1322"}],"wp:featuredmedia":[{"embeddable":true,"href":"https:\/\/enastyle.ma\/index.php?rest_route=\/wp\/v2\/media\/1323"}],"wp:attachment":[{"href":"https:\/\/enastyle.ma\/index.php?rest_route=%2Fwp%2Fv2%2Fmedia&parent=1322"}],"wp:term":[{"taxonomy":"product_brand","embeddable":true,"href":"https:\/\/enastyle.ma\/index.php?rest_route=%2Fwp%2Fv2%2Fproduct_brand&post=1322"},{"taxonomy":"product_cat","embeddable":true,"href":"https:\/\/enastyle.ma\/index.php?rest_route=%2Fwp%2Fv2%2Fproduct_cat&post=1322"},{"taxonomy":"product_tag","embeddable":true,"href":"https:\/\/enastyle.ma\/index.php?rest_route=%2Fwp%2Fv2%2Fproduct_tag&post=1322"}],"curies":[{"name":"wp","href":"https:\/\/api.w.org\/{rel}","templated":true}]}}