{"id":1327,"date":"2025-05-13T21:54:36","date_gmt":"2025-05-13T21:54:36","guid":{"rendered":"https:\/\/elmasspirit.ma\/?post_type=product&#038;p=1327"},"modified":"2025-10-12T19:01:19","modified_gmt":"2025-10-12T19:01:19","slug":"gourmette-trefle-marbre","status":"publish","type":"product","link":"https:\/\/enastyle.ma\/?product=gourmette-trefle-marbre","title":{"rendered":"Gourmette Tr\u00e8fle Marbre"},"content":{"rendered":"<p>La Gourmette Tr\u00e8fle Marbre marie l&rsquo;\u00e9l\u00e9gance intemporelle de l&rsquo;acier dor\u00e9 avec la beaut\u00e9 naturelle des tr\u00e8fles blancs marbr\u00e9s. Chaque tr\u00e8fle est unique, avec des veines d\u00e9licates rappelant le marbre, apportant un charme subtil et sophistiqu\u00e9. Ce bijou minimaliste et raffin\u00e9 s&rsquo;adapte parfaitement \u00e0 toutes les occasions, que ce soit pour le quotidien ou pour des \u00e9v\u00e9nements sp\u00e9ciaux.<\/p>\n<p>Son fermoir ajustable garantit un confort id\u00e9al et une tenue parfaite. Avec son design \u00e9pur\u00e9, cette gourmette est le choix parfait pour ajouter une touche de puret\u00e9 et de luxe discret \u00e0 votre style.<\/p>\n<p>\ud83d\udccc D\u00e9tails du produit :<br \/>\nMat\u00e9riau : Acier inoxydable dor\u00e9<\/p>\n<p>Ornements : Tr\u00e8fles blancs marbr\u00e9s<\/p>\n<p>Fermoir : Ajustable<\/p>\n<p>Style : \u00c9l\u00e9gant et intemporel<\/p>\n<p>\u2728 Un bijou au design unique, alliant puret\u00e9 et luxe naturel pour sublimer votre poignet.<\/p>\n","protected":false},"excerpt":{"rendered":"<p>Gourmette dor\u00e9e orn\u00e9e de tr\u00e8fles marbre blanc. Chic, lumineuse et r\u00e9sistante.<\/p>\n","protected":false},"featured_media":1328,"comment_status":"open","ping_status":"closed","template":"","meta":{"site-sidebar-layout":"default","site-content-layout":"","ast-site-content-layout":"default","site-content-style":"default","site-sidebar-style":"default","ast-global-header-display":"","ast-banner-title-visibility":"","ast-main-header-display":"","ast-hfb-above-header-display":"","ast-hfb-below-header-display":"","ast-hfb-mobile-header-display":"","site-post-title":"","ast-breadcrumbs-content":"","ast-featured-img":"","footer-sml-layout":"","theme-transparent-header-meta":"default","adv-header-id-meta":"","stick-header-meta":"","header-above-stick-meta":"","header-main-stick-meta":"","header-below-stick-meta":"","astra-migrate-meta-layouts":"set","ast-page-background-enabled":"default","ast-page-background-meta":{"desktop":{"background-color":"var(--ast-global-color-5)","background-image":"","background-repeat":"repeat","background-position":"center center","background-size":"auto","background-attachment":"scroll","background-type":"","background-media":"","overlay-type":"","overlay-color":"","overlay-opacity":"","overlay-gradient":""},"tablet":{"background-color":"","background-image":"","background-repeat":"repeat","background-position":"center center","background-size":"auto","background-attachment":"scroll","background-type":"","background-media":"","overlay-type":"","overlay-color":"","overlay-opacity":"","overlay-gradient":""},"mobile":{"background-color":"","background-image":"","background-repeat":"repeat","background-position":"center center","background-size":"auto","background-attachment":"scroll","background-type":"","background-media":"","overlay-type":"","overlay-color":"","overlay-opacity":"","overlay-gradient":""}},"ast-content-background-meta":{"desktop":{"background-color":"var(--ast-global-color-4)","background-image":"","background-repeat":"repeat","background-position":"center center","background-size":"auto","background-attachment":"scroll","background-type":"","background-media":"","overlay-type":"","overlay-color":"","overlay-opacity":"","overlay-gradient":""},"tablet":{"background-color":"var(--ast-global-color-4)","background-image":"","background-repeat":"repeat","background-position":"center center","background-size":"auto","background-attachment":"scroll","background-type":"","background-media":"","overlay-type":"","overlay-color":"","overlay-opacity":"","overlay-gradient":""},"mobile":{"background-color":"var(--ast-global-color-4)","background-image":"","background-repeat":"repeat","background-position":"center center","background-size":"auto","background-attachment":"scroll","background-type":"","background-media":"","overlay-type":"","overlay-color":"","overlay-opacity":"","overlay-gradient":""}}},"product_brand":[],"product_cat":[22],"product_tag":[38],"class_list":{"0":"post-1327","1":"product","2":"type-product","3":"status-publish","4":"has-post-thumbnail","6":"product_cat-elegance-et-caractere","7":"product_tag-gourmettedoree-treflemarbre-bijouepure-acierinox-elegancesimple","8":"desktop-align-center","9":"tablet-align-left","10":"mobile-align-center","12":"first","13":"instock","14":"shipping-taxable","15":"purchasable","16":"product-type-simple"},"yoast_head":"<!-- This site is optimized with the Yoast SEO plugin v27.4 - https:\/\/yoast.com\/product\/yoast-seo-wordpress\/ -->\n<title>Gourmette Tr\u00e8fle Marbre -<\/title>\n<meta name=\"description\" content=\"Gourmette dor\u00e9e avec tr\u00e8fles effet marbre blanc. \u00c9l\u00e9gante, intemporelle et r\u00e9sistante \u00e0 l\u2019eau.Chic, lumineuse et r\u00e9sistante.\" \/>\n<meta name=\"robots\" content=\"noindex, follow, max-snippet:-1, max-image-preview:large, max-video-preview:-1\" \/>\n<meta property=\"og:locale\" content=\"fr_FR\" \/>\n<meta property=\"og:type\" content=\"article\" \/>\n<meta property=\"og:title\" content=\"Gourmette Tr\u00e8fle Marbre -\" \/>\n<meta property=\"og:description\" content=\"Gourmette dor\u00e9e avec tr\u00e8fles effet marbre blanc. \u00c9l\u00e9gante, intemporelle et r\u00e9sistante \u00e0 l\u2019eau.Chic, lumineuse et r\u00e9sistante.\" \/>\n<meta property=\"og:url\" content=\"https:\/\/enastyle.ma\/?product=gourmette-trefle-marbre\" \/>\n<meta property=\"article:modified_time\" content=\"2025-10-12T19:01:19+00:00\" \/>\n<meta property=\"og:image\" content=\"https:\/\/enastyle.ma\/wp-content\/uploads\/2025\/05\/Gourmette-Trefle-Marbre-P1-scaled.jpg\" \/>\n\t<meta property=\"og:image:width\" content=\"1920\" \/>\n\t<meta property=\"og:image:height\" content=\"2560\" \/>\n\t<meta property=\"og:image:type\" content=\"image\/jpeg\" \/>\n<meta name=\"twitter:card\" content=\"summary_large_image\" \/>\n<meta name=\"twitter:label1\" content=\"Dur\u00e9e de lecture estim\u00e9e\" \/>\n\t<meta name=\"twitter:data1\" content=\"1 minute\" \/>\n<script type=\"application\/ld+json\" class=\"yoast-schema-graph\">{\"@context\":\"https:\\\/\\\/schema.org\",\"@graph\":[{\"@type\":\"WebPage\",\"@id\":\"https:\\\/\\\/enastyle.ma\\\/?product=gourmette-trefle-marbre\",\"url\":\"https:\\\/\\\/enastyle.ma\\\/?product=gourmette-trefle-marbre\",\"name\":\"Gourmette Tr\u00e8fle Marbre -\",\"isPartOf\":{\"@id\":\"https:\\\/\\\/enastyle.ma\\\/#website\"},\"primaryImageOfPage\":{\"@id\":\"https:\\\/\\\/enastyle.ma\\\/?product=gourmette-trefle-marbre#primaryimage\"},\"image\":{\"@id\":\"https:\\\/\\\/enastyle.ma\\\/?product=gourmette-trefle-marbre#primaryimage\"},\"thumbnailUrl\":\"https:\\\/\\\/enastyle.ma\\\/wp-content\\\/uploads\\\/2025\\\/05\\\/Gourmette-Trefle-Marbre-P1-scaled.jpg\",\"datePublished\":\"2025-05-13T21:54:36+00:00\",\"dateModified\":\"2025-10-12T19:01:19+00:00\",\"description\":\"Gourmette dor\u00e9e avec tr\u00e8fles effet marbre blanc. \u00c9l\u00e9gante, intemporelle et r\u00e9sistante \u00e0 l\u2019eau.Chic, lumineuse et r\u00e9sistante.\",\"breadcrumb\":{\"@id\":\"https:\\\/\\\/enastyle.ma\\\/?product=gourmette-trefle-marbre#breadcrumb\"},\"inLanguage\":\"fr-FR\",\"potentialAction\":[{\"@type\":\"ReadAction\",\"target\":[\"https:\\\/\\\/enastyle.ma\\\/?product=gourmette-trefle-marbre\"]}]},{\"@type\":\"ImageObject\",\"inLanguage\":\"fr-FR\",\"@id\":\"https:\\\/\\\/enastyle.ma\\\/?product=gourmette-trefle-marbre#primaryimage\",\"url\":\"https:\\\/\\\/enastyle.ma\\\/wp-content\\\/uploads\\\/2025\\\/05\\\/Gourmette-Trefle-Marbre-P1-scaled.jpg\",\"contentUrl\":\"https:\\\/\\\/enastyle.ma\\\/wp-content\\\/uploads\\\/2025\\\/05\\\/Gourmette-Trefle-Marbre-P1-scaled.jpg\",\"width\":1920,\"height\":2560},{\"@type\":\"BreadcrumbList\",\"@id\":\"https:\\\/\\\/enastyle.ma\\\/?product=gourmette-trefle-marbre#breadcrumb\",\"itemListElement\":[{\"@type\":\"ListItem\",\"position\":1,\"name\":\"Accueil\",\"item\":\"https:\\\/\\\/enastyle.ma\\\/\"},{\"@type\":\"ListItem\",\"position\":2,\"name\":\"Store\",\"item\":\"https:\\\/\\\/enastyle.ma\\\/?page_id=785\"},{\"@type\":\"ListItem\",\"position\":3,\"name\":\"Gourmette Tr\u00e8fle Marbre\"}]},{\"@type\":\"WebSite\",\"@id\":\"https:\\\/\\\/enastyle.ma\\\/#website\",\"url\":\"https:\\\/\\\/enastyle.ma\\\/\",\"name\":\"\",\"description\":\"made for you\u00ae\",\"potentialAction\":[{\"@type\":\"SearchAction\",\"target\":{\"@type\":\"EntryPoint\",\"urlTemplate\":\"https:\\\/\\\/enastyle.ma\\\/?s={search_term_string}\"},\"query-input\":{\"@type\":\"PropertyValueSpecification\",\"valueRequired\":true,\"valueName\":\"search_term_string\"}}],\"inLanguage\":\"fr-FR\"}]}<\/script>\n<!-- \/ Yoast SEO plugin. -->","yoast_head_json":{"title":"Gourmette Tr\u00e8fle Marbre -","description":"Gourmette dor\u00e9e avec tr\u00e8fles effet marbre blanc. \u00c9l\u00e9gante, intemporelle et r\u00e9sistante \u00e0 l\u2019eau.Chic, lumineuse et r\u00e9sistante.","robots":{"index":"noindex","follow":"follow","max-snippet":"max-snippet:-1","max-image-preview":"max-image-preview:large","max-video-preview":"max-video-preview:-1"},"og_locale":"fr_FR","og_type":"article","og_title":"Gourmette Tr\u00e8fle Marbre -","og_description":"Gourmette dor\u00e9e avec tr\u00e8fles effet marbre blanc. \u00c9l\u00e9gante, intemporelle et r\u00e9sistante \u00e0 l\u2019eau.Chic, lumineuse et r\u00e9sistante.","og_url":"https:\/\/enastyle.ma\/?product=gourmette-trefle-marbre","article_modified_time":"2025-10-12T19:01:19+00:00","og_image":[{"width":1920,"height":2560,"url":"https:\/\/enastyle.ma\/wp-content\/uploads\/2025\/05\/Gourmette-Trefle-Marbre-P1-scaled.jpg","type":"image\/jpeg"}],"twitter_card":"summary_large_image","twitter_misc":{"Dur\u00e9e de lecture estim\u00e9e":"1 minute"},"schema":{"@context":"https:\/\/schema.org","@graph":[{"@type":"WebPage","@id":"https:\/\/enastyle.ma\/?product=gourmette-trefle-marbre","url":"https:\/\/enastyle.ma\/?product=gourmette-trefle-marbre","name":"Gourmette Tr\u00e8fle Marbre -","isPartOf":{"@id":"https:\/\/enastyle.ma\/#website"},"primaryImageOfPage":{"@id":"https:\/\/enastyle.ma\/?product=gourmette-trefle-marbre#primaryimage"},"image":{"@id":"https:\/\/enastyle.ma\/?product=gourmette-trefle-marbre#primaryimage"},"thumbnailUrl":"https:\/\/enastyle.ma\/wp-content\/uploads\/2025\/05\/Gourmette-Trefle-Marbre-P1-scaled.jpg","datePublished":"2025-05-13T21:54:36+00:00","dateModified":"2025-10-12T19:01:19+00:00","description":"Gourmette dor\u00e9e avec tr\u00e8fles effet marbre blanc. \u00c9l\u00e9gante, intemporelle et r\u00e9sistante \u00e0 l\u2019eau.Chic, lumineuse et r\u00e9sistante.","breadcrumb":{"@id":"https:\/\/enastyle.ma\/?product=gourmette-trefle-marbre#breadcrumb"},"inLanguage":"fr-FR","potentialAction":[{"@type":"ReadAction","target":["https:\/\/enastyle.ma\/?product=gourmette-trefle-marbre"]}]},{"@type":"ImageObject","inLanguage":"fr-FR","@id":"https:\/\/enastyle.ma\/?product=gourmette-trefle-marbre#primaryimage","url":"https:\/\/enastyle.ma\/wp-content\/uploads\/2025\/05\/Gourmette-Trefle-Marbre-P1-scaled.jpg","contentUrl":"https:\/\/enastyle.ma\/wp-content\/uploads\/2025\/05\/Gourmette-Trefle-Marbre-P1-scaled.jpg","width":1920,"height":2560},{"@type":"BreadcrumbList","@id":"https:\/\/enastyle.ma\/?product=gourmette-trefle-marbre#breadcrumb","itemListElement":[{"@type":"ListItem","position":1,"name":"Accueil","item":"https:\/\/enastyle.ma\/"},{"@type":"ListItem","position":2,"name":"Store","item":"https:\/\/enastyle.ma\/?page_id=785"},{"@type":"ListItem","position":3,"name":"Gourmette Tr\u00e8fle Marbre"}]},{"@type":"WebSite","@id":"https:\/\/enastyle.ma\/#website","url":"https:\/\/enastyle.ma\/","name":"","description":"made for you\u00ae","potentialAction":[{"@type":"SearchAction","target":{"@type":"EntryPoint","urlTemplate":"https:\/\/enastyle.ma\/?s={search_term_string}"},"query-input":{"@type":"PropertyValueSpecification","valueRequired":true,"valueName":"search_term_string"}}],"inLanguage":"fr-FR"}]}},"jetpack_sharing_enabled":true,"_links":{"self":[{"href":"https:\/\/enastyle.ma\/index.php?rest_route=\/wp\/v2\/product\/1327","targetHints":{"allow":["GET"]}}],"collection":[{"href":"https:\/\/enastyle.ma\/index.php?rest_route=\/wp\/v2\/product"}],"about":[{"href":"https:\/\/enastyle.ma\/index.php?rest_route=\/wp\/v2\/types\/product"}],"replies":[{"embeddable":true,"href":"https:\/\/enastyle.ma\/index.php?rest_route=%2Fwp%2Fv2%2Fcomments&post=1327"}],"wp:featuredmedia":[{"embeddable":true,"href":"https:\/\/enastyle.ma\/index.php?rest_route=\/wp\/v2\/media\/1328"}],"wp:attachment":[{"href":"https:\/\/enastyle.ma\/index.php?rest_route=%2Fwp%2Fv2%2Fmedia&parent=1327"}],"wp:term":[{"taxonomy":"product_brand","embeddable":true,"href":"https:\/\/enastyle.ma\/index.php?rest_route=%2Fwp%2Fv2%2Fproduct_brand&post=1327"},{"taxonomy":"product_cat","embeddable":true,"href":"https:\/\/enastyle.ma\/index.php?rest_route=%2Fwp%2Fv2%2Fproduct_cat&post=1327"},{"taxonomy":"product_tag","embeddable":true,"href":"https:\/\/enastyle.ma\/index.php?rest_route=%2Fwp%2Fv2%2Fproduct_tag&post=1327"}],"curies":[{"name":"wp","href":"https:\/\/api.w.org\/{rel}","templated":true}]}}