{"id":1358,"date":"2025-05-15T23:40:42","date_gmt":"2025-05-15T23:40:42","guid":{"rendered":"https:\/\/elmasspirit.ma\/?post_type=product&#038;p=1358"},"modified":"2025-05-15T23:40:42","modified_gmt":"2025-05-15T23:40:42","slug":"bracelet-lumiere-noire","status":"publish","type":"product","link":"https:\/\/enastyle.ma\/?product=bracelet-lumiere-noire","title":{"rendered":"Bracelet Lumi\u00e8re Noire"},"content":{"rendered":"<p>\u00c9l\u00e9gant et raffin\u00e9, ce bracelet en fil noir est rehauss\u00e9 de petites pierres dor\u00e9es et de pierres color\u00e9es qui ajoutent une touche de contraste subtil. Son design intemporel en fait un accessoire parfait \u00e0 porter au quotidien ou pour des occasions sp\u00e9ciales.<\/p>\n<p>\u2728 Un \u00e9quilibre parfait entre finesse et \u00e9clat.<\/p>\n","protected":false},"excerpt":{"rendered":"<p data-start=\"546\" data-end=\"649\"><strong data-start=\"546\" data-end=\"649\"><span class=\"_fadeIn_m1hgl_8\">Un <\/span><span class=\"_fadeIn_m1hgl_8\">bracelet <\/span><span class=\"_fadeIn_m1hgl_8\">raffin\u00e9 <\/span><span class=\"_fadeIn_m1hgl_8\">en <\/span><span class=\"_fadeIn_m1hgl_8\">fil <\/span><span class=\"_fadeIn_m1hgl_8\">noir, <\/span><span class=\"_fadeIn_m1hgl_8\">orn\u00e9 <\/span><span class=\"_fadeIn_m1hgl_8\">de <\/span><span class=\"_fadeIn_m1hgl_8\">perles <\/span><span class=\"_fadeIn_m1hgl_8\">multicolores <\/span><span class=\"_fadeIn_m1hgl_8\">pour <\/span><span class=\"_fadeIn_m1hgl_8\">un <\/span><span class=\"_fadeIn_m1hgl_8\">look <\/span><span class=\"_fadeIn_m1hgl_8\">vibrant <\/span><span class=\"_fadeIn_m1hgl_8\">et <\/span><span class=\"_fadeIn_m1hgl_8\">plein <\/span><span class=\"_fadeIn_m1hgl_8\">de <\/span><span class=\"_fadeIn_m1hgl_8\">sens.<\/span><\/strong><\/p>\n","protected":false},"featured_media":1359,"comment_status":"open","ping_status":"closed","template":"","meta":{"site-sidebar-layout":"default","site-content-layout":"","ast-site-content-layout":"default","site-content-style":"default","site-sidebar-style":"default","ast-global-header-display":"","ast-banner-title-visibility":"","ast-main-header-display":"","ast-hfb-above-header-display":"","ast-hfb-below-header-display":"","ast-hfb-mobile-header-display":"","site-post-title":"","ast-breadcrumbs-content":"","ast-featured-img":"","footer-sml-layout":"","theme-transparent-header-meta":"default","adv-header-id-meta":"","stick-header-meta":"","header-above-stick-meta":"","header-main-stick-meta":"","header-below-stick-meta":"","astra-migrate-meta-layouts":"set","ast-page-background-enabled":"default","ast-page-background-meta":{"desktop":{"background-color":"var(--ast-global-color-5)","background-image":"","background-repeat":"repeat","background-position":"center center","background-size":"auto","background-attachment":"scroll","background-type":"","background-media":"","overlay-type":"","overlay-color":"","overlay-opacity":"","overlay-gradient":""},"tablet":{"background-color":"","background-image":"","background-repeat":"repeat","background-position":"center center","background-size":"auto","background-attachment":"scroll","background-type":"","background-media":"","overlay-type":"","overlay-color":"","overlay-opacity":"","overlay-gradient":""},"mobile":{"background-color":"","background-image":"","background-repeat":"repeat","background-position":"center center","background-size":"auto","background-attachment":"scroll","background-type":"","background-media":"","overlay-type":"","overlay-color":"","overlay-opacity":"","overlay-gradient":""}},"ast-content-background-meta":{"desktop":{"background-color":"var(--ast-global-color-4)","background-image":"","background-repeat":"repeat","background-position":"center center","background-size":"auto","background-attachment":"scroll","background-type":"","background-media":"","overlay-type":"","overlay-color":"","overlay-opacity":"","overlay-gradient":""},"tablet":{"background-color":"var(--ast-global-color-4)","background-image":"","background-repeat":"repeat","background-position":"center center","background-size":"auto","background-attachment":"scroll","background-type":"","background-media":"","overlay-type":"","overlay-color":"","overlay-opacity":"","overlay-gradient":""},"mobile":{"background-color":"var(--ast-global-color-4)","background-image":"","background-repeat":"repeat","background-position":"center center","background-size":"auto","background-attachment":"scroll","background-type":"","background-media":"","overlay-type":"","overlay-color":"","overlay-opacity":"","overlay-gradient":""}}},"product_brand":[],"product_cat":[28],"product_tag":[46],"class_list":{"0":"post-1358","1":"product","2":"type-product","3":"status-publish","4":"has-post-thumbnail","6":"product_cat-bijoux-de-fil","7":"product_tag-braceletnoir-eclatdore-pierrescolorees-bijouelegant-contrastechic","8":"desktop-align-center","9":"tablet-align-left","10":"mobile-align-center","12":"first","13":"instock","14":"shipping-taxable","15":"purchasable","16":"product-type-simple"},"yoast_head":"<!-- This site is optimized with the Yoast SEO plugin v27.4 - https:\/\/yoast.com\/product\/yoast-seo-wordpress\/ -->\n<title>Bracelet Lumi\u00e8re Noire -<\/title>\n<meta name=\"description\" content=\"Bracelet en fil noir avec perles color\u00e9es \u00e9clatantes. \u00c9l\u00e9gant, ajustable, id\u00e9al pour une touche moderne et spirituelle. Un \u00e9quilibre parfait\" \/>\n<meta name=\"robots\" content=\"noindex, follow, max-snippet:-1, max-image-preview:large, max-video-preview:-1\" \/>\n<meta property=\"og:locale\" content=\"fr_FR\" \/>\n<meta property=\"og:type\" content=\"article\" \/>\n<meta property=\"og:title\" content=\"Bracelet Lumi\u00e8re Noire -\" \/>\n<meta property=\"og:description\" content=\"Bracelet en fil noir avec perles color\u00e9es \u00e9clatantes. \u00c9l\u00e9gant, ajustable, id\u00e9al pour une touche moderne et spirituelle. Un \u00e9quilibre parfait\" \/>\n<meta property=\"og:url\" content=\"https:\/\/enastyle.ma\/?product=bracelet-lumiere-noire\" \/>\n<meta property=\"og:image\" content=\"https:\/\/enastyle.ma\/wp-content\/uploads\/2025\/05\/Bracelet-Lumiere-Noire-en-fil-P1-scaled.jpg\" \/>\n\t<meta property=\"og:image:width\" content=\"1920\" \/>\n\t<meta property=\"og:image:height\" content=\"2560\" \/>\n\t<meta property=\"og:image:type\" content=\"image\/jpeg\" \/>\n<meta name=\"twitter:card\" content=\"summary_large_image\" \/>\n<meta name=\"twitter:label1\" content=\"Dur\u00e9e de lecture estim\u00e9e\" \/>\n\t<meta name=\"twitter:data1\" content=\"1 minute\" \/>\n<script type=\"application\/ld+json\" class=\"yoast-schema-graph\">{\"@context\":\"https:\\\/\\\/schema.org\",\"@graph\":[{\"@type\":\"WebPage\",\"@id\":\"https:\\\/\\\/enastyle.ma\\\/?product=bracelet-lumiere-noire\",\"url\":\"https:\\\/\\\/enastyle.ma\\\/?product=bracelet-lumiere-noire\",\"name\":\"Bracelet Lumi\u00e8re Noire -\",\"isPartOf\":{\"@id\":\"https:\\\/\\\/enastyle.ma\\\/#website\"},\"primaryImageOfPage\":{\"@id\":\"https:\\\/\\\/enastyle.ma\\\/?product=bracelet-lumiere-noire#primaryimage\"},\"image\":{\"@id\":\"https:\\\/\\\/enastyle.ma\\\/?product=bracelet-lumiere-noire#primaryimage\"},\"thumbnailUrl\":\"https:\\\/\\\/enastyle.ma\\\/wp-content\\\/uploads\\\/2025\\\/05\\\/Bracelet-Lumiere-Noire-en-fil-P1-scaled.jpg\",\"datePublished\":\"2025-05-15T23:40:42+00:00\",\"description\":\"Bracelet en fil noir avec perles color\u00e9es \u00e9clatantes. \u00c9l\u00e9gant, ajustable, id\u00e9al pour une touche moderne et spirituelle. Un \u00e9quilibre parfait\",\"breadcrumb\":{\"@id\":\"https:\\\/\\\/enastyle.ma\\\/?product=bracelet-lumiere-noire#breadcrumb\"},\"inLanguage\":\"fr-FR\",\"potentialAction\":[{\"@type\":\"ReadAction\",\"target\":[\"https:\\\/\\\/enastyle.ma\\\/?product=bracelet-lumiere-noire\"]}]},{\"@type\":\"ImageObject\",\"inLanguage\":\"fr-FR\",\"@id\":\"https:\\\/\\\/enastyle.ma\\\/?product=bracelet-lumiere-noire#primaryimage\",\"url\":\"https:\\\/\\\/enastyle.ma\\\/wp-content\\\/uploads\\\/2025\\\/05\\\/Bracelet-Lumiere-Noire-en-fil-P1-scaled.jpg\",\"contentUrl\":\"https:\\\/\\\/enastyle.ma\\\/wp-content\\\/uploads\\\/2025\\\/05\\\/Bracelet-Lumiere-Noire-en-fil-P1-scaled.jpg\",\"width\":1920,\"height\":2560},{\"@type\":\"BreadcrumbList\",\"@id\":\"https:\\\/\\\/enastyle.ma\\\/?product=bracelet-lumiere-noire#breadcrumb\",\"itemListElement\":[{\"@type\":\"ListItem\",\"position\":1,\"name\":\"Accueil\",\"item\":\"https:\\\/\\\/enastyle.ma\\\/\"},{\"@type\":\"ListItem\",\"position\":2,\"name\":\"Store\",\"item\":\"https:\\\/\\\/enastyle.ma\\\/?page_id=785\"},{\"@type\":\"ListItem\",\"position\":3,\"name\":\"Bracelet Lumi\u00e8re Noire\"}]},{\"@type\":\"WebSite\",\"@id\":\"https:\\\/\\\/enastyle.ma\\\/#website\",\"url\":\"https:\\\/\\\/enastyle.ma\\\/\",\"name\":\"\",\"description\":\"made for you\u00ae\",\"potentialAction\":[{\"@type\":\"SearchAction\",\"target\":{\"@type\":\"EntryPoint\",\"urlTemplate\":\"https:\\\/\\\/enastyle.ma\\\/?s={search_term_string}\"},\"query-input\":{\"@type\":\"PropertyValueSpecification\",\"valueRequired\":true,\"valueName\":\"search_term_string\"}}],\"inLanguage\":\"fr-FR\"}]}<\/script>\n<!-- \/ Yoast SEO plugin. -->","yoast_head_json":{"title":"Bracelet Lumi\u00e8re Noire -","description":"Bracelet en fil noir avec perles color\u00e9es \u00e9clatantes. \u00c9l\u00e9gant, ajustable, id\u00e9al pour une touche moderne et spirituelle. Un \u00e9quilibre parfait","robots":{"index":"noindex","follow":"follow","max-snippet":"max-snippet:-1","max-image-preview":"max-image-preview:large","max-video-preview":"max-video-preview:-1"},"og_locale":"fr_FR","og_type":"article","og_title":"Bracelet Lumi\u00e8re Noire -","og_description":"Bracelet en fil noir avec perles color\u00e9es \u00e9clatantes. \u00c9l\u00e9gant, ajustable, id\u00e9al pour une touche moderne et spirituelle. Un \u00e9quilibre parfait","og_url":"https:\/\/enastyle.ma\/?product=bracelet-lumiere-noire","og_image":[{"width":1920,"height":2560,"url":"https:\/\/enastyle.ma\/wp-content\/uploads\/2025\/05\/Bracelet-Lumiere-Noire-en-fil-P1-scaled.jpg","type":"image\/jpeg"}],"twitter_card":"summary_large_image","twitter_misc":{"Dur\u00e9e de lecture estim\u00e9e":"1 minute"},"schema":{"@context":"https:\/\/schema.org","@graph":[{"@type":"WebPage","@id":"https:\/\/enastyle.ma\/?product=bracelet-lumiere-noire","url":"https:\/\/enastyle.ma\/?product=bracelet-lumiere-noire","name":"Bracelet Lumi\u00e8re Noire -","isPartOf":{"@id":"https:\/\/enastyle.ma\/#website"},"primaryImageOfPage":{"@id":"https:\/\/enastyle.ma\/?product=bracelet-lumiere-noire#primaryimage"},"image":{"@id":"https:\/\/enastyle.ma\/?product=bracelet-lumiere-noire#primaryimage"},"thumbnailUrl":"https:\/\/enastyle.ma\/wp-content\/uploads\/2025\/05\/Bracelet-Lumiere-Noire-en-fil-P1-scaled.jpg","datePublished":"2025-05-15T23:40:42+00:00","description":"Bracelet en fil noir avec perles color\u00e9es \u00e9clatantes. \u00c9l\u00e9gant, ajustable, id\u00e9al pour une touche moderne et spirituelle. Un \u00e9quilibre parfait","breadcrumb":{"@id":"https:\/\/enastyle.ma\/?product=bracelet-lumiere-noire#breadcrumb"},"inLanguage":"fr-FR","potentialAction":[{"@type":"ReadAction","target":["https:\/\/enastyle.ma\/?product=bracelet-lumiere-noire"]}]},{"@type":"ImageObject","inLanguage":"fr-FR","@id":"https:\/\/enastyle.ma\/?product=bracelet-lumiere-noire#primaryimage","url":"https:\/\/enastyle.ma\/wp-content\/uploads\/2025\/05\/Bracelet-Lumiere-Noire-en-fil-P1-scaled.jpg","contentUrl":"https:\/\/enastyle.ma\/wp-content\/uploads\/2025\/05\/Bracelet-Lumiere-Noire-en-fil-P1-scaled.jpg","width":1920,"height":2560},{"@type":"BreadcrumbList","@id":"https:\/\/enastyle.ma\/?product=bracelet-lumiere-noire#breadcrumb","itemListElement":[{"@type":"ListItem","position":1,"name":"Accueil","item":"https:\/\/enastyle.ma\/"},{"@type":"ListItem","position":2,"name":"Store","item":"https:\/\/enastyle.ma\/?page_id=785"},{"@type":"ListItem","position":3,"name":"Bracelet Lumi\u00e8re Noire"}]},{"@type":"WebSite","@id":"https:\/\/enastyle.ma\/#website","url":"https:\/\/enastyle.ma\/","name":"","description":"made for you\u00ae","potentialAction":[{"@type":"SearchAction","target":{"@type":"EntryPoint","urlTemplate":"https:\/\/enastyle.ma\/?s={search_term_string}"},"query-input":{"@type":"PropertyValueSpecification","valueRequired":true,"valueName":"search_term_string"}}],"inLanguage":"fr-FR"}]}},"jetpack_sharing_enabled":true,"_links":{"self":[{"href":"https:\/\/enastyle.ma\/index.php?rest_route=\/wp\/v2\/product\/1358","targetHints":{"allow":["GET"]}}],"collection":[{"href":"https:\/\/enastyle.ma\/index.php?rest_route=\/wp\/v2\/product"}],"about":[{"href":"https:\/\/enastyle.ma\/index.php?rest_route=\/wp\/v2\/types\/product"}],"replies":[{"embeddable":true,"href":"https:\/\/enastyle.ma\/index.php?rest_route=%2Fwp%2Fv2%2Fcomments&post=1358"}],"wp:featuredmedia":[{"embeddable":true,"href":"https:\/\/enastyle.ma\/index.php?rest_route=\/wp\/v2\/media\/1359"}],"wp:attachment":[{"href":"https:\/\/enastyle.ma\/index.php?rest_route=%2Fwp%2Fv2%2Fmedia&parent=1358"}],"wp:term":[{"taxonomy":"product_brand","embeddable":true,"href":"https:\/\/enastyle.ma\/index.php?rest_route=%2Fwp%2Fv2%2Fproduct_brand&post=1358"},{"taxonomy":"product_cat","embeddable":true,"href":"https:\/\/enastyle.ma\/index.php?rest_route=%2Fwp%2Fv2%2Fproduct_cat&post=1358"},{"taxonomy":"product_tag","embeddable":true,"href":"https:\/\/enastyle.ma\/index.php?rest_route=%2Fwp%2Fv2%2Fproduct_tag&post=1358"}],"curies":[{"name":"wp","href":"https:\/\/api.w.org\/{rel}","templated":true}]}}