{"id":1367,"date":"2025-05-18T23:40:39","date_gmt":"2025-05-18T23:40:39","guid":{"rendered":"https:\/\/elmasspirit.ma\/?post_type=product&#038;p=1367"},"modified":"2025-05-18T23:40:39","modified_gmt":"2025-05-18T23:40:39","slug":"bracelet-majeste-dore","status":"publish","type":"product","link":"https:\/\/enastyle.ma\/?product=bracelet-majeste-dore","title":{"rendered":"Bracelet Majest\u00e9 Dor\u00e9e"},"content":{"rendered":"<p>L&rsquo;\u00e9l\u00e9gance intemporelle du Bracelet Majest\u00e9 Dor\u00e9e se r\u00e9v\u00e8le \u00e0 travers son fil vert fonc\u00e9 finement tiss\u00e9, sublim\u00e9 par une khmissa dor\u00e9e d\u00e9licatement plac\u00e9e. Une alliance parfaite entre tradition et modernit\u00e9, ce bracelet incarne le raffinement et la sophistication. Un bijou qui se distingue par sa puret\u00e9 et son luxe discret, offrant \u00e0 celui qui le porte un \u00e9clat subtil mais inoubliable.<\/p>\n<p>\u2728 L\u2019\u00e9l\u00e9gance \u00e0 l\u2019\u00e9tat pur, pour un style distingu\u00e9.<\/p>\n","protected":false},"excerpt":{"rendered":"<p>Bracelet \u00e9l\u00e9gant \u00e0 cordon vert r\u00e9glable, orn\u00e9 d\u2019un motif dor\u00e9 inspir\u00e9 de l\u2019art oriental.<\/p>\n","protected":false},"featured_media":1368,"comment_status":"open","ping_status":"closed","template":"","meta":{"site-sidebar-layout":"default","site-content-layout":"","ast-site-content-layout":"default","site-content-style":"default","site-sidebar-style":"default","ast-global-header-display":"","ast-banner-title-visibility":"","ast-main-header-display":"","ast-hfb-above-header-display":"","ast-hfb-below-header-display":"","ast-hfb-mobile-header-display":"","site-post-title":"","ast-breadcrumbs-content":"","ast-featured-img":"","footer-sml-layout":"","theme-transparent-header-meta":"default","adv-header-id-meta":"","stick-header-meta":"","header-above-stick-meta":"","header-main-stick-meta":"","header-below-stick-meta":"","astra-migrate-meta-layouts":"set","ast-page-background-enabled":"default","ast-page-background-meta":{"desktop":{"background-color":"var(--ast-global-color-5)","background-image":"","background-repeat":"repeat","background-position":"center center","background-size":"auto","background-attachment":"scroll","background-type":"","background-media":"","overlay-type":"","overlay-color":"","overlay-opacity":"","overlay-gradient":""},"tablet":{"background-color":"","background-image":"","background-repeat":"repeat","background-position":"center center","background-size":"auto","background-attachment":"scroll","background-type":"","background-media":"","overlay-type":"","overlay-color":"","overlay-opacity":"","overlay-gradient":""},"mobile":{"background-color":"","background-image":"","background-repeat":"repeat","background-position":"center center","background-size":"auto","background-attachment":"scroll","background-type":"","background-media":"","overlay-type":"","overlay-color":"","overlay-opacity":"","overlay-gradient":""}},"ast-content-background-meta":{"desktop":{"background-color":"var(--ast-global-color-4)","background-image":"","background-repeat":"repeat","background-position":"center center","background-size":"auto","background-attachment":"scroll","background-type":"","background-media":"","overlay-type":"","overlay-color":"","overlay-opacity":"","overlay-gradient":""},"tablet":{"background-color":"var(--ast-global-color-4)","background-image":"","background-repeat":"repeat","background-position":"center center","background-size":"auto","background-attachment":"scroll","background-type":"","background-media":"","overlay-type":"","overlay-color":"","overlay-opacity":"","overlay-gradient":""},"mobile":{"background-color":"var(--ast-global-color-4)","background-image":"","background-repeat":"repeat","background-position":"center center","background-size":"auto","background-attachment":"scroll","background-type":"","background-media":"","overlay-type":"","overlay-color":"","overlay-opacity":"","overlay-gradient":""}}},"product_brand":[],"product_cat":[28],"product_tag":[48],"class_list":{"0":"post-1367","1":"product","2":"type-product","3":"status-publish","4":"has-post-thumbnail","6":"product_cat-bijoux-de-fil","7":"product_tag-bijouraffine-acierdore-traditionmoderne-bijousophistique-eclatsubtil-majestedoree","8":"desktop-align-center","9":"tablet-align-left","10":"mobile-align-center","12":"first","13":"instock","14":"shipping-taxable","15":"purchasable","16":"product-type-simple"},"yoast_head":"<!-- This site is optimized with the Yoast SEO plugin v27.4 - https:\/\/yoast.com\/product\/yoast-seo-wordpress\/ -->\n<title>Bracelet Majest\u00e9 Dor\u00e9e -<\/title>\n<meta name=\"description\" content=\"Sublimez votre poignet avec le Bracelet Majest\u00e9 Dor\u00e9 : un bijou raffin\u00e9 \u00e0 corde verte et motif dor\u00e9. style moderne en un seul accessoire.\" \/>\n<meta name=\"robots\" content=\"noindex, follow, max-snippet:-1, max-image-preview:large, max-video-preview:-1\" \/>\n<meta property=\"og:locale\" content=\"fr_FR\" \/>\n<meta property=\"og:type\" content=\"article\" \/>\n<meta property=\"og:title\" content=\"Bracelet Majest\u00e9 Dor\u00e9e -\" \/>\n<meta property=\"og:description\" content=\"Sublimez votre poignet avec le Bracelet Majest\u00e9 Dor\u00e9 : un bijou raffin\u00e9 \u00e0 corde verte et motif dor\u00e9. style moderne en un seul accessoire.\" \/>\n<meta property=\"og:url\" content=\"https:\/\/enastyle.ma\/?product=bracelet-majeste-dore\" \/>\n<meta property=\"og:image\" content=\"https:\/\/enastyle.ma\/wp-content\/uploads\/2025\/05\/Bracelet-Majeste-Doree-en-fil-P1-scaled.jpg\" \/>\n\t<meta property=\"og:image:width\" content=\"1920\" \/>\n\t<meta property=\"og:image:height\" content=\"2560\" \/>\n\t<meta property=\"og:image:type\" content=\"image\/jpeg\" \/>\n<meta name=\"twitter:card\" content=\"summary_large_image\" \/>\n<meta name=\"twitter:label1\" content=\"Dur\u00e9e de lecture estim\u00e9e\" \/>\n\t<meta name=\"twitter:data1\" content=\"1 minute\" \/>\n<script type=\"application\/ld+json\" class=\"yoast-schema-graph\">{\"@context\":\"https:\\\/\\\/schema.org\",\"@graph\":[{\"@type\":\"WebPage\",\"@id\":\"https:\\\/\\\/enastyle.ma\\\/?product=bracelet-majeste-dore\",\"url\":\"https:\\\/\\\/enastyle.ma\\\/?product=bracelet-majeste-dore\",\"name\":\"Bracelet Majest\u00e9 Dor\u00e9e -\",\"isPartOf\":{\"@id\":\"https:\\\/\\\/enastyle.ma\\\/#website\"},\"primaryImageOfPage\":{\"@id\":\"https:\\\/\\\/enastyle.ma\\\/?product=bracelet-majeste-dore#primaryimage\"},\"image\":{\"@id\":\"https:\\\/\\\/enastyle.ma\\\/?product=bracelet-majeste-dore#primaryimage\"},\"thumbnailUrl\":\"https:\\\/\\\/enastyle.ma\\\/wp-content\\\/uploads\\\/2025\\\/05\\\/Bracelet-Majeste-Doree-en-fil-P1-scaled.jpg\",\"datePublished\":\"2025-05-18T23:40:39+00:00\",\"description\":\"Sublimez votre poignet avec le Bracelet Majest\u00e9 Dor\u00e9 : un bijou raffin\u00e9 \u00e0 corde verte et motif dor\u00e9. style moderne en un seul accessoire.\",\"breadcrumb\":{\"@id\":\"https:\\\/\\\/enastyle.ma\\\/?product=bracelet-majeste-dore#breadcrumb\"},\"inLanguage\":\"fr-FR\",\"potentialAction\":[{\"@type\":\"ReadAction\",\"target\":[\"https:\\\/\\\/enastyle.ma\\\/?product=bracelet-majeste-dore\"]}]},{\"@type\":\"ImageObject\",\"inLanguage\":\"fr-FR\",\"@id\":\"https:\\\/\\\/enastyle.ma\\\/?product=bracelet-majeste-dore#primaryimage\",\"url\":\"https:\\\/\\\/enastyle.ma\\\/wp-content\\\/uploads\\\/2025\\\/05\\\/Bracelet-Majeste-Doree-en-fil-P1-scaled.jpg\",\"contentUrl\":\"https:\\\/\\\/enastyle.ma\\\/wp-content\\\/uploads\\\/2025\\\/05\\\/Bracelet-Majeste-Doree-en-fil-P1-scaled.jpg\",\"width\":1920,\"height\":2560},{\"@type\":\"BreadcrumbList\",\"@id\":\"https:\\\/\\\/enastyle.ma\\\/?product=bracelet-majeste-dore#breadcrumb\",\"itemListElement\":[{\"@type\":\"ListItem\",\"position\":1,\"name\":\"Accueil\",\"item\":\"https:\\\/\\\/enastyle.ma\\\/\"},{\"@type\":\"ListItem\",\"position\":2,\"name\":\"Store\",\"item\":\"https:\\\/\\\/enastyle.ma\\\/?page_id=785\"},{\"@type\":\"ListItem\",\"position\":3,\"name\":\"Bracelet Majest\u00e9 Dor\u00e9e\"}]},{\"@type\":\"WebSite\",\"@id\":\"https:\\\/\\\/enastyle.ma\\\/#website\",\"url\":\"https:\\\/\\\/enastyle.ma\\\/\",\"name\":\"\",\"description\":\"made for you\u00ae\",\"potentialAction\":[{\"@type\":\"SearchAction\",\"target\":{\"@type\":\"EntryPoint\",\"urlTemplate\":\"https:\\\/\\\/enastyle.ma\\\/?s={search_term_string}\"},\"query-input\":{\"@type\":\"PropertyValueSpecification\",\"valueRequired\":true,\"valueName\":\"search_term_string\"}}],\"inLanguage\":\"fr-FR\"}]}<\/script>\n<!-- \/ Yoast SEO plugin. -->","yoast_head_json":{"title":"Bracelet Majest\u00e9 Dor\u00e9e -","description":"Sublimez votre poignet avec le Bracelet Majest\u00e9 Dor\u00e9 : un bijou raffin\u00e9 \u00e0 corde verte et motif dor\u00e9. style moderne en un seul accessoire.","robots":{"index":"noindex","follow":"follow","max-snippet":"max-snippet:-1","max-image-preview":"max-image-preview:large","max-video-preview":"max-video-preview:-1"},"og_locale":"fr_FR","og_type":"article","og_title":"Bracelet Majest\u00e9 Dor\u00e9e -","og_description":"Sublimez votre poignet avec le Bracelet Majest\u00e9 Dor\u00e9 : un bijou raffin\u00e9 \u00e0 corde verte et motif dor\u00e9. style moderne en un seul accessoire.","og_url":"https:\/\/enastyle.ma\/?product=bracelet-majeste-dore","og_image":[{"width":1920,"height":2560,"url":"https:\/\/enastyle.ma\/wp-content\/uploads\/2025\/05\/Bracelet-Majeste-Doree-en-fil-P1-scaled.jpg","type":"image\/jpeg"}],"twitter_card":"summary_large_image","twitter_misc":{"Dur\u00e9e de lecture estim\u00e9e":"1 minute"},"schema":{"@context":"https:\/\/schema.org","@graph":[{"@type":"WebPage","@id":"https:\/\/enastyle.ma\/?product=bracelet-majeste-dore","url":"https:\/\/enastyle.ma\/?product=bracelet-majeste-dore","name":"Bracelet Majest\u00e9 Dor\u00e9e -","isPartOf":{"@id":"https:\/\/enastyle.ma\/#website"},"primaryImageOfPage":{"@id":"https:\/\/enastyle.ma\/?product=bracelet-majeste-dore#primaryimage"},"image":{"@id":"https:\/\/enastyle.ma\/?product=bracelet-majeste-dore#primaryimage"},"thumbnailUrl":"https:\/\/enastyle.ma\/wp-content\/uploads\/2025\/05\/Bracelet-Majeste-Doree-en-fil-P1-scaled.jpg","datePublished":"2025-05-18T23:40:39+00:00","description":"Sublimez votre poignet avec le Bracelet Majest\u00e9 Dor\u00e9 : un bijou raffin\u00e9 \u00e0 corde verte et motif dor\u00e9. style moderne en un seul accessoire.","breadcrumb":{"@id":"https:\/\/enastyle.ma\/?product=bracelet-majeste-dore#breadcrumb"},"inLanguage":"fr-FR","potentialAction":[{"@type":"ReadAction","target":["https:\/\/enastyle.ma\/?product=bracelet-majeste-dore"]}]},{"@type":"ImageObject","inLanguage":"fr-FR","@id":"https:\/\/enastyle.ma\/?product=bracelet-majeste-dore#primaryimage","url":"https:\/\/enastyle.ma\/wp-content\/uploads\/2025\/05\/Bracelet-Majeste-Doree-en-fil-P1-scaled.jpg","contentUrl":"https:\/\/enastyle.ma\/wp-content\/uploads\/2025\/05\/Bracelet-Majeste-Doree-en-fil-P1-scaled.jpg","width":1920,"height":2560},{"@type":"BreadcrumbList","@id":"https:\/\/enastyle.ma\/?product=bracelet-majeste-dore#breadcrumb","itemListElement":[{"@type":"ListItem","position":1,"name":"Accueil","item":"https:\/\/enastyle.ma\/"},{"@type":"ListItem","position":2,"name":"Store","item":"https:\/\/enastyle.ma\/?page_id=785"},{"@type":"ListItem","position":3,"name":"Bracelet Majest\u00e9 Dor\u00e9e"}]},{"@type":"WebSite","@id":"https:\/\/enastyle.ma\/#website","url":"https:\/\/enastyle.ma\/","name":"","description":"made for you\u00ae","potentialAction":[{"@type":"SearchAction","target":{"@type":"EntryPoint","urlTemplate":"https:\/\/enastyle.ma\/?s={search_term_string}"},"query-input":{"@type":"PropertyValueSpecification","valueRequired":true,"valueName":"search_term_string"}}],"inLanguage":"fr-FR"}]}},"jetpack_sharing_enabled":true,"_links":{"self":[{"href":"https:\/\/enastyle.ma\/index.php?rest_route=\/wp\/v2\/product\/1367","targetHints":{"allow":["GET"]}}],"collection":[{"href":"https:\/\/enastyle.ma\/index.php?rest_route=\/wp\/v2\/product"}],"about":[{"href":"https:\/\/enastyle.ma\/index.php?rest_route=\/wp\/v2\/types\/product"}],"replies":[{"embeddable":true,"href":"https:\/\/enastyle.ma\/index.php?rest_route=%2Fwp%2Fv2%2Fcomments&post=1367"}],"wp:featuredmedia":[{"embeddable":true,"href":"https:\/\/enastyle.ma\/index.php?rest_route=\/wp\/v2\/media\/1368"}],"wp:attachment":[{"href":"https:\/\/enastyle.ma\/index.php?rest_route=%2Fwp%2Fv2%2Fmedia&parent=1367"}],"wp:term":[{"taxonomy":"product_brand","embeddable":true,"href":"https:\/\/enastyle.ma\/index.php?rest_route=%2Fwp%2Fv2%2Fproduct_brand&post=1367"},{"taxonomy":"product_cat","embeddable":true,"href":"https:\/\/enastyle.ma\/index.php?rest_route=%2Fwp%2Fv2%2Fproduct_cat&post=1367"},{"taxonomy":"product_tag","embeddable":true,"href":"https:\/\/enastyle.ma\/index.php?rest_route=%2Fwp%2Fv2%2Fproduct_tag&post=1367"}],"curies":[{"name":"wp","href":"https:\/\/api.w.org\/{rel}","templated":true}]}}