{"id":1371,"date":"2025-05-18T23:59:58","date_gmt":"2025-05-18T23:59:58","guid":{"rendered":"https:\/\/elmasspirit.ma\/?post_type=product&#038;p=1371"},"modified":"2025-05-18T23:59:58","modified_gmt":"2025-05-18T23:59:58","slug":"bracelet-chaine-sublime","status":"publish","type":"product","link":"https:\/\/enastyle.ma\/?product=bracelet-chaine-sublime","title":{"rendered":"Bracelet Cha\u00eene Sublime"},"content":{"rendered":"<p>Le Bracelet Cha\u00eene Sublime est un v\u00e9ritable bijou de distinction. Confectionn\u00e9 en fil noir, il est rehauss\u00e9 d\u2019un motif dor\u00e9 en forme de cha\u00eene, apportant une touche subtile de luxe et d\u2019\u00e9l\u00e9gance. Son design \u00e9pur\u00e9 et moderne en fait l&rsquo;accessoire parfait pour toute occasion, offrant un \u00e9clat discret mais raffin\u00e9. Une pi\u00e8ce essentielle qui allie simplicit\u00e9 et sophistication avec finesse.<\/p>\n<p>\u2728 L&rsquo;\u00e9l\u00e9gance pure, pour un style audacieux et raffin\u00e9.<\/p>\n","protected":false},"excerpt":{"rendered":"<p>Bracelet minimaliste avec cordon noir r\u00e9glable et cha\u00eene dor\u00e9e centrale.<\/p>\n","protected":false},"featured_media":1372,"comment_status":"open","ping_status":"closed","template":"","meta":{"site-sidebar-layout":"default","site-content-layout":"","ast-site-content-layout":"default","site-content-style":"default","site-sidebar-style":"default","ast-global-header-display":"","ast-banner-title-visibility":"","ast-main-header-display":"","ast-hfb-above-header-display":"","ast-hfb-below-header-display":"","ast-hfb-mobile-header-display":"","site-post-title":"","ast-breadcrumbs-content":"","ast-featured-img":"","footer-sml-layout":"","theme-transparent-header-meta":"default","adv-header-id-meta":"","stick-header-meta":"","header-above-stick-meta":"","header-main-stick-meta":"","header-below-stick-meta":"","astra-migrate-meta-layouts":"set","ast-page-background-enabled":"default","ast-page-background-meta":{"desktop":{"background-color":"var(--ast-global-color-5)","background-image":"","background-repeat":"repeat","background-position":"center center","background-size":"auto","background-attachment":"scroll","background-type":"","background-media":"","overlay-type":"","overlay-color":"","overlay-opacity":"","overlay-gradient":""},"tablet":{"background-color":"","background-image":"","background-repeat":"repeat","background-position":"center center","background-size":"auto","background-attachment":"scroll","background-type":"","background-media":"","overlay-type":"","overlay-color":"","overlay-opacity":"","overlay-gradient":""},"mobile":{"background-color":"","background-image":"","background-repeat":"repeat","background-position":"center center","background-size":"auto","background-attachment":"scroll","background-type":"","background-media":"","overlay-type":"","overlay-color":"","overlay-opacity":"","overlay-gradient":""}},"ast-content-background-meta":{"desktop":{"background-color":"var(--ast-global-color-4)","background-image":"","background-repeat":"repeat","background-position":"center center","background-size":"auto","background-attachment":"scroll","background-type":"","background-media":"","overlay-type":"","overlay-color":"","overlay-opacity":"","overlay-gradient":""},"tablet":{"background-color":"var(--ast-global-color-4)","background-image":"","background-repeat":"repeat","background-position":"center center","background-size":"auto","background-attachment":"scroll","background-type":"","background-media":"","overlay-type":"","overlay-color":"","overlay-opacity":"","overlay-gradient":""},"mobile":{"background-color":"var(--ast-global-color-4)","background-image":"","background-repeat":"repeat","background-position":"center center","background-size":"auto","background-attachment":"scroll","background-type":"","background-media":"","overlay-type":"","overlay-color":"","overlay-opacity":"","overlay-gradient":""}}},"product_brand":[],"product_cat":[28],"product_tag":[49],"class_list":{"0":"post-1371","1":"product","2":"type-product","3":"status-publish","4":"has-post-thumbnail","6":"product_cat-bijoux-de-fil","7":"product_tag-elegancedoree-braceletchic-chainedoree-filnoir-bijousublime-luxediscret-styleraffine","8":"desktop-align-center","9":"tablet-align-left","10":"mobile-align-center","12":"first","13":"instock","14":"shipping-taxable","15":"purchasable","16":"product-type-simple"},"yoast_head":"<!-- This site is optimized with the Yoast SEO plugin v27.4 - https:\/\/yoast.com\/product\/yoast-seo-wordpress\/ -->\n<title>Bracelet Cha\u00eene Sublime Bracelet Cha\u00eene Sublime -<\/title>\n<meta name=\"description\" content=\"Adoptez un style \u00e9pur\u00e9 avec le Bracelet Cha\u00eene Sublime : cordon noir et cha\u00eene dor\u00e9e centrale. \u00c9l\u00e9gance minimaliste, parfait pour un look moderne\" \/>\n<meta name=\"robots\" content=\"noindex, follow, max-snippet:-1, max-image-preview:large, max-video-preview:-1\" \/>\n<meta property=\"og:locale\" content=\"fr_FR\" \/>\n<meta property=\"og:type\" content=\"article\" \/>\n<meta property=\"og:title\" content=\"Bracelet Cha\u00eene Sublime Bracelet Cha\u00eene Sublime -\" \/>\n<meta property=\"og:description\" content=\"Adoptez un style \u00e9pur\u00e9 avec le Bracelet Cha\u00eene Sublime : cordon noir et cha\u00eene dor\u00e9e centrale. \u00c9l\u00e9gance minimaliste, parfait pour un look moderne\" \/>\n<meta property=\"og:url\" content=\"https:\/\/enastyle.ma\/?product=bracelet-chaine-sublime\" \/>\n<meta property=\"og:image\" content=\"https:\/\/enastyle.ma\/wp-content\/uploads\/2025\/05\/Bracelet-Chaine-Sublime-en-fil-P1-scaled.jpg\" \/>\n\t<meta property=\"og:image:width\" content=\"1920\" \/>\n\t<meta property=\"og:image:height\" content=\"2560\" \/>\n\t<meta property=\"og:image:type\" content=\"image\/jpeg\" \/>\n<meta name=\"twitter:card\" content=\"summary_large_image\" \/>\n<meta name=\"twitter:label1\" content=\"Dur\u00e9e de lecture estim\u00e9e\" \/>\n\t<meta name=\"twitter:data1\" content=\"1 minute\" \/>\n<script type=\"application\/ld+json\" class=\"yoast-schema-graph\">{\"@context\":\"https:\\\/\\\/schema.org\",\"@graph\":[{\"@type\":\"WebPage\",\"@id\":\"https:\\\/\\\/enastyle.ma\\\/?product=bracelet-chaine-sublime\",\"url\":\"https:\\\/\\\/enastyle.ma\\\/?product=bracelet-chaine-sublime\",\"name\":\"Bracelet Cha\u00eene Sublime Bracelet Cha\u00eene Sublime -\",\"isPartOf\":{\"@id\":\"https:\\\/\\\/enastyle.ma\\\/#website\"},\"primaryImageOfPage\":{\"@id\":\"https:\\\/\\\/enastyle.ma\\\/?product=bracelet-chaine-sublime#primaryimage\"},\"image\":{\"@id\":\"https:\\\/\\\/enastyle.ma\\\/?product=bracelet-chaine-sublime#primaryimage\"},\"thumbnailUrl\":\"https:\\\/\\\/enastyle.ma\\\/wp-content\\\/uploads\\\/2025\\\/05\\\/Bracelet-Chaine-Sublime-en-fil-P1-scaled.jpg\",\"datePublished\":\"2025-05-18T23:59:58+00:00\",\"description\":\"Adoptez un style \u00e9pur\u00e9 avec le Bracelet Cha\u00eene Sublime : cordon noir et cha\u00eene dor\u00e9e centrale. \u00c9l\u00e9gance minimaliste, parfait pour un look moderne\",\"breadcrumb\":{\"@id\":\"https:\\\/\\\/enastyle.ma\\\/?product=bracelet-chaine-sublime#breadcrumb\"},\"inLanguage\":\"fr-FR\",\"potentialAction\":[{\"@type\":\"ReadAction\",\"target\":[\"https:\\\/\\\/enastyle.ma\\\/?product=bracelet-chaine-sublime\"]}]},{\"@type\":\"ImageObject\",\"inLanguage\":\"fr-FR\",\"@id\":\"https:\\\/\\\/enastyle.ma\\\/?product=bracelet-chaine-sublime#primaryimage\",\"url\":\"https:\\\/\\\/enastyle.ma\\\/wp-content\\\/uploads\\\/2025\\\/05\\\/Bracelet-Chaine-Sublime-en-fil-P1-scaled.jpg\",\"contentUrl\":\"https:\\\/\\\/enastyle.ma\\\/wp-content\\\/uploads\\\/2025\\\/05\\\/Bracelet-Chaine-Sublime-en-fil-P1-scaled.jpg\",\"width\":1920,\"height\":2560},{\"@type\":\"BreadcrumbList\",\"@id\":\"https:\\\/\\\/enastyle.ma\\\/?product=bracelet-chaine-sublime#breadcrumb\",\"itemListElement\":[{\"@type\":\"ListItem\",\"position\":1,\"name\":\"Accueil\",\"item\":\"https:\\\/\\\/enastyle.ma\\\/\"},{\"@type\":\"ListItem\",\"position\":2,\"name\":\"Store\",\"item\":\"https:\\\/\\\/enastyle.ma\\\/?page_id=785\"},{\"@type\":\"ListItem\",\"position\":3,\"name\":\"Bracelet Cha\u00eene Sublime\"}]},{\"@type\":\"WebSite\",\"@id\":\"https:\\\/\\\/enastyle.ma\\\/#website\",\"url\":\"https:\\\/\\\/enastyle.ma\\\/\",\"name\":\"\",\"description\":\"made for you\u00ae\",\"potentialAction\":[{\"@type\":\"SearchAction\",\"target\":{\"@type\":\"EntryPoint\",\"urlTemplate\":\"https:\\\/\\\/enastyle.ma\\\/?s={search_term_string}\"},\"query-input\":{\"@type\":\"PropertyValueSpecification\",\"valueRequired\":true,\"valueName\":\"search_term_string\"}}],\"inLanguage\":\"fr-FR\"}]}<\/script>\n<!-- \/ Yoast SEO plugin. -->","yoast_head_json":{"title":"Bracelet Cha\u00eene Sublime Bracelet Cha\u00eene Sublime -","description":"Adoptez un style \u00e9pur\u00e9 avec le Bracelet Cha\u00eene Sublime : cordon noir et cha\u00eene dor\u00e9e centrale. \u00c9l\u00e9gance minimaliste, parfait pour un look moderne","robots":{"index":"noindex","follow":"follow","max-snippet":"max-snippet:-1","max-image-preview":"max-image-preview:large","max-video-preview":"max-video-preview:-1"},"og_locale":"fr_FR","og_type":"article","og_title":"Bracelet Cha\u00eene Sublime Bracelet Cha\u00eene Sublime -","og_description":"Adoptez un style \u00e9pur\u00e9 avec le Bracelet Cha\u00eene Sublime : cordon noir et cha\u00eene dor\u00e9e centrale. \u00c9l\u00e9gance minimaliste, parfait pour un look moderne","og_url":"https:\/\/enastyle.ma\/?product=bracelet-chaine-sublime","og_image":[{"width":1920,"height":2560,"url":"https:\/\/enastyle.ma\/wp-content\/uploads\/2025\/05\/Bracelet-Chaine-Sublime-en-fil-P1-scaled.jpg","type":"image\/jpeg"}],"twitter_card":"summary_large_image","twitter_misc":{"Dur\u00e9e de lecture estim\u00e9e":"1 minute"},"schema":{"@context":"https:\/\/schema.org","@graph":[{"@type":"WebPage","@id":"https:\/\/enastyle.ma\/?product=bracelet-chaine-sublime","url":"https:\/\/enastyle.ma\/?product=bracelet-chaine-sublime","name":"Bracelet Cha\u00eene Sublime Bracelet Cha\u00eene Sublime -","isPartOf":{"@id":"https:\/\/enastyle.ma\/#website"},"primaryImageOfPage":{"@id":"https:\/\/enastyle.ma\/?product=bracelet-chaine-sublime#primaryimage"},"image":{"@id":"https:\/\/enastyle.ma\/?product=bracelet-chaine-sublime#primaryimage"},"thumbnailUrl":"https:\/\/enastyle.ma\/wp-content\/uploads\/2025\/05\/Bracelet-Chaine-Sublime-en-fil-P1-scaled.jpg","datePublished":"2025-05-18T23:59:58+00:00","description":"Adoptez un style \u00e9pur\u00e9 avec le Bracelet Cha\u00eene Sublime : cordon noir et cha\u00eene dor\u00e9e centrale. \u00c9l\u00e9gance minimaliste, parfait pour un look moderne","breadcrumb":{"@id":"https:\/\/enastyle.ma\/?product=bracelet-chaine-sublime#breadcrumb"},"inLanguage":"fr-FR","potentialAction":[{"@type":"ReadAction","target":["https:\/\/enastyle.ma\/?product=bracelet-chaine-sublime"]}]},{"@type":"ImageObject","inLanguage":"fr-FR","@id":"https:\/\/enastyle.ma\/?product=bracelet-chaine-sublime#primaryimage","url":"https:\/\/enastyle.ma\/wp-content\/uploads\/2025\/05\/Bracelet-Chaine-Sublime-en-fil-P1-scaled.jpg","contentUrl":"https:\/\/enastyle.ma\/wp-content\/uploads\/2025\/05\/Bracelet-Chaine-Sublime-en-fil-P1-scaled.jpg","width":1920,"height":2560},{"@type":"BreadcrumbList","@id":"https:\/\/enastyle.ma\/?product=bracelet-chaine-sublime#breadcrumb","itemListElement":[{"@type":"ListItem","position":1,"name":"Accueil","item":"https:\/\/enastyle.ma\/"},{"@type":"ListItem","position":2,"name":"Store","item":"https:\/\/enastyle.ma\/?page_id=785"},{"@type":"ListItem","position":3,"name":"Bracelet Cha\u00eene Sublime"}]},{"@type":"WebSite","@id":"https:\/\/enastyle.ma\/#website","url":"https:\/\/enastyle.ma\/","name":"","description":"made for you\u00ae","potentialAction":[{"@type":"SearchAction","target":{"@type":"EntryPoint","urlTemplate":"https:\/\/enastyle.ma\/?s={search_term_string}"},"query-input":{"@type":"PropertyValueSpecification","valueRequired":true,"valueName":"search_term_string"}}],"inLanguage":"fr-FR"}]}},"jetpack_sharing_enabled":true,"_links":{"self":[{"href":"https:\/\/enastyle.ma\/index.php?rest_route=\/wp\/v2\/product\/1371","targetHints":{"allow":["GET"]}}],"collection":[{"href":"https:\/\/enastyle.ma\/index.php?rest_route=\/wp\/v2\/product"}],"about":[{"href":"https:\/\/enastyle.ma\/index.php?rest_route=\/wp\/v2\/types\/product"}],"replies":[{"embeddable":true,"href":"https:\/\/enastyle.ma\/index.php?rest_route=%2Fwp%2Fv2%2Fcomments&post=1371"}],"wp:featuredmedia":[{"embeddable":true,"href":"https:\/\/enastyle.ma\/index.php?rest_route=\/wp\/v2\/media\/1372"}],"wp:attachment":[{"href":"https:\/\/enastyle.ma\/index.php?rest_route=%2Fwp%2Fv2%2Fmedia&parent=1371"}],"wp:term":[{"taxonomy":"product_brand","embeddable":true,"href":"https:\/\/enastyle.ma\/index.php?rest_route=%2Fwp%2Fv2%2Fproduct_brand&post=1371"},{"taxonomy":"product_cat","embeddable":true,"href":"https:\/\/enastyle.ma\/index.php?rest_route=%2Fwp%2Fv2%2Fproduct_cat&post=1371"},{"taxonomy":"product_tag","embeddable":true,"href":"https:\/\/enastyle.ma\/index.php?rest_route=%2Fwp%2Fv2%2Fproduct_tag&post=1371"}],"curies":[{"name":"wp","href":"https:\/\/api.w.org\/{rel}","templated":true}]}}