{"id":1377,"date":"2025-05-20T09:23:44","date_gmt":"2025-05-20T09:23:44","guid":{"rendered":"https:\/\/elmasspirit.ma\/?post_type=product&#038;p=1377"},"modified":"2025-10-12T17:27:16","modified_gmt":"2025-10-12T17:27:16","slug":"ensemble-amour-dore","status":"publish","type":"product","link":"https:\/\/enastyle.ma\/?product=ensemble-amour-dore","title":{"rendered":"Ensemble Amour Dor\u00e9"},"content":{"rendered":"<p>L&rsquo;Ensemble Amour Dor\u00e9 incarne l&rsquo;\u00e9l\u00e9gance et la d\u00e9licatesse avec ses c\u0153urs dor\u00e9s qui ornent \u00e0 la fois le collier et les boucles d&rsquo;oreilles assorties. Chaque pi\u00e8ce, fabriqu\u00e9e en acier inoxydable, refl\u00e8te une brillance pure et une subtle sophistication, parfaite pour celles qui recherchent un bijou \u00e0 la fois raffin\u00e9 et durable. Les six petits c\u0153urs, minutieusement dispos\u00e9s, symbolisent des liens d\u2019amour et d\u2019harmonie, pour une touche de lumi\u00e8re et de charme au quotidien.<\/p>\n<p>\u2728 Un duo intemporel pour exprimer l\u2019amour sous toutes ses formes.<\/p>\n","protected":false},"excerpt":{"rendered":"<p>Ensemble raffin\u00e9 compos\u00e9 d\u2019un collier fin et de boucles d\u2019oreilles dor\u00e9es en forme de c\u0153ur. Un bijou romantique et d\u00e9licat, id\u00e9al \u00e0 offrir ou \u00e0 porter au quotidien<\/p>\n","protected":false},"featured_media":1378,"comment_status":"open","ping_status":"closed","template":"","meta":{"site-sidebar-layout":"default","site-content-layout":"","ast-site-content-layout":"default","site-content-style":"default","site-sidebar-style":"default","ast-global-header-display":"","ast-banner-title-visibility":"","ast-main-header-display":"","ast-hfb-above-header-display":"","ast-hfb-below-header-display":"","ast-hfb-mobile-header-display":"","site-post-title":"","ast-breadcrumbs-content":"","ast-featured-img":"","footer-sml-layout":"","theme-transparent-header-meta":"default","adv-header-id-meta":"","stick-header-meta":"","header-above-stick-meta":"","header-main-stick-meta":"","header-below-stick-meta":"","astra-migrate-meta-layouts":"set","ast-page-background-enabled":"default","ast-page-background-meta":{"desktop":{"background-color":"var(--ast-global-color-5)","background-image":"","background-repeat":"repeat","background-position":"center center","background-size":"auto","background-attachment":"scroll","background-type":"","background-media":"","overlay-type":"","overlay-color":"","overlay-opacity":"","overlay-gradient":""},"tablet":{"background-color":"","background-image":"","background-repeat":"repeat","background-position":"center center","background-size":"auto","background-attachment":"scroll","background-type":"","background-media":"","overlay-type":"","overlay-color":"","overlay-opacity":"","overlay-gradient":""},"mobile":{"background-color":"","background-image":"","background-repeat":"repeat","background-position":"center center","background-size":"auto","background-attachment":"scroll","background-type":"","background-media":"","overlay-type":"","overlay-color":"","overlay-opacity":"","overlay-gradient":""}},"ast-content-background-meta":{"desktop":{"background-color":"var(--ast-global-color-4)","background-image":"","background-repeat":"repeat","background-position":"center center","background-size":"auto","background-attachment":"scroll","background-type":"","background-media":"","overlay-type":"","overlay-color":"","overlay-opacity":"","overlay-gradient":""},"tablet":{"background-color":"var(--ast-global-color-4)","background-image":"","background-repeat":"repeat","background-position":"center center","background-size":"auto","background-attachment":"scroll","background-type":"","background-media":"","overlay-type":"","overlay-color":"","overlay-opacity":"","overlay-gradient":""},"mobile":{"background-color":"var(--ast-global-color-4)","background-image":"","background-repeat":"repeat","background-position":"center center","background-size":"auto","background-attachment":"scroll","background-type":"","background-media":"","overlay-type":"","overlay-color":"","overlay-opacity":"","overlay-gradient":""}}},"product_brand":[],"product_cat":[26],"product_tag":[51],"class_list":{"0":"post-1377","1":"product","2":"type-product","3":"status-publish","4":"has-post-thumbnail","6":"product_cat-lelegance-asortie","7":"product_tag-sixcoeurs-eclatdore-acierinoxydable-bijoufin-elegancesubtile","8":"desktop-align-center","9":"tablet-align-left","10":"mobile-align-center","12":"first","13":"instock","14":"shipping-taxable","15":"purchasable","16":"product-type-simple"},"yoast_head":"<!-- This site is optimized with the Yoast SEO plugin v27.4 - https:\/\/yoast.com\/product\/yoast-seo-wordpress\/ -->\n<title>Ensemble Amour Dor\u00e9 -<\/title>\n<meta name=\"description\" content=\"Succombez \u00e0 l\u2019\u00e9l\u00e9gance de l\u2019Ensemble Amour Dor\u00e9 : collier et boucles d\u2019oreilles assortis en forme de c\u0153ur. une bonne id\u00e9e pour un cadeau\" \/>\n<meta name=\"robots\" content=\"noindex, follow, max-snippet:-1, max-image-preview:large, max-video-preview:-1\" \/>\n<meta property=\"og:locale\" content=\"fr_FR\" \/>\n<meta property=\"og:type\" content=\"article\" \/>\n<meta property=\"og:title\" content=\"Ensemble Amour Dor\u00e9 -\" \/>\n<meta property=\"og:description\" content=\"Succombez \u00e0 l\u2019\u00e9l\u00e9gance de l\u2019Ensemble Amour Dor\u00e9 : collier et boucles d\u2019oreilles assortis en forme de c\u0153ur. une bonne id\u00e9e pour un cadeau\" \/>\n<meta property=\"og:url\" content=\"https:\/\/enastyle.ma\/?product=ensemble-amour-dore\" \/>\n<meta property=\"article:modified_time\" content=\"2025-10-12T17:27:16+00:00\" \/>\n<meta property=\"og:image\" content=\"https:\/\/enastyle.ma\/wp-content\/uploads\/2025\/05\/Ensemble-collier-boucles-coeur-1-scaled.jpg\" \/>\n\t<meta property=\"og:image:width\" content=\"1920\" \/>\n\t<meta property=\"og:image:height\" content=\"2560\" \/>\n\t<meta property=\"og:image:type\" content=\"image\/jpeg\" \/>\n<meta name=\"twitter:card\" content=\"summary_large_image\" \/>\n<meta name=\"twitter:label1\" content=\"Dur\u00e9e de lecture estim\u00e9e\" \/>\n\t<meta name=\"twitter:data1\" content=\"1 minute\" \/>\n<script type=\"application\/ld+json\" class=\"yoast-schema-graph\">{\"@context\":\"https:\\\/\\\/schema.org\",\"@graph\":[{\"@type\":\"WebPage\",\"@id\":\"https:\\\/\\\/enastyle.ma\\\/?product=ensemble-amour-dore\",\"url\":\"https:\\\/\\\/enastyle.ma\\\/?product=ensemble-amour-dore\",\"name\":\"Ensemble Amour Dor\u00e9 -\",\"isPartOf\":{\"@id\":\"https:\\\/\\\/enastyle.ma\\\/#website\"},\"primaryImageOfPage\":{\"@id\":\"https:\\\/\\\/enastyle.ma\\\/?product=ensemble-amour-dore#primaryimage\"},\"image\":{\"@id\":\"https:\\\/\\\/enastyle.ma\\\/?product=ensemble-amour-dore#primaryimage\"},\"thumbnailUrl\":\"https:\\\/\\\/enastyle.ma\\\/wp-content\\\/uploads\\\/2025\\\/05\\\/Ensemble-collier-boucles-coeur-1-scaled.jpg\",\"datePublished\":\"2025-05-20T09:23:44+00:00\",\"dateModified\":\"2025-10-12T17:27:16+00:00\",\"description\":\"Succombez \u00e0 l\u2019\u00e9l\u00e9gance de l\u2019Ensemble Amour Dor\u00e9 : collier et boucles d\u2019oreilles assortis en forme de c\u0153ur. une bonne id\u00e9e pour un cadeau\",\"breadcrumb\":{\"@id\":\"https:\\\/\\\/enastyle.ma\\\/?product=ensemble-amour-dore#breadcrumb\"},\"inLanguage\":\"fr-FR\",\"potentialAction\":[{\"@type\":\"ReadAction\",\"target\":[\"https:\\\/\\\/enastyle.ma\\\/?product=ensemble-amour-dore\"]}]},{\"@type\":\"ImageObject\",\"inLanguage\":\"fr-FR\",\"@id\":\"https:\\\/\\\/enastyle.ma\\\/?product=ensemble-amour-dore#primaryimage\",\"url\":\"https:\\\/\\\/enastyle.ma\\\/wp-content\\\/uploads\\\/2025\\\/05\\\/Ensemble-collier-boucles-coeur-1-scaled.jpg\",\"contentUrl\":\"https:\\\/\\\/enastyle.ma\\\/wp-content\\\/uploads\\\/2025\\\/05\\\/Ensemble-collier-boucles-coeur-1-scaled.jpg\",\"width\":1920,\"height\":2560},{\"@type\":\"BreadcrumbList\",\"@id\":\"https:\\\/\\\/enastyle.ma\\\/?product=ensemble-amour-dore#breadcrumb\",\"itemListElement\":[{\"@type\":\"ListItem\",\"position\":1,\"name\":\"Accueil\",\"item\":\"https:\\\/\\\/enastyle.ma\\\/\"},{\"@type\":\"ListItem\",\"position\":2,\"name\":\"Store\",\"item\":\"https:\\\/\\\/enastyle.ma\\\/?page_id=785\"},{\"@type\":\"ListItem\",\"position\":3,\"name\":\"Ensemble Amour Dor\u00e9\"}]},{\"@type\":\"WebSite\",\"@id\":\"https:\\\/\\\/enastyle.ma\\\/#website\",\"url\":\"https:\\\/\\\/enastyle.ma\\\/\",\"name\":\"\",\"description\":\"made for you\u00ae\",\"potentialAction\":[{\"@type\":\"SearchAction\",\"target\":{\"@type\":\"EntryPoint\",\"urlTemplate\":\"https:\\\/\\\/enastyle.ma\\\/?s={search_term_string}\"},\"query-input\":{\"@type\":\"PropertyValueSpecification\",\"valueRequired\":true,\"valueName\":\"search_term_string\"}}],\"inLanguage\":\"fr-FR\"}]}<\/script>\n<!-- \/ Yoast SEO plugin. -->","yoast_head_json":{"title":"Ensemble Amour Dor\u00e9 -","description":"Succombez \u00e0 l\u2019\u00e9l\u00e9gance de l\u2019Ensemble Amour Dor\u00e9 : collier et boucles d\u2019oreilles assortis en forme de c\u0153ur. une bonne id\u00e9e pour un cadeau","robots":{"index":"noindex","follow":"follow","max-snippet":"max-snippet:-1","max-image-preview":"max-image-preview:large","max-video-preview":"max-video-preview:-1"},"og_locale":"fr_FR","og_type":"article","og_title":"Ensemble Amour Dor\u00e9 -","og_description":"Succombez \u00e0 l\u2019\u00e9l\u00e9gance de l\u2019Ensemble Amour Dor\u00e9 : collier et boucles d\u2019oreilles assortis en forme de c\u0153ur. une bonne id\u00e9e pour un cadeau","og_url":"https:\/\/enastyle.ma\/?product=ensemble-amour-dore","article_modified_time":"2025-10-12T17:27:16+00:00","og_image":[{"width":1920,"height":2560,"url":"https:\/\/enastyle.ma\/wp-content\/uploads\/2025\/05\/Ensemble-collier-boucles-coeur-1-scaled.jpg","type":"image\/jpeg"}],"twitter_card":"summary_large_image","twitter_misc":{"Dur\u00e9e de lecture estim\u00e9e":"1 minute"},"schema":{"@context":"https:\/\/schema.org","@graph":[{"@type":"WebPage","@id":"https:\/\/enastyle.ma\/?product=ensemble-amour-dore","url":"https:\/\/enastyle.ma\/?product=ensemble-amour-dore","name":"Ensemble Amour Dor\u00e9 -","isPartOf":{"@id":"https:\/\/enastyle.ma\/#website"},"primaryImageOfPage":{"@id":"https:\/\/enastyle.ma\/?product=ensemble-amour-dore#primaryimage"},"image":{"@id":"https:\/\/enastyle.ma\/?product=ensemble-amour-dore#primaryimage"},"thumbnailUrl":"https:\/\/enastyle.ma\/wp-content\/uploads\/2025\/05\/Ensemble-collier-boucles-coeur-1-scaled.jpg","datePublished":"2025-05-20T09:23:44+00:00","dateModified":"2025-10-12T17:27:16+00:00","description":"Succombez \u00e0 l\u2019\u00e9l\u00e9gance de l\u2019Ensemble Amour Dor\u00e9 : collier et boucles d\u2019oreilles assortis en forme de c\u0153ur. une bonne id\u00e9e pour un cadeau","breadcrumb":{"@id":"https:\/\/enastyle.ma\/?product=ensemble-amour-dore#breadcrumb"},"inLanguage":"fr-FR","potentialAction":[{"@type":"ReadAction","target":["https:\/\/enastyle.ma\/?product=ensemble-amour-dore"]}]},{"@type":"ImageObject","inLanguage":"fr-FR","@id":"https:\/\/enastyle.ma\/?product=ensemble-amour-dore#primaryimage","url":"https:\/\/enastyle.ma\/wp-content\/uploads\/2025\/05\/Ensemble-collier-boucles-coeur-1-scaled.jpg","contentUrl":"https:\/\/enastyle.ma\/wp-content\/uploads\/2025\/05\/Ensemble-collier-boucles-coeur-1-scaled.jpg","width":1920,"height":2560},{"@type":"BreadcrumbList","@id":"https:\/\/enastyle.ma\/?product=ensemble-amour-dore#breadcrumb","itemListElement":[{"@type":"ListItem","position":1,"name":"Accueil","item":"https:\/\/enastyle.ma\/"},{"@type":"ListItem","position":2,"name":"Store","item":"https:\/\/enastyle.ma\/?page_id=785"},{"@type":"ListItem","position":3,"name":"Ensemble Amour Dor\u00e9"}]},{"@type":"WebSite","@id":"https:\/\/enastyle.ma\/#website","url":"https:\/\/enastyle.ma\/","name":"","description":"made for you\u00ae","potentialAction":[{"@type":"SearchAction","target":{"@type":"EntryPoint","urlTemplate":"https:\/\/enastyle.ma\/?s={search_term_string}"},"query-input":{"@type":"PropertyValueSpecification","valueRequired":true,"valueName":"search_term_string"}}],"inLanguage":"fr-FR"}]}},"jetpack_sharing_enabled":true,"_links":{"self":[{"href":"https:\/\/enastyle.ma\/index.php?rest_route=\/wp\/v2\/product\/1377","targetHints":{"allow":["GET"]}}],"collection":[{"href":"https:\/\/enastyle.ma\/index.php?rest_route=\/wp\/v2\/product"}],"about":[{"href":"https:\/\/enastyle.ma\/index.php?rest_route=\/wp\/v2\/types\/product"}],"replies":[{"embeddable":true,"href":"https:\/\/enastyle.ma\/index.php?rest_route=%2Fwp%2Fv2%2Fcomments&post=1377"}],"wp:featuredmedia":[{"embeddable":true,"href":"https:\/\/enastyle.ma\/index.php?rest_route=\/wp\/v2\/media\/1378"}],"wp:attachment":[{"href":"https:\/\/enastyle.ma\/index.php?rest_route=%2Fwp%2Fv2%2Fmedia&parent=1377"}],"wp:term":[{"taxonomy":"product_brand","embeddable":true,"href":"https:\/\/enastyle.ma\/index.php?rest_route=%2Fwp%2Fv2%2Fproduct_brand&post=1377"},{"taxonomy":"product_cat","embeddable":true,"href":"https:\/\/enastyle.ma\/index.php?rest_route=%2Fwp%2Fv2%2Fproduct_cat&post=1377"},{"taxonomy":"product_tag","embeddable":true,"href":"https:\/\/enastyle.ma\/index.php?rest_route=%2Fwp%2Fv2%2Fproduct_tag&post=1377"}],"curies":[{"name":"wp","href":"https:\/\/api.w.org\/{rel}","templated":true}]}}