{"id":1381,"date":"2025-05-20T09:57:49","date_gmt":"2025-05-20T09:57:49","guid":{"rendered":"https:\/\/elmasspirit.ma\/?post_type=product&#038;p=1381"},"modified":"2025-10-12T17:32:46","modified_gmt":"2025-10-12T17:32:46","slug":"collier-khmissa-divine","status":"publish","type":"product","link":"https:\/\/enastyle.ma\/?product=collier-khmissa-divine","title":{"rendered":"Collier Khmissa Divine"},"content":{"rendered":"<p>Collier Khmissa Devine<br \/>\nUn bijou \u00e0 la fois symbolique et raffin\u00e9. Avec ses d\u00e9tails dor\u00e9s brillants et sa silhouette l\u00e9g\u00e8re, ce collier \u00e9voque la douceur d\u2019un talisman discret. Id\u00e9al pour sublimer vos tenues du quotidien ou ajouter une touche mystique \u00e0 vos soir\u00e9es. Portez-le comme un charme, un \u00e9clat, une intuition.<\/p>\n<p>acier inoxydable r\u00e9sistant \u00e0 l\u2019eau et aux parfums est un alliage m\u00e9tallique reconnu pour sa grande r\u00e9sistance \u00e0 la corrosion, m\u00eame en pr\u00e9sence d\u2019humidit\u00e9 ou de substances parfum\u00e9es contenant de l\u2019alcool ou des huiles\u00a0essentielles<\/p>\n","protected":false},"excerpt":{"rendered":"<p>Collier dor\u00e9 \u00e9l\u00e9gant orn\u00e9 de mains de Fatma et de strass lumineux. Un bijou symbolique et raffin\u00e9, parfait pour allier style.<\/p>\n","protected":false},"featured_media":1382,"comment_status":"open","ping_status":"closed","template":"","meta":{"site-sidebar-layout":"default","site-content-layout":"","ast-site-content-layout":"default","site-content-style":"default","site-sidebar-style":"default","ast-global-header-display":"","ast-banner-title-visibility":"","ast-main-header-display":"","ast-hfb-above-header-display":"","ast-hfb-below-header-display":"","ast-hfb-mobile-header-display":"","site-post-title":"","ast-breadcrumbs-content":"","ast-featured-img":"","footer-sml-layout":"","theme-transparent-header-meta":"default","adv-header-id-meta":"","stick-header-meta":"","header-above-stick-meta":"","header-main-stick-meta":"","header-below-stick-meta":"","astra-migrate-meta-layouts":"set","ast-page-background-enabled":"default","ast-page-background-meta":{"desktop":{"background-color":"var(--ast-global-color-5)","background-image":"","background-repeat":"repeat","background-position":"center center","background-size":"auto","background-attachment":"scroll","background-type":"","background-media":"","overlay-type":"","overlay-color":"","overlay-opacity":"","overlay-gradient":""},"tablet":{"background-color":"","background-image":"","background-repeat":"repeat","background-position":"center center","background-size":"auto","background-attachment":"scroll","background-type":"","background-media":"","overlay-type":"","overlay-color":"","overlay-opacity":"","overlay-gradient":""},"mobile":{"background-color":"","background-image":"","background-repeat":"repeat","background-position":"center center","background-size":"auto","background-attachment":"scroll","background-type":"","background-media":"","overlay-type":"","overlay-color":"","overlay-opacity":"","overlay-gradient":""}},"ast-content-background-meta":{"desktop":{"background-color":"var(--ast-global-color-4)","background-image":"","background-repeat":"repeat","background-position":"center center","background-size":"auto","background-attachment":"scroll","background-type":"","background-media":"","overlay-type":"","overlay-color":"","overlay-opacity":"","overlay-gradient":""},"tablet":{"background-color":"var(--ast-global-color-4)","background-image":"","background-repeat":"repeat","background-position":"center center","background-size":"auto","background-attachment":"scroll","background-type":"","background-media":"","overlay-type":"","overlay-color":"","overlay-opacity":"","overlay-gradient":""},"mobile":{"background-color":"var(--ast-global-color-4)","background-image":"","background-repeat":"repeat","background-position":"center center","background-size":"auto","background-attachment":"scroll","background-type":"","background-media":"","overlay-type":"","overlay-color":"","overlay-opacity":"","overlay-gradient":""}}},"product_brand":[],"product_cat":[20],"product_tag":[52],"class_list":{"0":"post-1381","1":"product","2":"type-product","3":"status-publish","4":"has-post-thumbnail","6":"product_cat-lelegance-autour-du-cou","7":"product_tag-bijouelegant-acierinoxydable-symbolekhmissa-brillancedurable-bijoudivin","8":"desktop-align-center","9":"tablet-align-left","10":"mobile-align-center","12":"first","13":"instock","14":"shipping-taxable","15":"purchasable","16":"product-type-simple"},"yoast_head":"<!-- This site is optimized with the Yoast SEO plugin v27.4 - https:\/\/yoast.com\/product\/yoast-seo-wordpress\/ -->\n<title>Collier Khmissa Divine -<\/title>\n<meta name=\"description\" content=\"Sublimez votre style avec le Collier Khmissa Divine : pendentifs mains de Fatma et strass scintillants. Portez-le comme un charme, un \u00e9clat, une intuition.\" \/>\n<meta name=\"robots\" content=\"noindex, follow, max-snippet:-1, max-image-preview:large, max-video-preview:-1\" \/>\n<meta property=\"og:locale\" content=\"fr_FR\" \/>\n<meta property=\"og:type\" content=\"article\" \/>\n<meta property=\"og:title\" content=\"Collier Khmissa Divine -\" \/>\n<meta property=\"og:description\" content=\"Sublimez votre style avec le Collier Khmissa Divine : pendentifs mains de Fatma et strass scintillants. Portez-le comme un charme, un \u00e9clat, une intuition.\" \/>\n<meta property=\"og:url\" content=\"https:\/\/enastyle.ma\/?product=collier-khmissa-divine\" \/>\n<meta property=\"article:modified_time\" content=\"2025-10-12T17:32:46+00:00\" \/>\n<meta property=\"og:image\" content=\"https:\/\/enastyle.ma\/wp-content\/uploads\/2025\/05\/Collier-Khmissa-Divine-1.jpg\" \/>\n\t<meta property=\"og:image:width\" content=\"1200\" \/>\n\t<meta property=\"og:image:height\" content=\"1600\" \/>\n\t<meta property=\"og:image:type\" content=\"image\/jpeg\" \/>\n<meta name=\"twitter:card\" content=\"summary_large_image\" \/>\n<meta name=\"twitter:label1\" content=\"Dur\u00e9e de lecture estim\u00e9e\" \/>\n\t<meta name=\"twitter:data1\" content=\"1 minute\" \/>\n<script type=\"application\/ld+json\" class=\"yoast-schema-graph\">{\"@context\":\"https:\\\/\\\/schema.org\",\"@graph\":[{\"@type\":\"WebPage\",\"@id\":\"https:\\\/\\\/enastyle.ma\\\/?product=collier-khmissa-divine\",\"url\":\"https:\\\/\\\/enastyle.ma\\\/?product=collier-khmissa-divine\",\"name\":\"Collier Khmissa Divine -\",\"isPartOf\":{\"@id\":\"https:\\\/\\\/enastyle.ma\\\/#website\"},\"primaryImageOfPage\":{\"@id\":\"https:\\\/\\\/enastyle.ma\\\/?product=collier-khmissa-divine#primaryimage\"},\"image\":{\"@id\":\"https:\\\/\\\/enastyle.ma\\\/?product=collier-khmissa-divine#primaryimage\"},\"thumbnailUrl\":\"https:\\\/\\\/enastyle.ma\\\/wp-content\\\/uploads\\\/2025\\\/05\\\/Collier-Khmissa-Divine-1.jpg\",\"datePublished\":\"2025-05-20T09:57:49+00:00\",\"dateModified\":\"2025-10-12T17:32:46+00:00\",\"description\":\"Sublimez votre style avec le Collier Khmissa Divine : pendentifs mains de Fatma et strass scintillants. Portez-le comme un charme, un \u00e9clat, une intuition.\",\"breadcrumb\":{\"@id\":\"https:\\\/\\\/enastyle.ma\\\/?product=collier-khmissa-divine#breadcrumb\"},\"inLanguage\":\"fr-FR\",\"potentialAction\":[{\"@type\":\"ReadAction\",\"target\":[\"https:\\\/\\\/enastyle.ma\\\/?product=collier-khmissa-divine\"]}]},{\"@type\":\"ImageObject\",\"inLanguage\":\"fr-FR\",\"@id\":\"https:\\\/\\\/enastyle.ma\\\/?product=collier-khmissa-divine#primaryimage\",\"url\":\"https:\\\/\\\/enastyle.ma\\\/wp-content\\\/uploads\\\/2025\\\/05\\\/Collier-Khmissa-Divine-1.jpg\",\"contentUrl\":\"https:\\\/\\\/enastyle.ma\\\/wp-content\\\/uploads\\\/2025\\\/05\\\/Collier-Khmissa-Divine-1.jpg\",\"width\":1200,\"height\":1600},{\"@type\":\"BreadcrumbList\",\"@id\":\"https:\\\/\\\/enastyle.ma\\\/?product=collier-khmissa-divine#breadcrumb\",\"itemListElement\":[{\"@type\":\"ListItem\",\"position\":1,\"name\":\"Accueil\",\"item\":\"https:\\\/\\\/enastyle.ma\\\/\"},{\"@type\":\"ListItem\",\"position\":2,\"name\":\"Store\",\"item\":\"https:\\\/\\\/enastyle.ma\\\/?page_id=785\"},{\"@type\":\"ListItem\",\"position\":3,\"name\":\"Collier Khmissa Divine\"}]},{\"@type\":\"WebSite\",\"@id\":\"https:\\\/\\\/enastyle.ma\\\/#website\",\"url\":\"https:\\\/\\\/enastyle.ma\\\/\",\"name\":\"\",\"description\":\"made for you\u00ae\",\"potentialAction\":[{\"@type\":\"SearchAction\",\"target\":{\"@type\":\"EntryPoint\",\"urlTemplate\":\"https:\\\/\\\/enastyle.ma\\\/?s={search_term_string}\"},\"query-input\":{\"@type\":\"PropertyValueSpecification\",\"valueRequired\":true,\"valueName\":\"search_term_string\"}}],\"inLanguage\":\"fr-FR\"}]}<\/script>\n<!-- \/ Yoast SEO plugin. -->","yoast_head_json":{"title":"Collier Khmissa Divine -","description":"Sublimez votre style avec le Collier Khmissa Divine : pendentifs mains de Fatma et strass scintillants. Portez-le comme un charme, un \u00e9clat, une intuition.","robots":{"index":"noindex","follow":"follow","max-snippet":"max-snippet:-1","max-image-preview":"max-image-preview:large","max-video-preview":"max-video-preview:-1"},"og_locale":"fr_FR","og_type":"article","og_title":"Collier Khmissa Divine -","og_description":"Sublimez votre style avec le Collier Khmissa Divine : pendentifs mains de Fatma et strass scintillants. Portez-le comme un charme, un \u00e9clat, une intuition.","og_url":"https:\/\/enastyle.ma\/?product=collier-khmissa-divine","article_modified_time":"2025-10-12T17:32:46+00:00","og_image":[{"width":1200,"height":1600,"url":"https:\/\/enastyle.ma\/wp-content\/uploads\/2025\/05\/Collier-Khmissa-Divine-1.jpg","type":"image\/jpeg"}],"twitter_card":"summary_large_image","twitter_misc":{"Dur\u00e9e de lecture estim\u00e9e":"1 minute"},"schema":{"@context":"https:\/\/schema.org","@graph":[{"@type":"WebPage","@id":"https:\/\/enastyle.ma\/?product=collier-khmissa-divine","url":"https:\/\/enastyle.ma\/?product=collier-khmissa-divine","name":"Collier Khmissa Divine -","isPartOf":{"@id":"https:\/\/enastyle.ma\/#website"},"primaryImageOfPage":{"@id":"https:\/\/enastyle.ma\/?product=collier-khmissa-divine#primaryimage"},"image":{"@id":"https:\/\/enastyle.ma\/?product=collier-khmissa-divine#primaryimage"},"thumbnailUrl":"https:\/\/enastyle.ma\/wp-content\/uploads\/2025\/05\/Collier-Khmissa-Divine-1.jpg","datePublished":"2025-05-20T09:57:49+00:00","dateModified":"2025-10-12T17:32:46+00:00","description":"Sublimez votre style avec le Collier Khmissa Divine : pendentifs mains de Fatma et strass scintillants. Portez-le comme un charme, un \u00e9clat, une intuition.","breadcrumb":{"@id":"https:\/\/enastyle.ma\/?product=collier-khmissa-divine#breadcrumb"},"inLanguage":"fr-FR","potentialAction":[{"@type":"ReadAction","target":["https:\/\/enastyle.ma\/?product=collier-khmissa-divine"]}]},{"@type":"ImageObject","inLanguage":"fr-FR","@id":"https:\/\/enastyle.ma\/?product=collier-khmissa-divine#primaryimage","url":"https:\/\/enastyle.ma\/wp-content\/uploads\/2025\/05\/Collier-Khmissa-Divine-1.jpg","contentUrl":"https:\/\/enastyle.ma\/wp-content\/uploads\/2025\/05\/Collier-Khmissa-Divine-1.jpg","width":1200,"height":1600},{"@type":"BreadcrumbList","@id":"https:\/\/enastyle.ma\/?product=collier-khmissa-divine#breadcrumb","itemListElement":[{"@type":"ListItem","position":1,"name":"Accueil","item":"https:\/\/enastyle.ma\/"},{"@type":"ListItem","position":2,"name":"Store","item":"https:\/\/enastyle.ma\/?page_id=785"},{"@type":"ListItem","position":3,"name":"Collier Khmissa Divine"}]},{"@type":"WebSite","@id":"https:\/\/enastyle.ma\/#website","url":"https:\/\/enastyle.ma\/","name":"","description":"made for you\u00ae","potentialAction":[{"@type":"SearchAction","target":{"@type":"EntryPoint","urlTemplate":"https:\/\/enastyle.ma\/?s={search_term_string}"},"query-input":{"@type":"PropertyValueSpecification","valueRequired":true,"valueName":"search_term_string"}}],"inLanguage":"fr-FR"}]}},"jetpack_sharing_enabled":true,"_links":{"self":[{"href":"https:\/\/enastyle.ma\/index.php?rest_route=\/wp\/v2\/product\/1381","targetHints":{"allow":["GET"]}}],"collection":[{"href":"https:\/\/enastyle.ma\/index.php?rest_route=\/wp\/v2\/product"}],"about":[{"href":"https:\/\/enastyle.ma\/index.php?rest_route=\/wp\/v2\/types\/product"}],"replies":[{"embeddable":true,"href":"https:\/\/enastyle.ma\/index.php?rest_route=%2Fwp%2Fv2%2Fcomments&post=1381"}],"wp:featuredmedia":[{"embeddable":true,"href":"https:\/\/enastyle.ma\/index.php?rest_route=\/wp\/v2\/media\/1382"}],"wp:attachment":[{"href":"https:\/\/enastyle.ma\/index.php?rest_route=%2Fwp%2Fv2%2Fmedia&parent=1381"}],"wp:term":[{"taxonomy":"product_brand","embeddable":true,"href":"https:\/\/enastyle.ma\/index.php?rest_route=%2Fwp%2Fv2%2Fproduct_brand&post=1381"},{"taxonomy":"product_cat","embeddable":true,"href":"https:\/\/enastyle.ma\/index.php?rest_route=%2Fwp%2Fv2%2Fproduct_cat&post=1381"},{"taxonomy":"product_tag","embeddable":true,"href":"https:\/\/enastyle.ma\/index.php?rest_route=%2Fwp%2Fv2%2Fproduct_tag&post=1381"}],"curies":[{"name":"wp","href":"https:\/\/api.w.org\/{rel}","templated":true}]}}