{"id":1385,"date":"2025-05-20T10:16:45","date_gmt":"2025-05-20T10:16:45","guid":{"rendered":"https:\/\/elmasspirit.ma\/?post_type=product&#038;p=1385"},"modified":"2025-10-12T17:31:20","modified_gmt":"2025-10-12T17:31:20","slug":"ensemble-huit-reflets","status":"publish","type":"product","link":"https:\/\/enastyle.ma\/?product=ensemble-huit-reflets","title":{"rendered":"Ensemble Huit Reflets"},"content":{"rendered":"<p>L&rsquo;Ensemble Huit Reflets rectangulaires dor\u00e9e combine design moderne et \u00e9clat intemporel. Ce collier et ses boucles d&rsquo;oreilles assorties, orn\u00e9s de huit petits rectangles dor\u00e9s, cr\u00e9ent une allure \u00e0 la fois \u00e9l\u00e9gante et unique. Fabriqu\u00e9 en acier inoxydable dor\u00e9, cet ensemble est con\u00e7u pour apporter un reflet subtil et une brillance durable \u00e0 votre look. Parfait pour celles qui recherchent un bijou \u00e0 la fois raffin\u00e9 et plein de caract\u00e8re.<\/p>\n<p>\u2728 Un jeu de formes et de lumi\u00e8re, pour illuminer chaque instant.<\/p>\n<p>acier inoxydable r\u00e9sistant \u00e0 l\u2019eau et aux parfums .<\/p>\n","protected":false},"excerpt":{"rendered":"<p>Ensemble raffin\u00e9 compos\u00e9 d\u2019un collier et de boucles d\u2019oreilles en rectangles dor\u00e9s. Un bijou moderne et \u00e9pur\u00e9 pour sublimer votre look avec originalit\u00e9.<\/p>\n","protected":false},"featured_media":1386,"comment_status":"open","ping_status":"closed","template":"","meta":{"site-sidebar-layout":"default","site-content-layout":"","ast-site-content-layout":"default","site-content-style":"default","site-sidebar-style":"default","ast-global-header-display":"","ast-banner-title-visibility":"","ast-main-header-display":"","ast-hfb-above-header-display":"","ast-hfb-below-header-display":"","ast-hfb-mobile-header-display":"","site-post-title":"","ast-breadcrumbs-content":"","ast-featured-img":"","footer-sml-layout":"","theme-transparent-header-meta":"default","adv-header-id-meta":"","stick-header-meta":"","header-above-stick-meta":"","header-main-stick-meta":"","header-below-stick-meta":"","astra-migrate-meta-layouts":"set","ast-page-background-enabled":"default","ast-page-background-meta":{"desktop":{"background-color":"var(--ast-global-color-5)","background-image":"","background-repeat":"repeat","background-position":"center center","background-size":"auto","background-attachment":"scroll","background-type":"","background-media":"","overlay-type":"","overlay-color":"","overlay-opacity":"","overlay-gradient":""},"tablet":{"background-color":"","background-image":"","background-repeat":"repeat","background-position":"center center","background-size":"auto","background-attachment":"scroll","background-type":"","background-media":"","overlay-type":"","overlay-color":"","overlay-opacity":"","overlay-gradient":""},"mobile":{"background-color":"","background-image":"","background-repeat":"repeat","background-position":"center center","background-size":"auto","background-attachment":"scroll","background-type":"","background-media":"","overlay-type":"","overlay-color":"","overlay-opacity":"","overlay-gradient":""}},"ast-content-background-meta":{"desktop":{"background-color":"var(--ast-global-color-4)","background-image":"","background-repeat":"repeat","background-position":"center center","background-size":"auto","background-attachment":"scroll","background-type":"","background-media":"","overlay-type":"","overlay-color":"","overlay-opacity":"","overlay-gradient":""},"tablet":{"background-color":"var(--ast-global-color-4)","background-image":"","background-repeat":"repeat","background-position":"center center","background-size":"auto","background-attachment":"scroll","background-type":"","background-media":"","overlay-type":"","overlay-color":"","overlay-opacity":"","overlay-gradient":""},"mobile":{"background-color":"var(--ast-global-color-4)","background-image":"","background-repeat":"repeat","background-position":"center center","background-size":"auto","background-attachment":"scroll","background-type":"","background-media":"","overlay-type":"","overlay-color":"","overlay-opacity":"","overlay-gradient":""}}},"product_brand":[],"product_cat":[26],"product_tag":[53],"class_list":{"0":"post-1385","1":"product","2":"type-product","3":"status-publish","4":"has-post-thumbnail","6":"product_cat-lelegance-asortie","7":"product_tag-bijouxnature-acierinoxydable-bijouxfemme-stylechic-rectangle-dore-ensemblecolliercoucles","8":"desktop-align-center","9":"tablet-align-left","10":"mobile-align-center","12":"first","13":"instock","14":"shipping-taxable","15":"purchasable","16":"product-type-simple"},"yoast_head":"<!-- This site is optimized with the Yoast SEO plugin v27.4 - https:\/\/yoast.com\/product\/yoast-seo-wordpress\/ -->\n<title>Ensemble Huit Reflets -<\/title>\n<meta name=\"description\" content=\"D\u00e9couvrez l\u2019Ensemble Huit Reflets : un collier et des boucles d\u2019oreilles au design g\u00e9om\u00e9trique dor\u00e9. Minimaliste et \u00e9l\u00e9gant.\" \/>\n<meta name=\"robots\" content=\"noindex, follow, max-snippet:-1, max-image-preview:large, max-video-preview:-1\" \/>\n<meta property=\"og:locale\" content=\"fr_FR\" \/>\n<meta property=\"og:type\" content=\"article\" \/>\n<meta property=\"og:title\" content=\"Ensemble Huit Reflets -\" \/>\n<meta property=\"og:description\" content=\"D\u00e9couvrez l\u2019Ensemble Huit Reflets : un collier et des boucles d\u2019oreilles au design g\u00e9om\u00e9trique dor\u00e9. Minimaliste et \u00e9l\u00e9gant.\" \/>\n<meta property=\"og:url\" content=\"https:\/\/enastyle.ma\/?product=ensemble-huit-reflets\" \/>\n<meta property=\"article:modified_time\" content=\"2025-10-12T17:31:20+00:00\" \/>\n<meta property=\"og:image\" content=\"https:\/\/enastyle.ma\/wp-content\/uploads\/2025\/05\/ensemble-Collier-boucles-1-scaled.jpg\" \/>\n\t<meta property=\"og:image:width\" content=\"1920\" \/>\n\t<meta property=\"og:image:height\" content=\"2560\" \/>\n\t<meta property=\"og:image:type\" content=\"image\/jpeg\" \/>\n<meta name=\"twitter:card\" content=\"summary_large_image\" \/>\n<meta name=\"twitter:label1\" content=\"Dur\u00e9e de lecture estim\u00e9e\" \/>\n\t<meta name=\"twitter:data1\" content=\"1 minute\" \/>\n<script type=\"application\/ld+json\" class=\"yoast-schema-graph\">{\"@context\":\"https:\\\/\\\/schema.org\",\"@graph\":[{\"@type\":\"WebPage\",\"@id\":\"https:\\\/\\\/enastyle.ma\\\/?product=ensemble-huit-reflets\",\"url\":\"https:\\\/\\\/enastyle.ma\\\/?product=ensemble-huit-reflets\",\"name\":\"Ensemble Huit Reflets -\",\"isPartOf\":{\"@id\":\"https:\\\/\\\/enastyle.ma\\\/#website\"},\"primaryImageOfPage\":{\"@id\":\"https:\\\/\\\/enastyle.ma\\\/?product=ensemble-huit-reflets#primaryimage\"},\"image\":{\"@id\":\"https:\\\/\\\/enastyle.ma\\\/?product=ensemble-huit-reflets#primaryimage\"},\"thumbnailUrl\":\"https:\\\/\\\/enastyle.ma\\\/wp-content\\\/uploads\\\/2025\\\/05\\\/ensemble-Collier-boucles-1-scaled.jpg\",\"datePublished\":\"2025-05-20T10:16:45+00:00\",\"dateModified\":\"2025-10-12T17:31:20+00:00\",\"description\":\"D\u00e9couvrez l\u2019Ensemble Huit Reflets : un collier et des boucles d\u2019oreilles au design g\u00e9om\u00e9trique dor\u00e9. Minimaliste et \u00e9l\u00e9gant.\",\"breadcrumb\":{\"@id\":\"https:\\\/\\\/enastyle.ma\\\/?product=ensemble-huit-reflets#breadcrumb\"},\"inLanguage\":\"fr-FR\",\"potentialAction\":[{\"@type\":\"ReadAction\",\"target\":[\"https:\\\/\\\/enastyle.ma\\\/?product=ensemble-huit-reflets\"]}]},{\"@type\":\"ImageObject\",\"inLanguage\":\"fr-FR\",\"@id\":\"https:\\\/\\\/enastyle.ma\\\/?product=ensemble-huit-reflets#primaryimage\",\"url\":\"https:\\\/\\\/enastyle.ma\\\/wp-content\\\/uploads\\\/2025\\\/05\\\/ensemble-Collier-boucles-1-scaled.jpg\",\"contentUrl\":\"https:\\\/\\\/enastyle.ma\\\/wp-content\\\/uploads\\\/2025\\\/05\\\/ensemble-Collier-boucles-1-scaled.jpg\",\"width\":1920,\"height\":2560},{\"@type\":\"BreadcrumbList\",\"@id\":\"https:\\\/\\\/enastyle.ma\\\/?product=ensemble-huit-reflets#breadcrumb\",\"itemListElement\":[{\"@type\":\"ListItem\",\"position\":1,\"name\":\"Accueil\",\"item\":\"https:\\\/\\\/enastyle.ma\\\/\"},{\"@type\":\"ListItem\",\"position\":2,\"name\":\"Store\",\"item\":\"https:\\\/\\\/enastyle.ma\\\/?page_id=785\"},{\"@type\":\"ListItem\",\"position\":3,\"name\":\"Ensemble Huit Reflets\"}]},{\"@type\":\"WebSite\",\"@id\":\"https:\\\/\\\/enastyle.ma\\\/#website\",\"url\":\"https:\\\/\\\/enastyle.ma\\\/\",\"name\":\"\",\"description\":\"made for you\u00ae\",\"potentialAction\":[{\"@type\":\"SearchAction\",\"target\":{\"@type\":\"EntryPoint\",\"urlTemplate\":\"https:\\\/\\\/enastyle.ma\\\/?s={search_term_string}\"},\"query-input\":{\"@type\":\"PropertyValueSpecification\",\"valueRequired\":true,\"valueName\":\"search_term_string\"}}],\"inLanguage\":\"fr-FR\"}]}<\/script>\n<!-- \/ Yoast SEO plugin. -->","yoast_head_json":{"title":"Ensemble Huit Reflets -","description":"D\u00e9couvrez l\u2019Ensemble Huit Reflets : un collier et des boucles d\u2019oreilles au design g\u00e9om\u00e9trique dor\u00e9. Minimaliste et \u00e9l\u00e9gant.","robots":{"index":"noindex","follow":"follow","max-snippet":"max-snippet:-1","max-image-preview":"max-image-preview:large","max-video-preview":"max-video-preview:-1"},"og_locale":"fr_FR","og_type":"article","og_title":"Ensemble Huit Reflets -","og_description":"D\u00e9couvrez l\u2019Ensemble Huit Reflets : un collier et des boucles d\u2019oreilles au design g\u00e9om\u00e9trique dor\u00e9. Minimaliste et \u00e9l\u00e9gant.","og_url":"https:\/\/enastyle.ma\/?product=ensemble-huit-reflets","article_modified_time":"2025-10-12T17:31:20+00:00","og_image":[{"width":1920,"height":2560,"url":"https:\/\/enastyle.ma\/wp-content\/uploads\/2025\/05\/ensemble-Collier-boucles-1-scaled.jpg","type":"image\/jpeg"}],"twitter_card":"summary_large_image","twitter_misc":{"Dur\u00e9e de lecture estim\u00e9e":"1 minute"},"schema":{"@context":"https:\/\/schema.org","@graph":[{"@type":"WebPage","@id":"https:\/\/enastyle.ma\/?product=ensemble-huit-reflets","url":"https:\/\/enastyle.ma\/?product=ensemble-huit-reflets","name":"Ensemble Huit Reflets -","isPartOf":{"@id":"https:\/\/enastyle.ma\/#website"},"primaryImageOfPage":{"@id":"https:\/\/enastyle.ma\/?product=ensemble-huit-reflets#primaryimage"},"image":{"@id":"https:\/\/enastyle.ma\/?product=ensemble-huit-reflets#primaryimage"},"thumbnailUrl":"https:\/\/enastyle.ma\/wp-content\/uploads\/2025\/05\/ensemble-Collier-boucles-1-scaled.jpg","datePublished":"2025-05-20T10:16:45+00:00","dateModified":"2025-10-12T17:31:20+00:00","description":"D\u00e9couvrez l\u2019Ensemble Huit Reflets : un collier et des boucles d\u2019oreilles au design g\u00e9om\u00e9trique dor\u00e9. Minimaliste et \u00e9l\u00e9gant.","breadcrumb":{"@id":"https:\/\/enastyle.ma\/?product=ensemble-huit-reflets#breadcrumb"},"inLanguage":"fr-FR","potentialAction":[{"@type":"ReadAction","target":["https:\/\/enastyle.ma\/?product=ensemble-huit-reflets"]}]},{"@type":"ImageObject","inLanguage":"fr-FR","@id":"https:\/\/enastyle.ma\/?product=ensemble-huit-reflets#primaryimage","url":"https:\/\/enastyle.ma\/wp-content\/uploads\/2025\/05\/ensemble-Collier-boucles-1-scaled.jpg","contentUrl":"https:\/\/enastyle.ma\/wp-content\/uploads\/2025\/05\/ensemble-Collier-boucles-1-scaled.jpg","width":1920,"height":2560},{"@type":"BreadcrumbList","@id":"https:\/\/enastyle.ma\/?product=ensemble-huit-reflets#breadcrumb","itemListElement":[{"@type":"ListItem","position":1,"name":"Accueil","item":"https:\/\/enastyle.ma\/"},{"@type":"ListItem","position":2,"name":"Store","item":"https:\/\/enastyle.ma\/?page_id=785"},{"@type":"ListItem","position":3,"name":"Ensemble Huit Reflets"}]},{"@type":"WebSite","@id":"https:\/\/enastyle.ma\/#website","url":"https:\/\/enastyle.ma\/","name":"","description":"made for you\u00ae","potentialAction":[{"@type":"SearchAction","target":{"@type":"EntryPoint","urlTemplate":"https:\/\/enastyle.ma\/?s={search_term_string}"},"query-input":{"@type":"PropertyValueSpecification","valueRequired":true,"valueName":"search_term_string"}}],"inLanguage":"fr-FR"}]}},"jetpack_sharing_enabled":true,"_links":{"self":[{"href":"https:\/\/enastyle.ma\/index.php?rest_route=\/wp\/v2\/product\/1385","targetHints":{"allow":["GET"]}}],"collection":[{"href":"https:\/\/enastyle.ma\/index.php?rest_route=\/wp\/v2\/product"}],"about":[{"href":"https:\/\/enastyle.ma\/index.php?rest_route=\/wp\/v2\/types\/product"}],"replies":[{"embeddable":true,"href":"https:\/\/enastyle.ma\/index.php?rest_route=%2Fwp%2Fv2%2Fcomments&post=1385"}],"wp:featuredmedia":[{"embeddable":true,"href":"https:\/\/enastyle.ma\/index.php?rest_route=\/wp\/v2\/media\/1386"}],"wp:attachment":[{"href":"https:\/\/enastyle.ma\/index.php?rest_route=%2Fwp%2Fv2%2Fmedia&parent=1385"}],"wp:term":[{"taxonomy":"product_brand","embeddable":true,"href":"https:\/\/enastyle.ma\/index.php?rest_route=%2Fwp%2Fv2%2Fproduct_brand&post=1385"},{"taxonomy":"product_cat","embeddable":true,"href":"https:\/\/enastyle.ma\/index.php?rest_route=%2Fwp%2Fv2%2Fproduct_cat&post=1385"},{"taxonomy":"product_tag","embeddable":true,"href":"https:\/\/enastyle.ma\/index.php?rest_route=%2Fwp%2Fv2%2Fproduct_tag&post=1385"}],"curies":[{"name":"wp","href":"https:\/\/api.w.org\/{rel}","templated":true}]}}