{"id":1395,"date":"2025-05-23T05:21:41","date_gmt":"2025-05-23T05:21:41","guid":{"rendered":"https:\/\/elmasspirit.ma\/?post_type=product&#038;p=1395"},"modified":"2025-05-23T05:21:41","modified_gmt":"2025-05-23T05:21:41","slug":"collier-symbole-royal","status":"publish","type":"product","link":"https:\/\/enastyle.ma\/?product=collier-symbole-royal","title":{"rendered":"Collier Symbole Royal"},"content":{"rendered":"<p>Le Collier Symbole Royal incarne les valeurs intemporelles de Libert\u00e9, \u00c9galit\u00e9, Fraternit\u00e9 \u2013 trois id\u00e9aux qui repr\u00e9sentent respectivement l\u2019ind\u00e9pendance, la justice et la solidarit\u00e9. Confectionn\u00e9 en acier inoxydable dor\u00e9, ce bijou raffin\u00e9 arbore un pendentif central inspir\u00e9 de ces principes forts, accompagn\u00e9 d\u2019un discret pendentif Khmissa qui compl\u00e8te \u00e9l\u00e9gamment le design.<br \/>\n\u2728 Un bijou engag\u00e9 pour affirmer ses convictions avec \u00e9l\u00e9gance.<\/p>\n","protected":false},"excerpt":{"rendered":"<p>Collier dor\u00e9 avec pendentif m\u00e9daille grav\u00e9e d\u2019un coq, reprenant les symboles de la R\u00e9publique fran\u00e7aise.<\/p>\n","protected":false},"featured_media":1396,"comment_status":"open","ping_status":"closed","template":"","meta":{"site-sidebar-layout":"default","site-content-layout":"","ast-site-content-layout":"default","site-content-style":"default","site-sidebar-style":"default","ast-global-header-display":"","ast-banner-title-visibility":"","ast-main-header-display":"","ast-hfb-above-header-display":"","ast-hfb-below-header-display":"","ast-hfb-mobile-header-display":"","site-post-title":"","ast-breadcrumbs-content":"","ast-featured-img":"","footer-sml-layout":"","theme-transparent-header-meta":"default","adv-header-id-meta":"","stick-header-meta":"","header-above-stick-meta":"","header-main-stick-meta":"","header-below-stick-meta":"","astra-migrate-meta-layouts":"set","ast-page-background-enabled":"default","ast-page-background-meta":{"desktop":{"background-color":"var(--ast-global-color-5)","background-image":"","background-repeat":"repeat","background-position":"center center","background-size":"auto","background-attachment":"scroll","background-type":"","background-media":"","overlay-type":"","overlay-color":"","overlay-opacity":"","overlay-gradient":""},"tablet":{"background-color":"","background-image":"","background-repeat":"repeat","background-position":"center center","background-size":"auto","background-attachment":"scroll","background-type":"","background-media":"","overlay-type":"","overlay-color":"","overlay-opacity":"","overlay-gradient":""},"mobile":{"background-color":"","background-image":"","background-repeat":"repeat","background-position":"center center","background-size":"auto","background-attachment":"scroll","background-type":"","background-media":"","overlay-type":"","overlay-color":"","overlay-opacity":"","overlay-gradient":""}},"ast-content-background-meta":{"desktop":{"background-color":"var(--ast-global-color-4)","background-image":"","background-repeat":"repeat","background-position":"center center","background-size":"auto","background-attachment":"scroll","background-type":"","background-media":"","overlay-type":"","overlay-color":"","overlay-opacity":"","overlay-gradient":""},"tablet":{"background-color":"var(--ast-global-color-4)","background-image":"","background-repeat":"repeat","background-position":"center center","background-size":"auto","background-attachment":"scroll","background-type":"","background-media":"","overlay-type":"","overlay-color":"","overlay-opacity":"","overlay-gradient":""},"mobile":{"background-color":"var(--ast-global-color-4)","background-image":"","background-repeat":"repeat","background-position":"center center","background-size":"auto","background-attachment":"scroll","background-type":"","background-media":"","overlay-type":"","overlay-color":"","overlay-opacity":"","overlay-gradient":""}}},"product_brand":[],"product_cat":[20],"product_tag":[55],"class_list":{"0":"post-1395","1":"product","2":"type-product","3":"status-publish","4":"has-post-thumbnail","6":"product_cat-lelegance-autour-du-cou","7":"product_tag-symboleroyal-collierdore-acierinoxydable-liberteegalitefraternite","8":"desktop-align-center","9":"tablet-align-left","10":"mobile-align-center","12":"first","13":"instock","14":"shipping-taxable","15":"purchasable","16":"product-type-simple"},"yoast_head":"<!-- This site is optimized with the Yoast SEO plugin v27.4 - https:\/\/yoast.com\/product\/yoast-seo-wordpress\/ -->\n<title>Collier Symbole Royal -<\/title>\n<meta name=\"description\" content=\"Collier Symbole Royal : une m\u00e9daille dor\u00e9e grav\u00e9e d\u2019un coq, inspir\u00e9e d\u2019une pi\u00e8ce de monnaie de 1912. Un bijou vintage puissant et charg\u00e9 d\u2019histoire.\" \/>\n<meta name=\"robots\" content=\"noindex, follow, max-snippet:-1, max-image-preview:large, max-video-preview:-1\" \/>\n<meta property=\"og:locale\" content=\"fr_FR\" \/>\n<meta property=\"og:type\" content=\"article\" \/>\n<meta property=\"og:title\" content=\"Collier Symbole Royal -\" \/>\n<meta property=\"og:description\" content=\"Collier Symbole Royal : une m\u00e9daille dor\u00e9e grav\u00e9e d\u2019un coq, inspir\u00e9e d\u2019une pi\u00e8ce de monnaie de 1912. Un bijou vintage puissant et charg\u00e9 d\u2019histoire.\" \/>\n<meta property=\"og:url\" content=\"https:\/\/enastyle.ma\/?product=collier-symbole-royal\" \/>\n<meta property=\"og:image\" content=\"https:\/\/enastyle.ma\/wp-content\/uploads\/2025\/05\/Collier-Egalite-Fraternite-P1.jpg\" \/>\n\t<meta property=\"og:image:width\" content=\"960\" \/>\n\t<meta property=\"og:image:height\" content=\"1280\" \/>\n\t<meta property=\"og:image:type\" content=\"image\/jpeg\" \/>\n<meta name=\"twitter:card\" content=\"summary_large_image\" \/>\n<meta name=\"twitter:label1\" content=\"Dur\u00e9e de lecture estim\u00e9e\" \/>\n\t<meta name=\"twitter:data1\" content=\"1 minute\" \/>\n<script type=\"application\/ld+json\" class=\"yoast-schema-graph\">{\"@context\":\"https:\\\/\\\/schema.org\",\"@graph\":[{\"@type\":\"WebPage\",\"@id\":\"https:\\\/\\\/enastyle.ma\\\/?product=collier-symbole-royal\",\"url\":\"https:\\\/\\\/enastyle.ma\\\/?product=collier-symbole-royal\",\"name\":\"Collier Symbole Royal -\",\"isPartOf\":{\"@id\":\"https:\\\/\\\/enastyle.ma\\\/#website\"},\"primaryImageOfPage\":{\"@id\":\"https:\\\/\\\/enastyle.ma\\\/?product=collier-symbole-royal#primaryimage\"},\"image\":{\"@id\":\"https:\\\/\\\/enastyle.ma\\\/?product=collier-symbole-royal#primaryimage\"},\"thumbnailUrl\":\"https:\\\/\\\/enastyle.ma\\\/wp-content\\\/uploads\\\/2025\\\/05\\\/Collier-Egalite-Fraternite-P1.jpg\",\"datePublished\":\"2025-05-23T05:21:41+00:00\",\"description\":\"Collier Symbole Royal : une m\u00e9daille dor\u00e9e grav\u00e9e d\u2019un coq, inspir\u00e9e d\u2019une pi\u00e8ce de monnaie de 1912. Un bijou vintage puissant et charg\u00e9 d\u2019histoire.\",\"breadcrumb\":{\"@id\":\"https:\\\/\\\/enastyle.ma\\\/?product=collier-symbole-royal#breadcrumb\"},\"inLanguage\":\"fr-FR\",\"potentialAction\":[{\"@type\":\"ReadAction\",\"target\":[\"https:\\\/\\\/enastyle.ma\\\/?product=collier-symbole-royal\"]}]},{\"@type\":\"ImageObject\",\"inLanguage\":\"fr-FR\",\"@id\":\"https:\\\/\\\/enastyle.ma\\\/?product=collier-symbole-royal#primaryimage\",\"url\":\"https:\\\/\\\/enastyle.ma\\\/wp-content\\\/uploads\\\/2025\\\/05\\\/Collier-Egalite-Fraternite-P1.jpg\",\"contentUrl\":\"https:\\\/\\\/enastyle.ma\\\/wp-content\\\/uploads\\\/2025\\\/05\\\/Collier-Egalite-Fraternite-P1.jpg\",\"width\":960,\"height\":1280},{\"@type\":\"BreadcrumbList\",\"@id\":\"https:\\\/\\\/enastyle.ma\\\/?product=collier-symbole-royal#breadcrumb\",\"itemListElement\":[{\"@type\":\"ListItem\",\"position\":1,\"name\":\"Accueil\",\"item\":\"https:\\\/\\\/enastyle.ma\\\/\"},{\"@type\":\"ListItem\",\"position\":2,\"name\":\"Store\",\"item\":\"https:\\\/\\\/enastyle.ma\\\/?page_id=785\"},{\"@type\":\"ListItem\",\"position\":3,\"name\":\"Collier Symbole Royal\"}]},{\"@type\":\"WebSite\",\"@id\":\"https:\\\/\\\/enastyle.ma\\\/#website\",\"url\":\"https:\\\/\\\/enastyle.ma\\\/\",\"name\":\"\",\"description\":\"made for you\u00ae\",\"potentialAction\":[{\"@type\":\"SearchAction\",\"target\":{\"@type\":\"EntryPoint\",\"urlTemplate\":\"https:\\\/\\\/enastyle.ma\\\/?s={search_term_string}\"},\"query-input\":{\"@type\":\"PropertyValueSpecification\",\"valueRequired\":true,\"valueName\":\"search_term_string\"}}],\"inLanguage\":\"fr-FR\"}]}<\/script>\n<!-- \/ Yoast SEO plugin. -->","yoast_head_json":{"title":"Collier Symbole Royal -","description":"Collier Symbole Royal : une m\u00e9daille dor\u00e9e grav\u00e9e d\u2019un coq, inspir\u00e9e d\u2019une pi\u00e8ce de monnaie de 1912. Un bijou vintage puissant et charg\u00e9 d\u2019histoire.","robots":{"index":"noindex","follow":"follow","max-snippet":"max-snippet:-1","max-image-preview":"max-image-preview:large","max-video-preview":"max-video-preview:-1"},"og_locale":"fr_FR","og_type":"article","og_title":"Collier Symbole Royal -","og_description":"Collier Symbole Royal : une m\u00e9daille dor\u00e9e grav\u00e9e d\u2019un coq, inspir\u00e9e d\u2019une pi\u00e8ce de monnaie de 1912. Un bijou vintage puissant et charg\u00e9 d\u2019histoire.","og_url":"https:\/\/enastyle.ma\/?product=collier-symbole-royal","og_image":[{"width":960,"height":1280,"url":"https:\/\/enastyle.ma\/wp-content\/uploads\/2025\/05\/Collier-Egalite-Fraternite-P1.jpg","type":"image\/jpeg"}],"twitter_card":"summary_large_image","twitter_misc":{"Dur\u00e9e de lecture estim\u00e9e":"1 minute"},"schema":{"@context":"https:\/\/schema.org","@graph":[{"@type":"WebPage","@id":"https:\/\/enastyle.ma\/?product=collier-symbole-royal","url":"https:\/\/enastyle.ma\/?product=collier-symbole-royal","name":"Collier Symbole Royal -","isPartOf":{"@id":"https:\/\/enastyle.ma\/#website"},"primaryImageOfPage":{"@id":"https:\/\/enastyle.ma\/?product=collier-symbole-royal#primaryimage"},"image":{"@id":"https:\/\/enastyle.ma\/?product=collier-symbole-royal#primaryimage"},"thumbnailUrl":"https:\/\/enastyle.ma\/wp-content\/uploads\/2025\/05\/Collier-Egalite-Fraternite-P1.jpg","datePublished":"2025-05-23T05:21:41+00:00","description":"Collier Symbole Royal : une m\u00e9daille dor\u00e9e grav\u00e9e d\u2019un coq, inspir\u00e9e d\u2019une pi\u00e8ce de monnaie de 1912. Un bijou vintage puissant et charg\u00e9 d\u2019histoire.","breadcrumb":{"@id":"https:\/\/enastyle.ma\/?product=collier-symbole-royal#breadcrumb"},"inLanguage":"fr-FR","potentialAction":[{"@type":"ReadAction","target":["https:\/\/enastyle.ma\/?product=collier-symbole-royal"]}]},{"@type":"ImageObject","inLanguage":"fr-FR","@id":"https:\/\/enastyle.ma\/?product=collier-symbole-royal#primaryimage","url":"https:\/\/enastyle.ma\/wp-content\/uploads\/2025\/05\/Collier-Egalite-Fraternite-P1.jpg","contentUrl":"https:\/\/enastyle.ma\/wp-content\/uploads\/2025\/05\/Collier-Egalite-Fraternite-P1.jpg","width":960,"height":1280},{"@type":"BreadcrumbList","@id":"https:\/\/enastyle.ma\/?product=collier-symbole-royal#breadcrumb","itemListElement":[{"@type":"ListItem","position":1,"name":"Accueil","item":"https:\/\/enastyle.ma\/"},{"@type":"ListItem","position":2,"name":"Store","item":"https:\/\/enastyle.ma\/?page_id=785"},{"@type":"ListItem","position":3,"name":"Collier Symbole Royal"}]},{"@type":"WebSite","@id":"https:\/\/enastyle.ma\/#website","url":"https:\/\/enastyle.ma\/","name":"","description":"made for you\u00ae","potentialAction":[{"@type":"SearchAction","target":{"@type":"EntryPoint","urlTemplate":"https:\/\/enastyle.ma\/?s={search_term_string}"},"query-input":{"@type":"PropertyValueSpecification","valueRequired":true,"valueName":"search_term_string"}}],"inLanguage":"fr-FR"}]}},"jetpack_sharing_enabled":true,"_links":{"self":[{"href":"https:\/\/enastyle.ma\/index.php?rest_route=\/wp\/v2\/product\/1395","targetHints":{"allow":["GET"]}}],"collection":[{"href":"https:\/\/enastyle.ma\/index.php?rest_route=\/wp\/v2\/product"}],"about":[{"href":"https:\/\/enastyle.ma\/index.php?rest_route=\/wp\/v2\/types\/product"}],"replies":[{"embeddable":true,"href":"https:\/\/enastyle.ma\/index.php?rest_route=%2Fwp%2Fv2%2Fcomments&post=1395"}],"wp:featuredmedia":[{"embeddable":true,"href":"https:\/\/enastyle.ma\/index.php?rest_route=\/wp\/v2\/media\/1396"}],"wp:attachment":[{"href":"https:\/\/enastyle.ma\/index.php?rest_route=%2Fwp%2Fv2%2Fmedia&parent=1395"}],"wp:term":[{"taxonomy":"product_brand","embeddable":true,"href":"https:\/\/enastyle.ma\/index.php?rest_route=%2Fwp%2Fv2%2Fproduct_brand&post=1395"},{"taxonomy":"product_cat","embeddable":true,"href":"https:\/\/enastyle.ma\/index.php?rest_route=%2Fwp%2Fv2%2Fproduct_cat&post=1395"},{"taxonomy":"product_tag","embeddable":true,"href":"https:\/\/enastyle.ma\/index.php?rest_route=%2Fwp%2Fv2%2Fproduct_tag&post=1395"}],"curies":[{"name":"wp","href":"https:\/\/api.w.org\/{rel}","templated":true}]}}