{"id":1408,"date":"2025-05-23T06:06:26","date_gmt":"2025-05-23T06:06:26","guid":{"rendered":"https:\/\/elmasspirit.ma\/?post_type=product&#038;p=1408"},"modified":"2025-06-26T08:54:24","modified_gmt":"2025-06-26T08:54:24","slug":"collier-brillance_multiple","status":"publish","type":"product","link":"https:\/\/enastyle.ma\/?product=collier-brillance_multiple","title":{"rendered":"Collier Brillance Multiple"},"content":{"rendered":"<p>Le Collier Brillance Multiple est une v\u00e9ritable ode \u00e0 l\u2019\u00e9clat et \u00e0 la couleur. Son design en acier inoxydable dor\u00e9 est sublim\u00e9 par une s\u00e9rie de carr\u00e9s sertis de pierres aux teintes vari\u00e9es, cr\u00e9ant un jeu de lumi\u00e8re captivant. Un bijou sophistiqu\u00e9, parfait pour illuminer chaque tenue avec une touche de raffinement unique.<\/p>\n<p>\u2728 Un \u00e9clat multicolore, une \u00e9l\u00e9gance\u00a0intemporelle.<\/p>\n","protected":false},"excerpt":{"rendered":"<p>Collier dor\u00e9 serti de pierres multicolores. Un bijou \u00e9clatant et festif, parfait pour ajouter une touche de lumi\u00e8re et de fantaisie \u00e0 votre style.<\/p>\n","protected":false},"featured_media":1409,"comment_status":"open","ping_status":"closed","template":"","meta":{"site-sidebar-layout":"default","site-content-layout":"","ast-site-content-layout":"default","site-content-style":"default","site-sidebar-style":"default","ast-global-header-display":"","ast-banner-title-visibility":"","ast-main-header-display":"","ast-hfb-above-header-display":"","ast-hfb-below-header-display":"","ast-hfb-mobile-header-display":"","site-post-title":"","ast-breadcrumbs-content":"","ast-featured-img":"","footer-sml-layout":"","theme-transparent-header-meta":"default","adv-header-id-meta":"","stick-header-meta":"","header-above-stick-meta":"","header-main-stick-meta":"","header-below-stick-meta":"","astra-migrate-meta-layouts":"set","ast-page-background-enabled":"default","ast-page-background-meta":{"desktop":{"background-color":"var(--ast-global-color-5)","background-image":"","background-repeat":"repeat","background-position":"center center","background-size":"auto","background-attachment":"scroll","background-type":"","background-media":"","overlay-type":"","overlay-color":"","overlay-opacity":"","overlay-gradient":""},"tablet":{"background-color":"","background-image":"","background-repeat":"repeat","background-position":"center center","background-size":"auto","background-attachment":"scroll","background-type":"","background-media":"","overlay-type":"","overlay-color":"","overlay-opacity":"","overlay-gradient":""},"mobile":{"background-color":"","background-image":"","background-repeat":"repeat","background-position":"center center","background-size":"auto","background-attachment":"scroll","background-type":"","background-media":"","overlay-type":"","overlay-color":"","overlay-opacity":"","overlay-gradient":""}},"ast-content-background-meta":{"desktop":{"background-color":"var(--ast-global-color-4)","background-image":"","background-repeat":"repeat","background-position":"center center","background-size":"auto","background-attachment":"scroll","background-type":"","background-media":"","overlay-type":"","overlay-color":"","overlay-opacity":"","overlay-gradient":""},"tablet":{"background-color":"var(--ast-global-color-4)","background-image":"","background-repeat":"repeat","background-position":"center center","background-size":"auto","background-attachment":"scroll","background-type":"","background-media":"","overlay-type":"","overlay-color":"","overlay-opacity":"","overlay-gradient":""},"mobile":{"background-color":"var(--ast-global-color-4)","background-image":"","background-repeat":"repeat","background-position":"center center","background-size":"auto","background-attachment":"scroll","background-type":"","background-media":"","overlay-type":"","overlay-color":"","overlay-opacity":"","overlay-gradient":""}}},"product_brand":[],"product_cat":[20],"product_tag":[58],"class_list":{"0":"post-1408","1":"product","2":"type-product","3":"status-publish","4":"has-post-thumbnail","6":"product_cat-lelegance-autour-du-cou","7":"product_tag-collier-dore-eclat-couleurs-acierinoxydable","8":"desktop-align-center","9":"tablet-align-left","10":"mobile-align-center","12":"first","13":"instock","14":"shipping-taxable","15":"purchasable","16":"product-type-simple"},"yoast_head":"<!-- This site is optimized with the Yoast SEO plugin v27.4 - https:\/\/yoast.com\/product\/yoast-seo-wordpress\/ -->\n<title>Collier Brillance Multiple -<\/title>\n<meta name=\"description\" content=\"Collier Brillance Multiple : une cha\u00eene dor\u00e9e orn\u00e9e de pierres color\u00e9es \u00e9clatantes. Un bijou lumineux et joyeux qui illumine chaque tenue avec \u00e9l\u00e9gance.\" \/>\n<meta name=\"robots\" content=\"noindex, follow, max-snippet:-1, max-image-preview:large, max-video-preview:-1\" \/>\n<meta property=\"og:locale\" content=\"fr_FR\" \/>\n<meta property=\"og:type\" content=\"article\" \/>\n<meta property=\"og:title\" content=\"Collier Brillance Multiple -\" \/>\n<meta property=\"og:description\" content=\"Collier Brillance Multiple : une cha\u00eene dor\u00e9e orn\u00e9e de pierres color\u00e9es \u00e9clatantes. Un bijou lumineux et joyeux qui illumine chaque tenue avec \u00e9l\u00e9gance.\" \/>\n<meta property=\"og:url\" content=\"https:\/\/enastyle.ma\/?product=collier-brillance_multiple\" \/>\n<meta property=\"article:modified_time\" content=\"2025-06-26T08:54:24+00:00\" \/>\n<meta property=\"og:image\" content=\"https:\/\/enastyle.ma\/wp-content\/uploads\/2025\/05\/Collier-Brillance-Multiple-P1-scaled.jpg\" \/>\n\t<meta property=\"og:image:width\" content=\"1920\" \/>\n\t<meta property=\"og:image:height\" content=\"2560\" \/>\n\t<meta property=\"og:image:type\" content=\"image\/jpeg\" \/>\n<meta name=\"twitter:card\" content=\"summary_large_image\" \/>\n<meta name=\"twitter:label1\" content=\"Dur\u00e9e de lecture estim\u00e9e\" \/>\n\t<meta name=\"twitter:data1\" content=\"1 minute\" \/>\n<script type=\"application\/ld+json\" class=\"yoast-schema-graph\">{\"@context\":\"https:\\\/\\\/schema.org\",\"@graph\":[{\"@type\":\"WebPage\",\"@id\":\"https:\\\/\\\/enastyle.ma\\\/?product=collier-brillance_multiple\",\"url\":\"https:\\\/\\\/enastyle.ma\\\/?product=collier-brillance_multiple\",\"name\":\"Collier Brillance Multiple -\",\"isPartOf\":{\"@id\":\"https:\\\/\\\/enastyle.ma\\\/#website\"},\"primaryImageOfPage\":{\"@id\":\"https:\\\/\\\/enastyle.ma\\\/?product=collier-brillance_multiple#primaryimage\"},\"image\":{\"@id\":\"https:\\\/\\\/enastyle.ma\\\/?product=collier-brillance_multiple#primaryimage\"},\"thumbnailUrl\":\"https:\\\/\\\/enastyle.ma\\\/wp-content\\\/uploads\\\/2025\\\/05\\\/Collier-Brillance-Multiple-P1-scaled.jpg\",\"datePublished\":\"2025-05-23T06:06:26+00:00\",\"dateModified\":\"2025-06-26T08:54:24+00:00\",\"description\":\"Collier Brillance Multiple : une cha\u00eene dor\u00e9e orn\u00e9e de pierres color\u00e9es \u00e9clatantes. Un bijou lumineux et joyeux qui illumine chaque tenue avec \u00e9l\u00e9gance.\",\"breadcrumb\":{\"@id\":\"https:\\\/\\\/enastyle.ma\\\/?product=collier-brillance_multiple#breadcrumb\"},\"inLanguage\":\"fr-FR\",\"potentialAction\":[{\"@type\":\"ReadAction\",\"target\":[\"https:\\\/\\\/enastyle.ma\\\/?product=collier-brillance_multiple\"]}]},{\"@type\":\"ImageObject\",\"inLanguage\":\"fr-FR\",\"@id\":\"https:\\\/\\\/enastyle.ma\\\/?product=collier-brillance_multiple#primaryimage\",\"url\":\"https:\\\/\\\/enastyle.ma\\\/wp-content\\\/uploads\\\/2025\\\/05\\\/Collier-Brillance-Multiple-P1-scaled.jpg\",\"contentUrl\":\"https:\\\/\\\/enastyle.ma\\\/wp-content\\\/uploads\\\/2025\\\/05\\\/Collier-Brillance-Multiple-P1-scaled.jpg\",\"width\":1920,\"height\":2560},{\"@type\":\"BreadcrumbList\",\"@id\":\"https:\\\/\\\/enastyle.ma\\\/?product=collier-brillance_multiple#breadcrumb\",\"itemListElement\":[{\"@type\":\"ListItem\",\"position\":1,\"name\":\"Accueil\",\"item\":\"https:\\\/\\\/enastyle.ma\\\/\"},{\"@type\":\"ListItem\",\"position\":2,\"name\":\"Store\",\"item\":\"https:\\\/\\\/enastyle.ma\\\/?page_id=785\"},{\"@type\":\"ListItem\",\"position\":3,\"name\":\"Collier Brillance Multiple\"}]},{\"@type\":\"WebSite\",\"@id\":\"https:\\\/\\\/enastyle.ma\\\/#website\",\"url\":\"https:\\\/\\\/enastyle.ma\\\/\",\"name\":\"\",\"description\":\"made for you\u00ae\",\"potentialAction\":[{\"@type\":\"SearchAction\",\"target\":{\"@type\":\"EntryPoint\",\"urlTemplate\":\"https:\\\/\\\/enastyle.ma\\\/?s={search_term_string}\"},\"query-input\":{\"@type\":\"PropertyValueSpecification\",\"valueRequired\":true,\"valueName\":\"search_term_string\"}}],\"inLanguage\":\"fr-FR\"}]}<\/script>\n<!-- \/ Yoast SEO plugin. -->","yoast_head_json":{"title":"Collier Brillance Multiple -","description":"Collier Brillance Multiple : une cha\u00eene dor\u00e9e orn\u00e9e de pierres color\u00e9es \u00e9clatantes. Un bijou lumineux et joyeux qui illumine chaque tenue avec \u00e9l\u00e9gance.","robots":{"index":"noindex","follow":"follow","max-snippet":"max-snippet:-1","max-image-preview":"max-image-preview:large","max-video-preview":"max-video-preview:-1"},"og_locale":"fr_FR","og_type":"article","og_title":"Collier Brillance Multiple -","og_description":"Collier Brillance Multiple : une cha\u00eene dor\u00e9e orn\u00e9e de pierres color\u00e9es \u00e9clatantes. Un bijou lumineux et joyeux qui illumine chaque tenue avec \u00e9l\u00e9gance.","og_url":"https:\/\/enastyle.ma\/?product=collier-brillance_multiple","article_modified_time":"2025-06-26T08:54:24+00:00","og_image":[{"width":1920,"height":2560,"url":"https:\/\/enastyle.ma\/wp-content\/uploads\/2025\/05\/Collier-Brillance-Multiple-P1-scaled.jpg","type":"image\/jpeg"}],"twitter_card":"summary_large_image","twitter_misc":{"Dur\u00e9e de lecture estim\u00e9e":"1 minute"},"schema":{"@context":"https:\/\/schema.org","@graph":[{"@type":"WebPage","@id":"https:\/\/enastyle.ma\/?product=collier-brillance_multiple","url":"https:\/\/enastyle.ma\/?product=collier-brillance_multiple","name":"Collier Brillance Multiple -","isPartOf":{"@id":"https:\/\/enastyle.ma\/#website"},"primaryImageOfPage":{"@id":"https:\/\/enastyle.ma\/?product=collier-brillance_multiple#primaryimage"},"image":{"@id":"https:\/\/enastyle.ma\/?product=collier-brillance_multiple#primaryimage"},"thumbnailUrl":"https:\/\/enastyle.ma\/wp-content\/uploads\/2025\/05\/Collier-Brillance-Multiple-P1-scaled.jpg","datePublished":"2025-05-23T06:06:26+00:00","dateModified":"2025-06-26T08:54:24+00:00","description":"Collier Brillance Multiple : une cha\u00eene dor\u00e9e orn\u00e9e de pierres color\u00e9es \u00e9clatantes. Un bijou lumineux et joyeux qui illumine chaque tenue avec \u00e9l\u00e9gance.","breadcrumb":{"@id":"https:\/\/enastyle.ma\/?product=collier-brillance_multiple#breadcrumb"},"inLanguage":"fr-FR","potentialAction":[{"@type":"ReadAction","target":["https:\/\/enastyle.ma\/?product=collier-brillance_multiple"]}]},{"@type":"ImageObject","inLanguage":"fr-FR","@id":"https:\/\/enastyle.ma\/?product=collier-brillance_multiple#primaryimage","url":"https:\/\/enastyle.ma\/wp-content\/uploads\/2025\/05\/Collier-Brillance-Multiple-P1-scaled.jpg","contentUrl":"https:\/\/enastyle.ma\/wp-content\/uploads\/2025\/05\/Collier-Brillance-Multiple-P1-scaled.jpg","width":1920,"height":2560},{"@type":"BreadcrumbList","@id":"https:\/\/enastyle.ma\/?product=collier-brillance_multiple#breadcrumb","itemListElement":[{"@type":"ListItem","position":1,"name":"Accueil","item":"https:\/\/enastyle.ma\/"},{"@type":"ListItem","position":2,"name":"Store","item":"https:\/\/enastyle.ma\/?page_id=785"},{"@type":"ListItem","position":3,"name":"Collier Brillance Multiple"}]},{"@type":"WebSite","@id":"https:\/\/enastyle.ma\/#website","url":"https:\/\/enastyle.ma\/","name":"","description":"made for you\u00ae","potentialAction":[{"@type":"SearchAction","target":{"@type":"EntryPoint","urlTemplate":"https:\/\/enastyle.ma\/?s={search_term_string}"},"query-input":{"@type":"PropertyValueSpecification","valueRequired":true,"valueName":"search_term_string"}}],"inLanguage":"fr-FR"}]}},"jetpack_sharing_enabled":true,"_links":{"self":[{"href":"https:\/\/enastyle.ma\/index.php?rest_route=\/wp\/v2\/product\/1408","targetHints":{"allow":["GET"]}}],"collection":[{"href":"https:\/\/enastyle.ma\/index.php?rest_route=\/wp\/v2\/product"}],"about":[{"href":"https:\/\/enastyle.ma\/index.php?rest_route=\/wp\/v2\/types\/product"}],"replies":[{"embeddable":true,"href":"https:\/\/enastyle.ma\/index.php?rest_route=%2Fwp%2Fv2%2Fcomments&post=1408"}],"wp:featuredmedia":[{"embeddable":true,"href":"https:\/\/enastyle.ma\/index.php?rest_route=\/wp\/v2\/media\/1409"}],"wp:attachment":[{"href":"https:\/\/enastyle.ma\/index.php?rest_route=%2Fwp%2Fv2%2Fmedia&parent=1408"}],"wp:term":[{"taxonomy":"product_brand","embeddable":true,"href":"https:\/\/enastyle.ma\/index.php?rest_route=%2Fwp%2Fv2%2Fproduct_brand&post=1408"},{"taxonomy":"product_cat","embeddable":true,"href":"https:\/\/enastyle.ma\/index.php?rest_route=%2Fwp%2Fv2%2Fproduct_cat&post=1408"},{"taxonomy":"product_tag","embeddable":true,"href":"https:\/\/enastyle.ma\/index.php?rest_route=%2Fwp%2Fv2%2Fproduct_tag&post=1408"}],"curies":[{"name":"wp","href":"https:\/\/api.w.org\/{rel}","templated":true}]}}