{"id":1427,"date":"2025-05-23T12:29:07","date_gmt":"2025-05-23T12:29:07","guid":{"rendered":"https:\/\/elmasspirit.ma\/?post_type=product&#038;p=1427"},"modified":"2025-05-23T12:37:50","modified_gmt":"2025-05-23T12:37:50","slug":"bracelet-crystal-chain","status":"publish","type":"product","link":"https:\/\/enastyle.ma\/?product=bracelet-crystal-chain","title":{"rendered":"Bracelet Crystal Chain"},"content":{"rendered":"<p>Sublimez votre poignet avec Crystal Chain, un bracelet rigide en acier inoxydable dor\u00e9, rehauss\u00e9 de maillons entrelac\u00e9s et de cristaux \u00e9tincelants. Une pi\u00e8ce \u00e9l\u00e9gante et intemporelle, parfaite pour ajouter une touche de lumi\u00e8re \u00e0 toutes vos tenues \u2014 du quotidien aux grandes occasions.<\/p>\n<p>R\u00e9sistant, raffin\u00e9, \u00e9clatant.<br \/>\nParce que chaque d\u00e9tail compte.<\/p>\n","protected":false},"excerpt":{"rendered":"<p>Bracelet rigide dor\u00e9 orn\u00e9 de maillons scintillants incrust\u00e9s de cristaux. Un bijou chic et glamour pour sublimer votre poignet avec \u00e9clat.<\/p>\n","protected":false},"featured_media":1428,"comment_status":"open","ping_status":"closed","template":"","meta":{"site-sidebar-layout":"default","site-content-layout":"","ast-site-content-layout":"default","site-content-style":"default","site-sidebar-style":"default","ast-global-header-display":"","ast-banner-title-visibility":"","ast-main-header-display":"","ast-hfb-above-header-display":"","ast-hfb-below-header-display":"","ast-hfb-mobile-header-display":"","site-post-title":"","ast-breadcrumbs-content":"","ast-featured-img":"","footer-sml-layout":"","theme-transparent-header-meta":"default","adv-header-id-meta":"","stick-header-meta":"","header-above-stick-meta":"","header-main-stick-meta":"","header-below-stick-meta":"","astra-migrate-meta-layouts":"set","ast-page-background-enabled":"default","ast-page-background-meta":{"desktop":{"background-color":"var(--ast-global-color-5)","background-image":"","background-repeat":"repeat","background-position":"center center","background-size":"auto","background-attachment":"scroll","background-type":"","background-media":"","overlay-type":"","overlay-color":"","overlay-opacity":"","overlay-gradient":""},"tablet":{"background-color":"","background-image":"","background-repeat":"repeat","background-position":"center center","background-size":"auto","background-attachment":"scroll","background-type":"","background-media":"","overlay-type":"","overlay-color":"","overlay-opacity":"","overlay-gradient":""},"mobile":{"background-color":"","background-image":"","background-repeat":"repeat","background-position":"center center","background-size":"auto","background-attachment":"scroll","background-type":"","background-media":"","overlay-type":"","overlay-color":"","overlay-opacity":"","overlay-gradient":""}},"ast-content-background-meta":{"desktop":{"background-color":"var(--ast-global-color-4)","background-image":"","background-repeat":"repeat","background-position":"center center","background-size":"auto","background-attachment":"scroll","background-type":"","background-media":"","overlay-type":"","overlay-color":"","overlay-opacity":"","overlay-gradient":""},"tablet":{"background-color":"var(--ast-global-color-4)","background-image":"","background-repeat":"repeat","background-position":"center center","background-size":"auto","background-attachment":"scroll","background-type":"","background-media":"","overlay-type":"","overlay-color":"","overlay-opacity":"","overlay-gradient":""},"mobile":{"background-color":"var(--ast-global-color-4)","background-image":"","background-repeat":"repeat","background-position":"center center","background-size":"auto","background-attachment":"scroll","background-type":"","background-media":"","overlay-type":"","overlay-color":"","overlay-opacity":"","overlay-gradient":""}}},"product_brand":[],"product_cat":[21],"product_tag":[62],"class_list":{"0":"post-1427","1":"product","2":"type-product","3":"status-publish","4":"has-post-thumbnail","6":"product_cat-femme","7":"product_tag-crystal-chain-bijou-femme-bracelet-chaine-acier-inoxydable-bracelet-chic","8":"desktop-align-center","9":"tablet-align-left","10":"mobile-align-center","12":"first","13":"instock","14":"shipping-taxable","15":"purchasable","16":"product-type-simple"},"yoast_head":"<!-- This site is optimized with the Yoast SEO plugin v27.4 - https:\/\/yoast.com\/product\/yoast-seo-wordpress\/ -->\n<title>Bracelet Crystal Chain -<\/title>\n<meta name=\"description\" content=\"\u00c9l\u00e9gant et audacieux, le Bracelet Crystal Chain associe maillons dor\u00e9s et strass \u00e9tincelants. Un bijou rigide sophistiqu\u00e9 pour un style raffin\u00e9 et lumineux.\" \/>\n<meta name=\"robots\" content=\"noindex, follow, max-snippet:-1, max-image-preview:large, max-video-preview:-1\" \/>\n<meta property=\"og:locale\" content=\"fr_FR\" \/>\n<meta property=\"og:type\" content=\"article\" \/>\n<meta property=\"og:title\" content=\"Bracelet Crystal Chain -\" \/>\n<meta property=\"og:description\" content=\"\u00c9l\u00e9gant et audacieux, le Bracelet Crystal Chain associe maillons dor\u00e9s et strass \u00e9tincelants. Un bijou rigide sophistiqu\u00e9 pour un style raffin\u00e9 et lumineux.\" \/>\n<meta property=\"og:url\" content=\"https:\/\/enastyle.ma\/?product=bracelet-crystal-chain\" \/>\n<meta property=\"article:modified_time\" content=\"2025-05-23T12:37:50+00:00\" \/>\n<meta property=\"og:image\" content=\"https:\/\/enastyle.ma\/wp-content\/uploads\/2025\/05\/Bracelet-Crystal-Chain-P-2-scaled.jpg\" \/>\n\t<meta property=\"og:image:width\" content=\"1920\" \/>\n\t<meta property=\"og:image:height\" content=\"2560\" \/>\n\t<meta property=\"og:image:type\" content=\"image\/jpeg\" \/>\n<meta name=\"twitter:card\" content=\"summary_large_image\" \/>\n<meta name=\"twitter:label1\" content=\"Dur\u00e9e de lecture estim\u00e9e\" \/>\n\t<meta name=\"twitter:data1\" content=\"1 minute\" \/>\n<script type=\"application\/ld+json\" class=\"yoast-schema-graph\">{\"@context\":\"https:\\\/\\\/schema.org\",\"@graph\":[{\"@type\":\"WebPage\",\"@id\":\"https:\\\/\\\/enastyle.ma\\\/?product=bracelet-crystal-chain\",\"url\":\"https:\\\/\\\/enastyle.ma\\\/?product=bracelet-crystal-chain\",\"name\":\"Bracelet Crystal Chain -\",\"isPartOf\":{\"@id\":\"https:\\\/\\\/enastyle.ma\\\/#website\"},\"primaryImageOfPage\":{\"@id\":\"https:\\\/\\\/enastyle.ma\\\/?product=bracelet-crystal-chain#primaryimage\"},\"image\":{\"@id\":\"https:\\\/\\\/enastyle.ma\\\/?product=bracelet-crystal-chain#primaryimage\"},\"thumbnailUrl\":\"https:\\\/\\\/enastyle.ma\\\/wp-content\\\/uploads\\\/2025\\\/05\\\/Bracelet-Crystal-Chain-P-2-scaled.jpg\",\"datePublished\":\"2025-05-23T12:29:07+00:00\",\"dateModified\":\"2025-05-23T12:37:50+00:00\",\"description\":\"\u00c9l\u00e9gant et audacieux, le Bracelet Crystal Chain associe maillons dor\u00e9s et strass \u00e9tincelants. Un bijou rigide sophistiqu\u00e9 pour un style raffin\u00e9 et lumineux.\",\"breadcrumb\":{\"@id\":\"https:\\\/\\\/enastyle.ma\\\/?product=bracelet-crystal-chain#breadcrumb\"},\"inLanguage\":\"fr-FR\",\"potentialAction\":[{\"@type\":\"ReadAction\",\"target\":[\"https:\\\/\\\/enastyle.ma\\\/?product=bracelet-crystal-chain\"]}]},{\"@type\":\"ImageObject\",\"inLanguage\":\"fr-FR\",\"@id\":\"https:\\\/\\\/enastyle.ma\\\/?product=bracelet-crystal-chain#primaryimage\",\"url\":\"https:\\\/\\\/enastyle.ma\\\/wp-content\\\/uploads\\\/2025\\\/05\\\/Bracelet-Crystal-Chain-P-2-scaled.jpg\",\"contentUrl\":\"https:\\\/\\\/enastyle.ma\\\/wp-content\\\/uploads\\\/2025\\\/05\\\/Bracelet-Crystal-Chain-P-2-scaled.jpg\",\"width\":1920,\"height\":2560},{\"@type\":\"BreadcrumbList\",\"@id\":\"https:\\\/\\\/enastyle.ma\\\/?product=bracelet-crystal-chain#breadcrumb\",\"itemListElement\":[{\"@type\":\"ListItem\",\"position\":1,\"name\":\"Accueil\",\"item\":\"https:\\\/\\\/enastyle.ma\\\/\"},{\"@type\":\"ListItem\",\"position\":2,\"name\":\"Store\",\"item\":\"https:\\\/\\\/enastyle.ma\\\/?page_id=785\"},{\"@type\":\"ListItem\",\"position\":3,\"name\":\"Bracelet Crystal Chain\"}]},{\"@type\":\"WebSite\",\"@id\":\"https:\\\/\\\/enastyle.ma\\\/#website\",\"url\":\"https:\\\/\\\/enastyle.ma\\\/\",\"name\":\"\",\"description\":\"made for you\u00ae\",\"potentialAction\":[{\"@type\":\"SearchAction\",\"target\":{\"@type\":\"EntryPoint\",\"urlTemplate\":\"https:\\\/\\\/enastyle.ma\\\/?s={search_term_string}\"},\"query-input\":{\"@type\":\"PropertyValueSpecification\",\"valueRequired\":true,\"valueName\":\"search_term_string\"}}],\"inLanguage\":\"fr-FR\"}]}<\/script>\n<!-- \/ Yoast SEO plugin. -->","yoast_head_json":{"title":"Bracelet Crystal Chain -","description":"\u00c9l\u00e9gant et audacieux, le Bracelet Crystal Chain associe maillons dor\u00e9s et strass \u00e9tincelants. Un bijou rigide sophistiqu\u00e9 pour un style raffin\u00e9 et lumineux.","robots":{"index":"noindex","follow":"follow","max-snippet":"max-snippet:-1","max-image-preview":"max-image-preview:large","max-video-preview":"max-video-preview:-1"},"og_locale":"fr_FR","og_type":"article","og_title":"Bracelet Crystal Chain -","og_description":"\u00c9l\u00e9gant et audacieux, le Bracelet Crystal Chain associe maillons dor\u00e9s et strass \u00e9tincelants. Un bijou rigide sophistiqu\u00e9 pour un style raffin\u00e9 et lumineux.","og_url":"https:\/\/enastyle.ma\/?product=bracelet-crystal-chain","article_modified_time":"2025-05-23T12:37:50+00:00","og_image":[{"width":1920,"height":2560,"url":"https:\/\/enastyle.ma\/wp-content\/uploads\/2025\/05\/Bracelet-Crystal-Chain-P-2-scaled.jpg","type":"image\/jpeg"}],"twitter_card":"summary_large_image","twitter_misc":{"Dur\u00e9e de lecture estim\u00e9e":"1 minute"},"schema":{"@context":"https:\/\/schema.org","@graph":[{"@type":"WebPage","@id":"https:\/\/enastyle.ma\/?product=bracelet-crystal-chain","url":"https:\/\/enastyle.ma\/?product=bracelet-crystal-chain","name":"Bracelet Crystal Chain -","isPartOf":{"@id":"https:\/\/enastyle.ma\/#website"},"primaryImageOfPage":{"@id":"https:\/\/enastyle.ma\/?product=bracelet-crystal-chain#primaryimage"},"image":{"@id":"https:\/\/enastyle.ma\/?product=bracelet-crystal-chain#primaryimage"},"thumbnailUrl":"https:\/\/enastyle.ma\/wp-content\/uploads\/2025\/05\/Bracelet-Crystal-Chain-P-2-scaled.jpg","datePublished":"2025-05-23T12:29:07+00:00","dateModified":"2025-05-23T12:37:50+00:00","description":"\u00c9l\u00e9gant et audacieux, le Bracelet Crystal Chain associe maillons dor\u00e9s et strass \u00e9tincelants. Un bijou rigide sophistiqu\u00e9 pour un style raffin\u00e9 et lumineux.","breadcrumb":{"@id":"https:\/\/enastyle.ma\/?product=bracelet-crystal-chain#breadcrumb"},"inLanguage":"fr-FR","potentialAction":[{"@type":"ReadAction","target":["https:\/\/enastyle.ma\/?product=bracelet-crystal-chain"]}]},{"@type":"ImageObject","inLanguage":"fr-FR","@id":"https:\/\/enastyle.ma\/?product=bracelet-crystal-chain#primaryimage","url":"https:\/\/enastyle.ma\/wp-content\/uploads\/2025\/05\/Bracelet-Crystal-Chain-P-2-scaled.jpg","contentUrl":"https:\/\/enastyle.ma\/wp-content\/uploads\/2025\/05\/Bracelet-Crystal-Chain-P-2-scaled.jpg","width":1920,"height":2560},{"@type":"BreadcrumbList","@id":"https:\/\/enastyle.ma\/?product=bracelet-crystal-chain#breadcrumb","itemListElement":[{"@type":"ListItem","position":1,"name":"Accueil","item":"https:\/\/enastyle.ma\/"},{"@type":"ListItem","position":2,"name":"Store","item":"https:\/\/enastyle.ma\/?page_id=785"},{"@type":"ListItem","position":3,"name":"Bracelet Crystal Chain"}]},{"@type":"WebSite","@id":"https:\/\/enastyle.ma\/#website","url":"https:\/\/enastyle.ma\/","name":"","description":"made for you\u00ae","potentialAction":[{"@type":"SearchAction","target":{"@type":"EntryPoint","urlTemplate":"https:\/\/enastyle.ma\/?s={search_term_string}"},"query-input":{"@type":"PropertyValueSpecification","valueRequired":true,"valueName":"search_term_string"}}],"inLanguage":"fr-FR"}]}},"jetpack_sharing_enabled":true,"_links":{"self":[{"href":"https:\/\/enastyle.ma\/index.php?rest_route=\/wp\/v2\/product\/1427","targetHints":{"allow":["GET"]}}],"collection":[{"href":"https:\/\/enastyle.ma\/index.php?rest_route=\/wp\/v2\/product"}],"about":[{"href":"https:\/\/enastyle.ma\/index.php?rest_route=\/wp\/v2\/types\/product"}],"replies":[{"embeddable":true,"href":"https:\/\/enastyle.ma\/index.php?rest_route=%2Fwp%2Fv2%2Fcomments&post=1427"}],"wp:featuredmedia":[{"embeddable":true,"href":"https:\/\/enastyle.ma\/index.php?rest_route=\/wp\/v2\/media\/1428"}],"wp:attachment":[{"href":"https:\/\/enastyle.ma\/index.php?rest_route=%2Fwp%2Fv2%2Fmedia&parent=1427"}],"wp:term":[{"taxonomy":"product_brand","embeddable":true,"href":"https:\/\/enastyle.ma\/index.php?rest_route=%2Fwp%2Fv2%2Fproduct_brand&post=1427"},{"taxonomy":"product_cat","embeddable":true,"href":"https:\/\/enastyle.ma\/index.php?rest_route=%2Fwp%2Fv2%2Fproduct_cat&post=1427"},{"taxonomy":"product_tag","embeddable":true,"href":"https:\/\/enastyle.ma\/index.php?rest_route=%2Fwp%2Fv2%2Fproduct_tag&post=1427"}],"curies":[{"name":"wp","href":"https:\/\/api.w.org\/{rel}","templated":true}]}}