{"id":4050,"date":"2025-10-12T14:57:51","date_gmt":"2025-10-12T14:57:51","guid":{"rendered":"https:\/\/elmasspirit.ma\/?post_type=product&#038;p=4050"},"modified":"2025-10-12T14:57:51","modified_gmt":"2025-10-12T14:57:51","slug":"ensemble-messyka","status":"publish","type":"product","link":"https:\/\/enastyle.ma\/?product=ensemble-messyka","title":{"rendered":"Ensemble M\u00e9ssyka"},"content":{"rendered":"<p data-start=\"408\" data-end=\"683\">Sublimez votre \u00e9l\u00e9gance avec l\u2019<strong data-start=\"439\" data-end=\"458\">Ensemble M\u00e9syka<\/strong>, une cr\u00e9ation dor\u00e9e qui allie finesse et modernit\u00e9.<br data-start=\"510\" data-end=\"513\" \/>Compos\u00e9 d\u2019un collier et d\u2019un gourmette orn\u00e9s d\u2019un motif minimaliste rehauss\u00e9 de cristaux scintillants, cet ensemble incarne la sophistication dans sa forme la plus pure.<\/p>\n<p data-start=\"685\" data-end=\"920\">Chaque d\u00e9tail refl\u00e8te l\u2019esprit ElmasSpirit \u2014 <strong data-start=\"730\" data-end=\"765\">l\u2019art de la simplicit\u00e9 luxueuse<\/strong>, pens\u00e9 pour illuminer vos tenues du quotidien comme vos soir\u00e9es.<br data-start=\"830\" data-end=\"833\" \/>Un bijou intemporel, fait pour celles qui aiment briller avec discr\u00e9tion et \u00e9l\u00e9gance.<\/p>\n<p data-start=\"922\" data-end=\"1082\"><strong data-start=\"922\" data-end=\"978\">\u2022 Acier inoxydable dor\u00e9 \u2013 r\u00e9sistant et \u00e9clat durable<\/strong><br data-start=\"978\" data-end=\"981\" \/><strong data-start=\"981\" data-end=\"1011\">\u2022 D\u00e9tails cristaux premium<\/strong><br data-start=\"1011\" data-end=\"1014\" \/><strong data-start=\"1014\" data-end=\"1045\">\u2022 Finition brillante miroir<\/strong><br data-start=\"1045\" data-end=\"1048\" \/><strong data-start=\"1048\" data-end=\"1080\">\u2022 Style : chic &amp; minimaliste<\/strong><\/p>\n","protected":false},"excerpt":{"rendered":"<p>Un duo dor\u00e9 au charme discret.<br data-start=\"511\" data-end=\"514\" \/>Collier et gourmette M\u00e9syka : brillance, \u00e9l\u00e9gance et simplicit\u00e9 raffin\u00e9e sign\u00e9es <strong data-start=\"595\" data-end=\"610\">ElmasSpirit<\/strong>.<\/p>\n","protected":false},"featured_media":4051,"comment_status":"open","ping_status":"closed","template":"","meta":{"site-sidebar-layout":"default","site-content-layout":"","ast-site-content-layout":"default","site-content-style":"default","site-sidebar-style":"default","ast-global-header-display":"","ast-banner-title-visibility":"","ast-main-header-display":"","ast-hfb-above-header-display":"","ast-hfb-below-header-display":"","ast-hfb-mobile-header-display":"","site-post-title":"","ast-breadcrumbs-content":"","ast-featured-img":"","footer-sml-layout":"","theme-transparent-header-meta":"default","adv-header-id-meta":"","stick-header-meta":"","header-above-stick-meta":"","header-main-stick-meta":"","header-below-stick-meta":"","astra-migrate-meta-layouts":"set","ast-page-background-enabled":"default","ast-page-background-meta":{"desktop":{"background-color":"var(--ast-global-color-5)","background-image":"","background-repeat":"repeat","background-position":"center center","background-size":"auto","background-attachment":"scroll","background-type":"","background-media":"","overlay-type":"","overlay-color":"","overlay-opacity":"","overlay-gradient":""},"tablet":{"background-color":"","background-image":"","background-repeat":"repeat","background-position":"center center","background-size":"auto","background-attachment":"scroll","background-type":"","background-media":"","overlay-type":"","overlay-color":"","overlay-opacity":"","overlay-gradient":""},"mobile":{"background-color":"","background-image":"","background-repeat":"repeat","background-position":"center center","background-size":"auto","background-attachment":"scroll","background-type":"","background-media":"","overlay-type":"","overlay-color":"","overlay-opacity":"","overlay-gradient":""}},"ast-content-background-meta":{"desktop":{"background-color":"var(--ast-global-color-4)","background-image":"","background-repeat":"repeat","background-position":"center center","background-size":"auto","background-attachment":"scroll","background-type":"","background-media":"","overlay-type":"","overlay-color":"","overlay-opacity":"","overlay-gradient":""},"tablet":{"background-color":"var(--ast-global-color-4)","background-image":"","background-repeat":"repeat","background-position":"center center","background-size":"auto","background-attachment":"scroll","background-type":"","background-media":"","overlay-type":"","overlay-color":"","overlay-opacity":"","overlay-gradient":""},"mobile":{"background-color":"var(--ast-global-color-4)","background-image":"","background-repeat":"repeat","background-position":"center center","background-size":"auto","background-attachment":"scroll","background-type":"","background-media":"","overlay-type":"","overlay-color":"","overlay-opacity":"","overlay-gradient":""}}},"product_brand":[],"product_cat":[26],"product_tag":[112,111,78,110,113],"class_list":{"0":"post-4050","1":"product","2":"type-product","3":"status-publish","4":"has-post-thumbnail","6":"product_cat-lelegance-asortie","7":"product_tag-cadeau-femme","8":"product_tag-collier-et-gourmette","9":"product_tag-elmasspirit","10":"product_tag-ensemble-dore","11":"product_tag-ensemble-mesyka","12":"desktop-align-center","13":"tablet-align-left","14":"mobile-align-center","16":"first","17":"instock","18":"sale","19":"shipping-taxable","20":"purchasable","21":"product-type-simple"},"yoast_head":"<!-- This site is optimized with the Yoast SEO plugin v27.4 - https:\/\/yoast.com\/product\/yoast-seo-wordpress\/ -->\n<title>Ensemble M\u00e9ssyka -<\/title>\n<meta name=\"description\" content=\"D\u00e9couvrez l\u2019Ensemble M\u00e9syka sign\u00e9 ElmasSpirit : collier et bracelet dor\u00e9s orn\u00e9s de cristaux, symbole d\u2019\u00e9l\u00e9gance moderne et d\u2019\u00e9clat intemporel\" \/>\n<meta name=\"robots\" content=\"noindex, follow, max-snippet:-1, max-image-preview:large, max-video-preview:-1\" \/>\n<meta property=\"og:locale\" content=\"fr_FR\" \/>\n<meta property=\"og:type\" content=\"article\" \/>\n<meta property=\"og:title\" content=\"Ensemble M\u00e9ssyka -\" \/>\n<meta property=\"og:description\" content=\"D\u00e9couvrez l\u2019Ensemble M\u00e9syka sign\u00e9 ElmasSpirit : collier et bracelet dor\u00e9s orn\u00e9s de cristaux, symbole d\u2019\u00e9l\u00e9gance moderne et d\u2019\u00e9clat intemporel\" \/>\n<meta property=\"og:url\" content=\"https:\/\/enastyle.ma\/?product=ensemble-messyka\" \/>\n<meta property=\"og:image\" content=\"https:\/\/enastyle.ma\/wp-content\/uploads\/2025\/10\/Ensemble-Mesyka1-scaled.jpg\" \/>\n\t<meta property=\"og:image:width\" content=\"1920\" \/>\n\t<meta property=\"og:image:height\" content=\"2560\" \/>\n\t<meta property=\"og:image:type\" content=\"image\/jpeg\" \/>\n<meta name=\"twitter:card\" content=\"summary_large_image\" \/>\n<meta name=\"twitter:label1\" content=\"Dur\u00e9e de lecture estim\u00e9e\" \/>\n\t<meta name=\"twitter:data1\" content=\"1 minute\" \/>\n<script type=\"application\/ld+json\" class=\"yoast-schema-graph\">{\"@context\":\"https:\\\/\\\/schema.org\",\"@graph\":[{\"@type\":\"WebPage\",\"@id\":\"https:\\\/\\\/enastyle.ma\\\/?product=ensemble-messyka\",\"url\":\"https:\\\/\\\/enastyle.ma\\\/?product=ensemble-messyka\",\"name\":\"Ensemble M\u00e9ssyka -\",\"isPartOf\":{\"@id\":\"https:\\\/\\\/enastyle.ma\\\/#website\"},\"primaryImageOfPage\":{\"@id\":\"https:\\\/\\\/enastyle.ma\\\/?product=ensemble-messyka#primaryimage\"},\"image\":{\"@id\":\"https:\\\/\\\/enastyle.ma\\\/?product=ensemble-messyka#primaryimage\"},\"thumbnailUrl\":\"https:\\\/\\\/enastyle.ma\\\/wp-content\\\/uploads\\\/2025\\\/10\\\/Ensemble-Mesyka1-scaled.jpg\",\"datePublished\":\"2025-10-12T14:57:51+00:00\",\"description\":\"D\u00e9couvrez l\u2019Ensemble M\u00e9syka sign\u00e9 ElmasSpirit : collier et bracelet dor\u00e9s orn\u00e9s de cristaux, symbole d\u2019\u00e9l\u00e9gance moderne et d\u2019\u00e9clat intemporel\",\"breadcrumb\":{\"@id\":\"https:\\\/\\\/enastyle.ma\\\/?product=ensemble-messyka#breadcrumb\"},\"inLanguage\":\"fr-FR\",\"potentialAction\":[{\"@type\":\"ReadAction\",\"target\":[\"https:\\\/\\\/enastyle.ma\\\/?product=ensemble-messyka\"]}]},{\"@type\":\"ImageObject\",\"inLanguage\":\"fr-FR\",\"@id\":\"https:\\\/\\\/enastyle.ma\\\/?product=ensemble-messyka#primaryimage\",\"url\":\"https:\\\/\\\/enastyle.ma\\\/wp-content\\\/uploads\\\/2025\\\/10\\\/Ensemble-Mesyka1-scaled.jpg\",\"contentUrl\":\"https:\\\/\\\/enastyle.ma\\\/wp-content\\\/uploads\\\/2025\\\/10\\\/Ensemble-Mesyka1-scaled.jpg\",\"width\":1920,\"height\":2560},{\"@type\":\"BreadcrumbList\",\"@id\":\"https:\\\/\\\/enastyle.ma\\\/?product=ensemble-messyka#breadcrumb\",\"itemListElement\":[{\"@type\":\"ListItem\",\"position\":1,\"name\":\"Accueil\",\"item\":\"https:\\\/\\\/enastyle.ma\\\/\"},{\"@type\":\"ListItem\",\"position\":2,\"name\":\"Store\",\"item\":\"https:\\\/\\\/enastyle.ma\\\/?page_id=785\"},{\"@type\":\"ListItem\",\"position\":3,\"name\":\"Ensemble M\u00e9ssyka\"}]},{\"@type\":\"WebSite\",\"@id\":\"https:\\\/\\\/enastyle.ma\\\/#website\",\"url\":\"https:\\\/\\\/enastyle.ma\\\/\",\"name\":\"\",\"description\":\"made for you\u00ae\",\"potentialAction\":[{\"@type\":\"SearchAction\",\"target\":{\"@type\":\"EntryPoint\",\"urlTemplate\":\"https:\\\/\\\/enastyle.ma\\\/?s={search_term_string}\"},\"query-input\":{\"@type\":\"PropertyValueSpecification\",\"valueRequired\":true,\"valueName\":\"search_term_string\"}}],\"inLanguage\":\"fr-FR\"}]}<\/script>\n<!-- \/ Yoast SEO plugin. -->","yoast_head_json":{"title":"Ensemble M\u00e9ssyka -","description":"D\u00e9couvrez l\u2019Ensemble M\u00e9syka sign\u00e9 ElmasSpirit : collier et bracelet dor\u00e9s orn\u00e9s de cristaux, symbole d\u2019\u00e9l\u00e9gance moderne et d\u2019\u00e9clat intemporel","robots":{"index":"noindex","follow":"follow","max-snippet":"max-snippet:-1","max-image-preview":"max-image-preview:large","max-video-preview":"max-video-preview:-1"},"og_locale":"fr_FR","og_type":"article","og_title":"Ensemble M\u00e9ssyka -","og_description":"D\u00e9couvrez l\u2019Ensemble M\u00e9syka sign\u00e9 ElmasSpirit : collier et bracelet dor\u00e9s orn\u00e9s de cristaux, symbole d\u2019\u00e9l\u00e9gance moderne et d\u2019\u00e9clat intemporel","og_url":"https:\/\/enastyle.ma\/?product=ensemble-messyka","og_image":[{"width":1920,"height":2560,"url":"https:\/\/enastyle.ma\/wp-content\/uploads\/2025\/10\/Ensemble-Mesyka1-scaled.jpg","type":"image\/jpeg"}],"twitter_card":"summary_large_image","twitter_misc":{"Dur\u00e9e de lecture estim\u00e9e":"1 minute"},"schema":{"@context":"https:\/\/schema.org","@graph":[{"@type":"WebPage","@id":"https:\/\/enastyle.ma\/?product=ensemble-messyka","url":"https:\/\/enastyle.ma\/?product=ensemble-messyka","name":"Ensemble M\u00e9ssyka -","isPartOf":{"@id":"https:\/\/enastyle.ma\/#website"},"primaryImageOfPage":{"@id":"https:\/\/enastyle.ma\/?product=ensemble-messyka#primaryimage"},"image":{"@id":"https:\/\/enastyle.ma\/?product=ensemble-messyka#primaryimage"},"thumbnailUrl":"https:\/\/enastyle.ma\/wp-content\/uploads\/2025\/10\/Ensemble-Mesyka1-scaled.jpg","datePublished":"2025-10-12T14:57:51+00:00","description":"D\u00e9couvrez l\u2019Ensemble M\u00e9syka sign\u00e9 ElmasSpirit : collier et bracelet dor\u00e9s orn\u00e9s de cristaux, symbole d\u2019\u00e9l\u00e9gance moderne et d\u2019\u00e9clat intemporel","breadcrumb":{"@id":"https:\/\/enastyle.ma\/?product=ensemble-messyka#breadcrumb"},"inLanguage":"fr-FR","potentialAction":[{"@type":"ReadAction","target":["https:\/\/enastyle.ma\/?product=ensemble-messyka"]}]},{"@type":"ImageObject","inLanguage":"fr-FR","@id":"https:\/\/enastyle.ma\/?product=ensemble-messyka#primaryimage","url":"https:\/\/enastyle.ma\/wp-content\/uploads\/2025\/10\/Ensemble-Mesyka1-scaled.jpg","contentUrl":"https:\/\/enastyle.ma\/wp-content\/uploads\/2025\/10\/Ensemble-Mesyka1-scaled.jpg","width":1920,"height":2560},{"@type":"BreadcrumbList","@id":"https:\/\/enastyle.ma\/?product=ensemble-messyka#breadcrumb","itemListElement":[{"@type":"ListItem","position":1,"name":"Accueil","item":"https:\/\/enastyle.ma\/"},{"@type":"ListItem","position":2,"name":"Store","item":"https:\/\/enastyle.ma\/?page_id=785"},{"@type":"ListItem","position":3,"name":"Ensemble M\u00e9ssyka"}]},{"@type":"WebSite","@id":"https:\/\/enastyle.ma\/#website","url":"https:\/\/enastyle.ma\/","name":"","description":"made for you\u00ae","potentialAction":[{"@type":"SearchAction","target":{"@type":"EntryPoint","urlTemplate":"https:\/\/enastyle.ma\/?s={search_term_string}"},"query-input":{"@type":"PropertyValueSpecification","valueRequired":true,"valueName":"search_term_string"}}],"inLanguage":"fr-FR"}]}},"jetpack_sharing_enabled":true,"_links":{"self":[{"href":"https:\/\/enastyle.ma\/index.php?rest_route=\/wp\/v2\/product\/4050","targetHints":{"allow":["GET"]}}],"collection":[{"href":"https:\/\/enastyle.ma\/index.php?rest_route=\/wp\/v2\/product"}],"about":[{"href":"https:\/\/enastyle.ma\/index.php?rest_route=\/wp\/v2\/types\/product"}],"replies":[{"embeddable":true,"href":"https:\/\/enastyle.ma\/index.php?rest_route=%2Fwp%2Fv2%2Fcomments&post=4050"}],"wp:featuredmedia":[{"embeddable":true,"href":"https:\/\/enastyle.ma\/index.php?rest_route=\/wp\/v2\/media\/4051"}],"wp:attachment":[{"href":"https:\/\/enastyle.ma\/index.php?rest_route=%2Fwp%2Fv2%2Fmedia&parent=4050"}],"wp:term":[{"taxonomy":"product_brand","embeddable":true,"href":"https:\/\/enastyle.ma\/index.php?rest_route=%2Fwp%2Fv2%2Fproduct_brand&post=4050"},{"taxonomy":"product_cat","embeddable":true,"href":"https:\/\/enastyle.ma\/index.php?rest_route=%2Fwp%2Fv2%2Fproduct_cat&post=4050"},{"taxonomy":"product_tag","embeddable":true,"href":"https:\/\/enastyle.ma\/index.php?rest_route=%2Fwp%2Fv2%2Fproduct_tag&post=4050"}],"curies":[{"name":"wp","href":"https:\/\/api.w.org\/{rel}","templated":true}]}}